{"id":46730,"date":"2023-03-14T17:26:05","date_gmt":"2023-03-14T16:26:05","guid":{"rendered":"https:\/\/arketipo.com\/prodotto\/roxy\/"},"modified":"2025-07-28T14:10:31","modified_gmt":"2025-07-28T12:10:31","slug":"roxy","status":"publish","type":"product","link":"https:\/\/arketipo.com\/de\/prodotto\/roxy\/","title":{"rendered":"Roxy"},"content":{"rendered":"<p>Roxy ist ein vielseitiger Sessel mit einer geschwungenen und junonischen Form.<\/p>\n<p>Der Bezug ist durch eine abgesteppte Fl\u00e4che gekennzeichnet.<\/p>\n<p>Der Sessel ist f\u00fcr jeden Raum geeignet.<\/p>\n<p>Die hoch abgesteppte R\u00fcckenlehne ist wie ein moderner Thron und die breite Sitzfl\u00e4che erlaubt verschiedene Positionen.<\/p>\n","protected":false},"excerpt":{"rendered":"<p>Roxy ist ein vielseitiger Sessel mit einer geschwungenen und junonischen Form. Der Bezug ist durch eine abgesteppte Fl\u00e4che gekennzeichnet. Der Sessel ist f\u00fcr jeden Raum geeignet. Die hoch abgesteppte R\u00fcckenlehne ist wie ein moderner Thron und die breite Sitzfl\u00e4che erlaubt verschiedene Positionen.<\/p>\n","protected":false},"featured_media":33656,"comment_status":"closed","ping_status":"closed","template":"","meta":[],"product_brand":[],"product_cat":[208,222],"product_tag":[],"class_list":{"0":"post-46730","1":"product","2":"type-product","3":"status-publish","4":"has-post-thumbnail","6":"product_cat-indoor-de","7":"product_cat-sessel","9":"first","10":"instock","11":"product-type-simple"},"_links":{"self":[{"href":"https:\/\/arketipo.com\/de\/wp-json\/wp\/v2\/product\/46730","targetHints":{"allow":["GET"]}}],"collection":[{"href":"https:\/\/arketipo.com\/de\/wp-json\/wp\/v2\/product"}],"about":[{"href":"https:\/\/arketipo.com\/de\/wp-json\/wp\/v2\/types\/product"}],"replies":[{"embeddable":true,"href":"https:\/\/arketipo.com\/de\/wp-json\/wp\/v2\/comments?post=46730"}],"wp:featuredmedia":[{"embeddable":true,"href":"https:\/\/arketipo.com\/de\/wp-json\/wp\/v2\/media\/33656"}],"wp:attachment":[{"href":"https:\/\/arketipo.com\/de\/wp-json\/wp\/v2\/media?parent=46730"}],"wp:term":[{"taxonomy":"product_brand","embeddable":true,"href":"https:\/\/arketipo.com\/de\/wp-json\/wp\/v2\/product_brand?post=46730"},{"taxonomy":"product_cat","embeddable":true,"href":"https:\/\/arketipo.com\/de\/wp-json\/wp\/v2\/product_cat?post=46730"},{"taxonomy":"product_tag","embeddable":true,"href":"https:\/\/arketipo.com\/de\/wp-json\/wp\/v2\/product_tag?post=46730"}],"curies":[{"name":"wp","href":"https:\/\/api.w.org\/{rel}","templated":true}]}}