{"id":46731,"date":"2023-03-14T17:26:05","date_gmt":"2023-03-14T16:26:05","guid":{"rendered":"https:\/\/arketipo.com\/prodotto\/overdrive\/"},"modified":"2025-07-28T14:10:32","modified_gmt":"2025-07-28T12:10:32","slug":"overdrive","status":"publish","type":"product","link":"https:\/\/arketipo.com\/de\/prodotto\/overdrive\/","title":{"rendered":"Overdrive"},"content":{"rendered":"<p>Vertr\u00e4umter Blickfang: Der OVERDRIVE Drehsessel verdreht mit seinem atemberaubenden Design K\u00f6pfe.<\/p>\n<p>Die dynamische diamanten\u00e4hnliche Form mit ihren lang gestreckten Proportionen lehnt sich &#8211; mit ironischem Augenzwinkern &#8211; an die Fantasy-Filmwelt an.<br \/>\nSo entstand ein hinrei\u00dfendes Must-have-Designobjekt mit ausdrucksstarkem Charakter, das harmonische Kombinationen, Materialien und Nuancen zu einem Lebensstil zwischen Traum und Provokation jenseits der Grenzen der modernen Welt erhebt.<\/p>\n","protected":false},"excerpt":{"rendered":"<p>Vertr\u00e4umter Blickfang: Der OVERDRIVE Drehsessel verdreht mit seinem atemberaubenden Design K\u00f6pfe. Die dynamische diamanten\u00e4hnliche Form mit ihren lang gestreckten Proportionen lehnt sich &#8211; mit ironischem Augenzwinkern &#8211; an die Fantasy-Filmwelt an. So entstand ein hinrei\u00dfendes Must-have-Designobjekt mit ausdrucksstarkem Charakter, das harmonische Kombinationen, Materialien und Nuancen zu einem Lebensstil zwischen Traum und Provokation jenseits der Grenzen [&hellip;]<\/p>\n","protected":false},"featured_media":33605,"comment_status":"closed","ping_status":"closed","template":"","meta":[],"product_brand":[],"product_cat":[208,222],"product_tag":[],"class_list":{"0":"post-46731","1":"product","2":"type-product","3":"status-publish","4":"has-post-thumbnail","6":"product_cat-indoor-de","7":"product_cat-sessel","9":"first","10":"instock","11":"product-type-simple"},"_links":{"self":[{"href":"https:\/\/arketipo.com\/de\/wp-json\/wp\/v2\/product\/46731","targetHints":{"allow":["GET"]}}],"collection":[{"href":"https:\/\/arketipo.com\/de\/wp-json\/wp\/v2\/product"}],"about":[{"href":"https:\/\/arketipo.com\/de\/wp-json\/wp\/v2\/types\/product"}],"replies":[{"embeddable":true,"href":"https:\/\/arketipo.com\/de\/wp-json\/wp\/v2\/comments?post=46731"}],"wp:featuredmedia":[{"embeddable":true,"href":"https:\/\/arketipo.com\/de\/wp-json\/wp\/v2\/media\/33605"}],"wp:attachment":[{"href":"https:\/\/arketipo.com\/de\/wp-json\/wp\/v2\/media?parent=46731"}],"wp:term":[{"taxonomy":"product_brand","embeddable":true,"href":"https:\/\/arketipo.com\/de\/wp-json\/wp\/v2\/product_brand?post=46731"},{"taxonomy":"product_cat","embeddable":true,"href":"https:\/\/arketipo.com\/de\/wp-json\/wp\/v2\/product_cat?post=46731"},{"taxonomy":"product_tag","embeddable":true,"href":"https:\/\/arketipo.com\/de\/wp-json\/wp\/v2\/product_tag?post=46731"}],"curies":[{"name":"wp","href":"https:\/\/api.w.org\/{rel}","templated":true}]}}