{"id":46735,"date":"2023-03-14T17:26:01","date_gmt":"2023-03-14T16:26:01","guid":{"rendered":"https:\/\/arketipo.com\/prodotto\/juno\/"},"modified":"2025-07-28T14:10:35","modified_gmt":"2025-07-28T12:10:35","slug":"juno","status":"publish","type":"product","link":"https:\/\/arketipo.com\/de\/prodotto\/juno\/","title":{"rendered":"Juno"},"content":{"rendered":"<p>Bei dem Sessel Juno leben die weiche Polsterung und die Strenge der scharfen Struktur nebeneinander zusammen.<\/p>\n<p>Die inneren und \u00e4u\u00dferen Teile sind zusammengefasst und gleichzeitig durch einen d\u00fcnnen Keder getrennt, der den ganzen Umfang durchl\u00e4uft.<\/p>\n<p>Die Schale liegt auf vier eleganten Metallf\u00fc\u00dfen, die dreidimensionale Strukture schaffen.<\/p>\n","protected":false},"excerpt":{"rendered":"<p>Bei dem Sessel Juno leben die weiche Polsterung und die Strenge der scharfen Struktur nebeneinander zusammen. Die inneren und \u00e4u\u00dferen Teile sind zusammengefasst und gleichzeitig durch einen d\u00fcnnen Keder getrennt, der den ganzen Umfang durchl\u00e4uft. Die Schale liegt auf vier eleganten Metallf\u00fc\u00dfen, die dreidimensionale Strukture schaffen.<\/p>\n","protected":false},"featured_media":33259,"comment_status":"closed","ping_status":"closed","template":"","meta":[],"product_brand":[],"product_cat":[208,222],"product_tag":[],"class_list":{"0":"post-46735","1":"product","2":"type-product","3":"status-publish","4":"has-post-thumbnail","6":"product_cat-indoor-de","7":"product_cat-sessel","9":"first","10":"instock","11":"product-type-simple"},"_links":{"self":[{"href":"https:\/\/arketipo.com\/de\/wp-json\/wp\/v2\/product\/46735","targetHints":{"allow":["GET"]}}],"collection":[{"href":"https:\/\/arketipo.com\/de\/wp-json\/wp\/v2\/product"}],"about":[{"href":"https:\/\/arketipo.com\/de\/wp-json\/wp\/v2\/types\/product"}],"replies":[{"embeddable":true,"href":"https:\/\/arketipo.com\/de\/wp-json\/wp\/v2\/comments?post=46735"}],"wp:featuredmedia":[{"embeddable":true,"href":"https:\/\/arketipo.com\/de\/wp-json\/wp\/v2\/media\/33259"}],"wp:attachment":[{"href":"https:\/\/arketipo.com\/de\/wp-json\/wp\/v2\/media?parent=46735"}],"wp:term":[{"taxonomy":"product_brand","embeddable":true,"href":"https:\/\/arketipo.com\/de\/wp-json\/wp\/v2\/product_brand?post=46735"},{"taxonomy":"product_cat","embeddable":true,"href":"https:\/\/arketipo.com\/de\/wp-json\/wp\/v2\/product_cat?post=46735"},{"taxonomy":"product_tag","embeddable":true,"href":"https:\/\/arketipo.com\/de\/wp-json\/wp\/v2\/product_tag?post=46735"}],"curies":[{"name":"wp","href":"https:\/\/api.w.org\/{rel}","templated":true}]}}