{"id":46737,"date":"2023-03-14T17:26:02","date_gmt":"2023-03-14T16:26:02","guid":{"rendered":"https:\/\/arketipo.com\/prodotto\/17784\/"},"modified":"2025-07-28T14:10:36","modified_gmt":"2025-07-28T12:10:36","slug":"lol","status":"publish","type":"product","link":"https:\/\/arketipo.com\/de\/prodotto\/lol\/","title":{"rendered":"Lol:)"},"content":{"rendered":"<p>LOL:) ist jung, frisch und informell wie die Chatsprache, bei der die Abk\u00fcrzungen das Gespr\u00e4ch verzerren.<\/p>\n<p>Die Forme erinnert an eine halb geschlossene Blume, deren gem\u00fctliche, weiche und umh\u00fcllende Blumenbl\u00e4tter durch breite Rei\u00dfverschl\u00fcsse zusammengen\u00e4ht sind: ein starkes Unterscheidungsmerkmal.<\/p>\n<p>Lebhaft und lustig mit starken Farben oder gewagten Kontrasten; cool und trendy mit eleganten und &#8222;ton sur ton&#8220; Stoffen.<\/p>\n","protected":false},"excerpt":{"rendered":"<p>LOL:) ist jung, frisch und informell wie die Chatsprache, bei der die Abk\u00fcrzungen das Gespr\u00e4ch verzerren. Die Forme erinnert an eine halb geschlossene Blume, deren gem\u00fctliche, weiche und umh\u00fcllende Blumenbl\u00e4tter durch breite Rei\u00dfverschl\u00fcsse zusammengen\u00e4ht sind: ein starkes Unterscheidungsmerkmal. Lebhaft und lustig mit starken Farben oder gewagten Kontrasten; cool und trendy mit eleganten und &#8222;ton sur [&hellip;]<\/p>\n","protected":false},"featured_media":33447,"comment_status":"closed","ping_status":"closed","template":"","meta":[],"product_brand":[],"product_cat":[208,222],"product_tag":[],"class_list":{"0":"post-46737","1":"product","2":"type-product","3":"status-publish","4":"has-post-thumbnail","6":"product_cat-indoor-de","7":"product_cat-sessel","9":"first","10":"instock","11":"product-type-simple"},"_links":{"self":[{"href":"https:\/\/arketipo.com\/de\/wp-json\/wp\/v2\/product\/46737","targetHints":{"allow":["GET"]}}],"collection":[{"href":"https:\/\/arketipo.com\/de\/wp-json\/wp\/v2\/product"}],"about":[{"href":"https:\/\/arketipo.com\/de\/wp-json\/wp\/v2\/types\/product"}],"replies":[{"embeddable":true,"href":"https:\/\/arketipo.com\/de\/wp-json\/wp\/v2\/comments?post=46737"}],"wp:featuredmedia":[{"embeddable":true,"href":"https:\/\/arketipo.com\/de\/wp-json\/wp\/v2\/media\/33447"}],"wp:attachment":[{"href":"https:\/\/arketipo.com\/de\/wp-json\/wp\/v2\/media?parent=46737"}],"wp:term":[{"taxonomy":"product_brand","embeddable":true,"href":"https:\/\/arketipo.com\/de\/wp-json\/wp\/v2\/product_brand?post=46737"},{"taxonomy":"product_cat","embeddable":true,"href":"https:\/\/arketipo.com\/de\/wp-json\/wp\/v2\/product_cat?post=46737"},{"taxonomy":"product_tag","embeddable":true,"href":"https:\/\/arketipo.com\/de\/wp-json\/wp\/v2\/product_tag?post=46737"}],"curies":[{"name":"wp","href":"https:\/\/api.w.org\/{rel}","templated":true}]}}