{"id":46739,"date":"2023-03-14T17:25:52","date_gmt":"2023-03-14T16:25:52","guid":{"rendered":"https:\/\/arketipo.com\/prodotto\/manta\/"},"modified":"2025-07-28T14:10:38","modified_gmt":"2025-07-28T12:10:38","slug":"manta","status":"publish","type":"product","link":"https:\/\/arketipo.com\/de\/prodotto\/manta\/","title":{"rendered":"Manta"},"content":{"rendered":"<p>Manche Designobjekte sind dazu bestimmt, uns zu \u00fcberraschen: Manta ist eines davon. Eine Chaiselongue mit Charakter, die provoziert und sich dann wieder in ihre Vielseitigkeit zur\u00fcckzieht. Sie erlaubt unterschiedliche Sitzpositionen und damit stets echte Entspannung.<\/p>\n<p>Die R\u00fcckenlehne und die \u00fcppigen Linien sorgen f\u00fcr Eleganz und informellen Komfort zugleich.<\/p>\n","protected":false},"excerpt":{"rendered":"<p>Manche Designobjekte sind dazu bestimmt, uns zu \u00fcberraschen: Manta ist eines davon. Eine Chaiselongue mit Charakter, die provoziert und sich dann wieder in ihre Vielseitigkeit zur\u00fcckzieht. Sie erlaubt unterschiedliche Sitzpositionen und damit stets echte Entspannung. Die R\u00fcckenlehne und die \u00fcppigen Linien sorgen f\u00fcr Eleganz und informellen Komfort zugleich.<\/p>\n","protected":false},"featured_media":31898,"comment_status":"closed","ping_status":"closed","template":"","meta":[],"product_brand":[],"product_cat":[208,222],"product_tag":[],"class_list":{"0":"post-46739","1":"product","2":"type-product","3":"status-publish","4":"has-post-thumbnail","6":"product_cat-indoor-de","7":"product_cat-sessel","9":"first","10":"instock","11":"product-type-simple"},"_links":{"self":[{"href":"https:\/\/arketipo.com\/de\/wp-json\/wp\/v2\/product\/46739","targetHints":{"allow":["GET"]}}],"collection":[{"href":"https:\/\/arketipo.com\/de\/wp-json\/wp\/v2\/product"}],"about":[{"href":"https:\/\/arketipo.com\/de\/wp-json\/wp\/v2\/types\/product"}],"replies":[{"embeddable":true,"href":"https:\/\/arketipo.com\/de\/wp-json\/wp\/v2\/comments?post=46739"}],"wp:featuredmedia":[{"embeddable":true,"href":"https:\/\/arketipo.com\/de\/wp-json\/wp\/v2\/media\/31898"}],"wp:attachment":[{"href":"https:\/\/arketipo.com\/de\/wp-json\/wp\/v2\/media?parent=46739"}],"wp:term":[{"taxonomy":"product_brand","embeddable":true,"href":"https:\/\/arketipo.com\/de\/wp-json\/wp\/v2\/product_brand?post=46739"},{"taxonomy":"product_cat","embeddable":true,"href":"https:\/\/arketipo.com\/de\/wp-json\/wp\/v2\/product_cat?post=46739"},{"taxonomy":"product_tag","embeddable":true,"href":"https:\/\/arketipo.com\/de\/wp-json\/wp\/v2\/product_tag?post=46739"}],"curies":[{"name":"wp","href":"https:\/\/api.w.org\/{rel}","templated":true}]}}