{"id":46740,"date":"2023-04-28T13:33:21","date_gmt":"2023-04-28T11:33:21","guid":{"rendered":"https:\/\/arketipo.com\/prodotto\/thats-life\/"},"modified":"2025-07-28T14:10:39","modified_gmt":"2025-07-28T12:10:39","slug":"thats-life","status":"publish","type":"product","link":"https:\/\/arketipo.com\/de\/prodotto\/thats-life\/","title":{"rendered":"That&#8217;s Life"},"content":{"rendered":"<p>Wir glauben, dass Design seit jeher das kanalisiert und widerspiegelt, was um uns herum vor sich geht.<\/p>\n<p>Bei That\u2018s Life denken wir, dass wir die neueste Geschichte eingefangen und uns gleichzeitig vor einem Stil der Vergangenheit verneigt haben. Mit den hohen Kissen, den eckigen Armlehnen und der niedrigen Sitzposition strahlt dieses Sofa die typische Atmosph\u00e4re einer New Yorker Jazz Lounge sowie modernistische Design-Interpretationen aus. Auf den Armlehnen haben wir einen Platz f\u00fcr einen Tisch aus Marmor oder Holz hinzugef\u00fcgt. Mit einer dreieckigen Geometrie wollten wir einem weichen M\u00f6belst\u00fcck eine funktionale Form geben.<\/p>\n<p>Beschrieben als \u201eultimative Ode an das Durchhalteverm\u00f6gen\u201c, gibt es wohl keine bessere Art, etwas zu schaffen, welches das Wesen eines Songs und einer Globalit\u00e4t einf\u00e4ngt, wie die Worte von \u201eOl\u2018 Blue Eyes\u201c.<\/p>\n<p>Wie es im Song hei\u00dft, \u201eich stehe wieder auf und laufe das Rennen weiter\u201c: Mit diesem Sofa wollen wir uns allen zeigen, dass wir es schaffen k\u00f6nnen.<\/p>\n","protected":false},"excerpt":{"rendered":"<p>Wir glauben, dass Design seit jeher das kanalisiert und widerspiegelt, was um uns herum vor sich geht. Bei That\u2018s Life denken wir, dass wir die neueste Geschichte eingefangen und uns gleichzeitig vor einem Stil der Vergangenheit verneigt haben. Mit den hohen Kissen, den eckigen Armlehnen und der niedrigen Sitzposition strahlt dieses Sofa die typische Atmosph\u00e4re [&hellip;]<\/p>\n","protected":false},"featured_media":37474,"comment_status":"closed","ping_status":"closed","template":"","meta":[],"product_brand":[],"product_cat":[208,204],"product_tag":[],"class_list":{"0":"post-46740","1":"product","2":"type-product","3":"status-publish","4":"has-post-thumbnail","6":"product_cat-indoor-de","7":"product_cat-sofas-de","9":"first","10":"instock","11":"product-type-simple"},"_links":{"self":[{"href":"https:\/\/arketipo.com\/de\/wp-json\/wp\/v2\/product\/46740","targetHints":{"allow":["GET"]}}],"collection":[{"href":"https:\/\/arketipo.com\/de\/wp-json\/wp\/v2\/product"}],"about":[{"href":"https:\/\/arketipo.com\/de\/wp-json\/wp\/v2\/types\/product"}],"replies":[{"embeddable":true,"href":"https:\/\/arketipo.com\/de\/wp-json\/wp\/v2\/comments?post=46740"}],"wp:featuredmedia":[{"embeddable":true,"href":"https:\/\/arketipo.com\/de\/wp-json\/wp\/v2\/media\/37474"}],"wp:attachment":[{"href":"https:\/\/arketipo.com\/de\/wp-json\/wp\/v2\/media?parent=46740"}],"wp:term":[{"taxonomy":"product_brand","embeddable":true,"href":"https:\/\/arketipo.com\/de\/wp-json\/wp\/v2\/product_brand?post=46740"},{"taxonomy":"product_cat","embeddable":true,"href":"https:\/\/arketipo.com\/de\/wp-json\/wp\/v2\/product_cat?post=46740"},{"taxonomy":"product_tag","embeddable":true,"href":"https:\/\/arketipo.com\/de\/wp-json\/wp\/v2\/product_tag?post=46740"}],"curies":[{"name":"wp","href":"https:\/\/api.w.org\/{rel}","templated":true}]}}