{"id":46742,"date":"2023-03-14T17:25:53","date_gmt":"2023-03-14T16:25:53","guid":{"rendered":"https:\/\/arketipo.com\/prodotto\/windsor-6\/"},"modified":"2025-07-28T14:10:41","modified_gmt":"2025-07-28T12:10:41","slug":"windsor","status":"publish","type":"product","link":"https:\/\/arketipo.com\/de\/prodotto\/windsor\/","title":{"rendered":"Windsor"},"content":{"rendered":"<p>Windsor f\u00fcgt sich harmonisch in jedes Ambiente ein: mit der unverkennbar klassischen Inspiration erweist es sich auch im modernen Kontext als kunstvoll gestaltetes Einzelst\u00fcck.<\/p>\n<p>Die ausschlie\u00dflich manuell hergestellte Capitonn\u00e9-Verarbeitung mit Rhombenmuster und die in der weichen Polsterung versenkten Kn\u00f6pfe unterstreichen den zeitgem\u00e4\u00dfen Charakter des Modells.<\/p>\n<p>Windsor ist ab sofort auch in einer \u00dcberbreite von 314 cm erh\u00e4ltlich; der Bezug aus Samt verleiht ihm seine opulente, changierende Eleganz.<\/p>\n","protected":false},"excerpt":{"rendered":"<p>Windsor f\u00fcgt sich harmonisch in jedes Ambiente ein: mit der unverkennbar klassischen Inspiration erweist es sich auch im modernen Kontext als kunstvoll gestaltetes Einzelst\u00fcck. Die ausschlie\u00dflich manuell hergestellte Capitonn\u00e9-Verarbeitung mit Rhombenmuster und die in der weichen Polsterung versenkten Kn\u00f6pfe unterstreichen den zeitgem\u00e4\u00dfen Charakter des Modells. Windsor ist ab sofort auch in einer \u00dcberbreite von 314 [&hellip;]<\/p>\n","protected":false},"featured_media":32070,"comment_status":"closed","ping_status":"closed","template":"","meta":[],"product_brand":[],"product_cat":[208,204],"product_tag":[],"class_list":{"0":"post-46742","1":"product","2":"type-product","3":"status-publish","4":"has-post-thumbnail","6":"product_cat-indoor-de","7":"product_cat-sofas-de","9":"first","10":"instock","11":"product-type-simple"},"_links":{"self":[{"href":"https:\/\/arketipo.com\/de\/wp-json\/wp\/v2\/product\/46742","targetHints":{"allow":["GET"]}}],"collection":[{"href":"https:\/\/arketipo.com\/de\/wp-json\/wp\/v2\/product"}],"about":[{"href":"https:\/\/arketipo.com\/de\/wp-json\/wp\/v2\/types\/product"}],"replies":[{"embeddable":true,"href":"https:\/\/arketipo.com\/de\/wp-json\/wp\/v2\/comments?post=46742"}],"wp:featuredmedia":[{"embeddable":true,"href":"https:\/\/arketipo.com\/de\/wp-json\/wp\/v2\/media\/32070"}],"wp:attachment":[{"href":"https:\/\/arketipo.com\/de\/wp-json\/wp\/v2\/media?parent=46742"}],"wp:term":[{"taxonomy":"product_brand","embeddable":true,"href":"https:\/\/arketipo.com\/de\/wp-json\/wp\/v2\/product_brand?post=46742"},{"taxonomy":"product_cat","embeddable":true,"href":"https:\/\/arketipo.com\/de\/wp-json\/wp\/v2\/product_cat?post=46742"},{"taxonomy":"product_tag","embeddable":true,"href":"https:\/\/arketipo.com\/de\/wp-json\/wp\/v2\/product_tag?post=46742"}],"curies":[{"name":"wp","href":"https:\/\/api.w.org\/{rel}","templated":true}]}}