{"id":46746,"date":"2023-03-14T17:25:47","date_gmt":"2023-03-14T16:25:47","guid":{"rendered":"https:\/\/arketipo.com\/prodotto\/glory-6\/"},"modified":"2025-07-28T14:10:44","modified_gmt":"2025-07-28T12:10:44","slug":"glory","status":"publish","type":"product","link":"https:\/\/arketipo.com\/de\/prodotto\/glory\/","title":{"rendered":"Glory"},"content":{"rendered":"<p>Als Erg\u00e4nzung der Einrichtung der Wohnr\u00e4ume minimal, aber auch f\u00fcr einen klassischeren Wohnraum wurde von Manzoni und Tapinassi die Anrichte Glory, in den Farben Mokka oder Sucupira, mit dem Glimmer \u00e4hnelnden Farbe oder galvanisiertem Titan lackierten Teilen aus Metall, die einen Eindruck von gro\u00dfer Reinheit vermitteln. T\u00fcren und Schubk\u00e4sten sind mit pflanzlich gegerbtem Leder \u00fcberzogen.<\/p>\n","protected":false},"excerpt":{"rendered":"<p>Als Erg\u00e4nzung der Einrichtung der Wohnr\u00e4ume minimal, aber auch f\u00fcr einen klassischeren Wohnraum wurde von Manzoni und Tapinassi die Anrichte Glory, in den Farben Mokka oder Sucupira, mit dem Glimmer \u00e4hnelnden Farbe oder galvanisiertem Titan lackierten Teilen aus Metall, die einen Eindruck von gro\u00dfer Reinheit vermitteln. T\u00fcren und Schubk\u00e4sten sind mit pflanzlich gegerbtem Leder \u00fcberzogen.<\/p>\n","protected":false},"featured_media":30929,"comment_status":"closed","ping_status":"closed","template":"","meta":[],"product_brand":[],"product_cat":[202,208],"product_tag":[],"class_list":{"0":"post-46746","1":"product","2":"type-product","3":"status-publish","4":"has-post-thumbnail","6":"product_cat-erganzungen","7":"product_cat-indoor-de","9":"first","10":"instock","11":"product-type-simple"},"_links":{"self":[{"href":"https:\/\/arketipo.com\/de\/wp-json\/wp\/v2\/product\/46746","targetHints":{"allow":["GET"]}}],"collection":[{"href":"https:\/\/arketipo.com\/de\/wp-json\/wp\/v2\/product"}],"about":[{"href":"https:\/\/arketipo.com\/de\/wp-json\/wp\/v2\/types\/product"}],"replies":[{"embeddable":true,"href":"https:\/\/arketipo.com\/de\/wp-json\/wp\/v2\/comments?post=46746"}],"wp:featuredmedia":[{"embeddable":true,"href":"https:\/\/arketipo.com\/de\/wp-json\/wp\/v2\/media\/30929"}],"wp:attachment":[{"href":"https:\/\/arketipo.com\/de\/wp-json\/wp\/v2\/media?parent=46746"}],"wp:term":[{"taxonomy":"product_brand","embeddable":true,"href":"https:\/\/arketipo.com\/de\/wp-json\/wp\/v2\/product_brand?post=46746"},{"taxonomy":"product_cat","embeddable":true,"href":"https:\/\/arketipo.com\/de\/wp-json\/wp\/v2\/product_cat?post=46746"},{"taxonomy":"product_tag","embeddable":true,"href":"https:\/\/arketipo.com\/de\/wp-json\/wp\/v2\/product_tag?post=46746"}],"curies":[{"name":"wp","href":"https:\/\/api.w.org\/{rel}","templated":true}]}}