{"id":46748,"date":"2023-03-14T17:26:24","date_gmt":"2023-03-14T16:26:24","guid":{"rendered":"https:\/\/arketipo.com\/prodotto\/chimera\/"},"modified":"2025-07-28T14:10:45","modified_gmt":"2025-07-28T12:10:45","slug":"chimera","status":"publish","type":"product","link":"https:\/\/arketipo.com\/de\/prodotto\/chimera\/","title":{"rendered":"Chimera"},"content":{"rendered":"<p>Chimera: alles andere als Illusion.<\/p>\n<p>Mit dem Chimera haben wir ein Design verk\u00f6rperndes Etwas kreiert, eine Vision, durch einen das Papier niemals verlassenden Stift \u00fcbertragen. Das ist der Chimera, genau wie sein Namensgeber, die Chim\u00e4re, das Mischwesen aus der griechischen Mythologie, eine Vision verschiedener Formen.<\/p>\n<p>Der Tisch aus gebogenem und geh\u00e4mmertem Rauchglas besticht durch die geschwungene Tischplattenform, die sich an drei strategischen Punkten kr\u00fcmmt und sich so wie eine Wiege in das tragende Gestell einpasst. Die Spezialverarbeitung des Glases kreiert Lichtspiele und die Illusion windgekr\u00e4uselter Wellen.<\/p>\n<p>Erh\u00e4ltlich in drei verschieden H\u00f6hen f\u00fcr mehrere choreographische Kompositionen.<\/p>\n","protected":false},"excerpt":{"rendered":"<p>Chimera: alles andere als Illusion. Mit dem Chimera haben wir ein Design verk\u00f6rperndes Etwas kreiert, eine Vision, durch einen das Papier niemals verlassenden Stift \u00fcbertragen. Das ist der Chimera, genau wie sein Namensgeber, die Chim\u00e4re, das Mischwesen aus der griechischen Mythologie, eine Vision verschiedener Formen. Der Tisch aus gebogenem und geh\u00e4mmertem Rauchglas besticht durch die [&hellip;]<\/p>\n","protected":false},"featured_media":36627,"comment_status":"closed","ping_status":"closed","template":"","meta":[],"product_brand":[],"product_cat":[231,208],"product_tag":[],"class_list":{"0":"post-46748","1":"product","2":"type-product","3":"status-publish","4":"has-post-thumbnail","6":"product_cat-couchtische","7":"product_cat-indoor-de","9":"first","10":"instock","11":"product-type-simple"},"_links":{"self":[{"href":"https:\/\/arketipo.com\/de\/wp-json\/wp\/v2\/product\/46748","targetHints":{"allow":["GET"]}}],"collection":[{"href":"https:\/\/arketipo.com\/de\/wp-json\/wp\/v2\/product"}],"about":[{"href":"https:\/\/arketipo.com\/de\/wp-json\/wp\/v2\/types\/product"}],"replies":[{"embeddable":true,"href":"https:\/\/arketipo.com\/de\/wp-json\/wp\/v2\/comments?post=46748"}],"wp:featuredmedia":[{"embeddable":true,"href":"https:\/\/arketipo.com\/de\/wp-json\/wp\/v2\/media\/36627"}],"wp:attachment":[{"href":"https:\/\/arketipo.com\/de\/wp-json\/wp\/v2\/media?parent=46748"}],"wp:term":[{"taxonomy":"product_brand","embeddable":true,"href":"https:\/\/arketipo.com\/de\/wp-json\/wp\/v2\/product_brand?post=46748"},{"taxonomy":"product_cat","embeddable":true,"href":"https:\/\/arketipo.com\/de\/wp-json\/wp\/v2\/product_cat?post=46748"},{"taxonomy":"product_tag","embeddable":true,"href":"https:\/\/arketipo.com\/de\/wp-json\/wp\/v2\/product_tag?post=46748"}],"curies":[{"name":"wp","href":"https:\/\/api.w.org\/{rel}","templated":true}]}}