{"id":46750,"date":"2023-03-14T17:26:13","date_gmt":"2023-03-14T16:26:13","guid":{"rendered":"https:\/\/arketipo.com\/prodotto\/final-cut\/"},"modified":"2025-07-28T14:10:51","modified_gmt":"2025-07-28T12:10:51","slug":"final-cut","status":"publish","type":"product","link":"https:\/\/arketipo.com\/de\/prodotto\/final-cut\/","title":{"rendered":"Final Cut"},"content":{"rendered":"<p>FINAL CUT ist ein edler Beistelltisch mit raffinierter Geometrie.<\/p>\n<p>Verschiedene Texturschichten flie\u00dfen zu einer eleganten Formgebung ineinander, die Glas, Marmor und Metall mehrdimensional vereint.<\/p>\n<p>Die obere Tischfl\u00e4che ist rotierbar und erlaubt somit vielseitige Einsatzm\u00f6glichkeiten, die einem dynamischen und aktiven Lebensstil gerecht werden.<\/p>\n","protected":false},"excerpt":{"rendered":"<p>FINAL CUT ist ein edler Beistelltisch mit raffinierter Geometrie. Verschiedene Texturschichten flie\u00dfen zu einer eleganten Formgebung ineinander, die Glas, Marmor und Metall mehrdimensional vereint. Die obere Tischfl\u00e4che ist rotierbar und erlaubt somit vielseitige Einsatzm\u00f6glichkeiten, die einem dynamischen und aktiven Lebensstil gerecht werden.<\/p>\n","protected":false},"featured_media":34562,"comment_status":"closed","ping_status":"closed","template":"","meta":[],"product_brand":[],"product_cat":[231,208],"product_tag":[],"class_list":{"0":"post-46750","1":"product","2":"type-product","3":"status-publish","4":"has-post-thumbnail","6":"product_cat-couchtische","7":"product_cat-indoor-de","9":"first","10":"instock","11":"product-type-simple"},"_links":{"self":[{"href":"https:\/\/arketipo.com\/de\/wp-json\/wp\/v2\/product\/46750","targetHints":{"allow":["GET"]}}],"collection":[{"href":"https:\/\/arketipo.com\/de\/wp-json\/wp\/v2\/product"}],"about":[{"href":"https:\/\/arketipo.com\/de\/wp-json\/wp\/v2\/types\/product"}],"replies":[{"embeddable":true,"href":"https:\/\/arketipo.com\/de\/wp-json\/wp\/v2\/comments?post=46750"}],"wp:featuredmedia":[{"embeddable":true,"href":"https:\/\/arketipo.com\/de\/wp-json\/wp\/v2\/media\/34562"}],"wp:attachment":[{"href":"https:\/\/arketipo.com\/de\/wp-json\/wp\/v2\/media?parent=46750"}],"wp:term":[{"taxonomy":"product_brand","embeddable":true,"href":"https:\/\/arketipo.com\/de\/wp-json\/wp\/v2\/product_brand?post=46750"},{"taxonomy":"product_cat","embeddable":true,"href":"https:\/\/arketipo.com\/de\/wp-json\/wp\/v2\/product_cat?post=46750"},{"taxonomy":"product_tag","embeddable":true,"href":"https:\/\/arketipo.com\/de\/wp-json\/wp\/v2\/product_tag?post=46750"}],"curies":[{"name":"wp","href":"https:\/\/api.w.org\/{rel}","templated":true}]}}