{"id":46752,"date":"2023-03-14T17:26:13","date_gmt":"2023-03-14T16:26:13","guid":{"rendered":"https:\/\/arketipo.com\/prodotto\/lith\/"},"modified":"2025-07-28T14:10:53","modified_gmt":"2025-07-28T12:10:53","slug":"lith","status":"publish","type":"product","link":"https:\/\/arketipo.com\/de\/prodotto\/lith\/","title":{"rendered":"Lith"},"content":{"rendered":"<p>Die legend\u00e4re LITH-Kollektion wird um drei neue Beistelltisch-Designs in verschiedener Form- und H\u00f6henausf\u00fchrung sowie einen eleganten Konsoltisch erweitert.<\/p>\n<p>Geometrische Formen mit runden Kanten verleihen den Tischfl\u00e4chen Ausdruck und verschmelzen mit den skulpturell gestalteten Metallbeinen zu einem kosmopolitischen Designdialog.<\/p>\n","protected":false},"excerpt":{"rendered":"<p>Die legend\u00e4re LITH-Kollektion wird um drei neue Beistelltisch-Designs in verschiedener Form- und H\u00f6henausf\u00fchrung sowie einen eleganten Konsoltisch erweitert. Geometrische Formen mit runden Kanten verleihen den Tischfl\u00e4chen Ausdruck und verschmelzen mit den skulpturell gestalteten Metallbeinen zu einem kosmopolitischen Designdialog.<\/p>\n","protected":false},"featured_media":34628,"comment_status":"closed","ping_status":"closed","template":"","meta":[],"product_brand":[],"product_cat":[231,208,226],"product_tag":[],"class_list":{"0":"post-46752","1":"product","2":"type-product","3":"status-publish","4":"has-post-thumbnail","6":"product_cat-couchtische","7":"product_cat-indoor-de","8":"product_cat-ohne-kategorie","10":"first","11":"instock","12":"product-type-simple"},"_links":{"self":[{"href":"https:\/\/arketipo.com\/de\/wp-json\/wp\/v2\/product\/46752","targetHints":{"allow":["GET"]}}],"collection":[{"href":"https:\/\/arketipo.com\/de\/wp-json\/wp\/v2\/product"}],"about":[{"href":"https:\/\/arketipo.com\/de\/wp-json\/wp\/v2\/types\/product"}],"replies":[{"embeddable":true,"href":"https:\/\/arketipo.com\/de\/wp-json\/wp\/v2\/comments?post=46752"}],"wp:featuredmedia":[{"embeddable":true,"href":"https:\/\/arketipo.com\/de\/wp-json\/wp\/v2\/media\/34628"}],"wp:attachment":[{"href":"https:\/\/arketipo.com\/de\/wp-json\/wp\/v2\/media?parent=46752"}],"wp:term":[{"taxonomy":"product_brand","embeddable":true,"href":"https:\/\/arketipo.com\/de\/wp-json\/wp\/v2\/product_brand?post=46752"},{"taxonomy":"product_cat","embeddable":true,"href":"https:\/\/arketipo.com\/de\/wp-json\/wp\/v2\/product_cat?post=46752"},{"taxonomy":"product_tag","embeddable":true,"href":"https:\/\/arketipo.com\/de\/wp-json\/wp\/v2\/product_tag?post=46752"}],"curies":[{"name":"wp","href":"https:\/\/api.w.org\/{rel}","templated":true}]}}