{"id":46754,"date":"2023-03-14T17:26:14","date_gmt":"2023-03-14T16:26:14","guid":{"rendered":"https:\/\/arketipo.com\/prodotto\/moon-invaders\/"},"modified":"2025-07-28T14:10:54","modified_gmt":"2025-07-28T12:10:54","slug":"moon-invaders","status":"publish","type":"product","link":"https:\/\/arketipo.com\/de\/prodotto\/moon-invaders\/","title":{"rendered":"Moon Invaders"},"content":{"rendered":"<p>Ein exklusiver Materialmix sorgt f\u00fcr eine originelle Erscheinung der neuen MOON INVADERS Beistelltisch-Serie, die in runder und rechteckiger Ausf\u00fchrung erh\u00e4ltlich ist.<\/p>\n<p>Der Marmor ist das Herz des Designs, das von Seitenprofilen mit einem Bezug aus feinem, pflanzlich gegerbten Leder umspielt wird und auf schlanken Metallbeinen steht.<\/p>\n","protected":false},"excerpt":{"rendered":"<p>Ein exklusiver Materialmix sorgt f\u00fcr eine originelle Erscheinung der neuen MOON INVADERS Beistelltisch-Serie, die in runder und rechteckiger Ausf\u00fchrung erh\u00e4ltlich ist. Der Marmor ist das Herz des Designs, das von Seitenprofilen mit einem Bezug aus feinem, pflanzlich gegerbten Leder umspielt wird und auf schlanken Metallbeinen steht.<\/p>\n","protected":false},"featured_media":34750,"comment_status":"closed","ping_status":"closed","template":"","meta":[],"product_brand":[],"product_cat":[231,208,226],"product_tag":[],"class_list":{"0":"post-46754","1":"product","2":"type-product","3":"status-publish","4":"has-post-thumbnail","6":"product_cat-couchtische","7":"product_cat-indoor-de","8":"product_cat-ohne-kategorie","10":"first","11":"instock","12":"product-type-simple"},"_links":{"self":[{"href":"https:\/\/arketipo.com\/de\/wp-json\/wp\/v2\/product\/46754","targetHints":{"allow":["GET"]}}],"collection":[{"href":"https:\/\/arketipo.com\/de\/wp-json\/wp\/v2\/product"}],"about":[{"href":"https:\/\/arketipo.com\/de\/wp-json\/wp\/v2\/types\/product"}],"replies":[{"embeddable":true,"href":"https:\/\/arketipo.com\/de\/wp-json\/wp\/v2\/comments?post=46754"}],"wp:featuredmedia":[{"embeddable":true,"href":"https:\/\/arketipo.com\/de\/wp-json\/wp\/v2\/media\/34750"}],"wp:attachment":[{"href":"https:\/\/arketipo.com\/de\/wp-json\/wp\/v2\/media?parent=46754"}],"wp:term":[{"taxonomy":"product_brand","embeddable":true,"href":"https:\/\/arketipo.com\/de\/wp-json\/wp\/v2\/product_brand?post=46754"},{"taxonomy":"product_cat","embeddable":true,"href":"https:\/\/arketipo.com\/de\/wp-json\/wp\/v2\/product_cat?post=46754"},{"taxonomy":"product_tag","embeddable":true,"href":"https:\/\/arketipo.com\/de\/wp-json\/wp\/v2\/product_tag?post=46754"}],"curies":[{"name":"wp","href":"https:\/\/api.w.org\/{rel}","templated":true}]}}