{"id":46755,"date":"2023-03-14T17:26:14","date_gmt":"2023-03-14T16:26:14","guid":{"rendered":"https:\/\/arketipo.com\/prodotto\/noth\/"},"modified":"2025-07-28T14:10:55","modified_gmt":"2025-07-28T12:10:55","slug":"noth","status":"publish","type":"product","link":"https:\/\/arketipo.com\/de\/prodotto\/noth\/","title":{"rendered":"Noth"},"content":{"rendered":"<p>Die Kleintische Noth richten das Wohnzimmer mit einem funktionellen und modernen Stil ein.<\/p>\n<p>Die Metallstruktur ist entweder in glimmerig Braun, Oxy Grey oder Black Nickel erh\u00e4ltlich und die Platte aus Eichenholz Mokka, Sucupira oder gl\u00e4nzendem Ebenholz. Die \u00d6ffnungen und das geometrischen Design erlauben die Stellung der Kleintische sowohl in der Raummitte als auch neben dem Sofa.<\/p>\n","protected":false},"excerpt":{"rendered":"<p>Die Kleintische Noth richten das Wohnzimmer mit einem funktionellen und modernen Stil ein. Die Metallstruktur ist entweder in glimmerig Braun, Oxy Grey oder Black Nickel erh\u00e4ltlich und die Platte aus Eichenholz Mokka, Sucupira oder gl\u00e4nzendem Ebenholz. Die \u00d6ffnungen und das geometrischen Design erlauben die Stellung der Kleintische sowohl in der Raummitte als auch neben dem [&hellip;]<\/p>\n","protected":false},"featured_media":34867,"comment_status":"closed","ping_status":"closed","template":"","meta":[],"product_brand":[],"product_cat":[231,208,226],"product_tag":[],"class_list":{"0":"post-46755","1":"product","2":"type-product","3":"status-publish","4":"has-post-thumbnail","6":"product_cat-couchtische","7":"product_cat-indoor-de","8":"product_cat-ohne-kategorie","10":"first","11":"instock","12":"product-type-simple"},"_links":{"self":[{"href":"https:\/\/arketipo.com\/de\/wp-json\/wp\/v2\/product\/46755","targetHints":{"allow":["GET"]}}],"collection":[{"href":"https:\/\/arketipo.com\/de\/wp-json\/wp\/v2\/product"}],"about":[{"href":"https:\/\/arketipo.com\/de\/wp-json\/wp\/v2\/types\/product"}],"replies":[{"embeddable":true,"href":"https:\/\/arketipo.com\/de\/wp-json\/wp\/v2\/comments?post=46755"}],"wp:featuredmedia":[{"embeddable":true,"href":"https:\/\/arketipo.com\/de\/wp-json\/wp\/v2\/media\/34867"}],"wp:attachment":[{"href":"https:\/\/arketipo.com\/de\/wp-json\/wp\/v2\/media?parent=46755"}],"wp:term":[{"taxonomy":"product_brand","embeddable":true,"href":"https:\/\/arketipo.com\/de\/wp-json\/wp\/v2\/product_brand?post=46755"},{"taxonomy":"product_cat","embeddable":true,"href":"https:\/\/arketipo.com\/de\/wp-json\/wp\/v2\/product_cat?post=46755"},{"taxonomy":"product_tag","embeddable":true,"href":"https:\/\/arketipo.com\/de\/wp-json\/wp\/v2\/product_tag?post=46755"}],"curies":[{"name":"wp","href":"https:\/\/api.w.org\/{rel}","templated":true}]}}