{"id":46756,"date":"2023-03-14T17:26:20","date_gmt":"2023-03-14T16:26:20","guid":{"rendered":"https:\/\/arketipo.com\/prodotto\/petra\/"},"modified":"2025-07-28T14:10:56","modified_gmt":"2025-07-28T12:10:56","slug":"petra","status":"publish","type":"product","link":"https:\/\/arketipo.com\/de\/prodotto\/petra\/","title":{"rendered":"Petra"},"content":{"rendered":"<p>Zwei unterschiedliche Stoffe leben harmonisch in einem einzigen Objekt. Die Couchtische Petra wurden als einzelne Erg\u00e4nzungen oder als gruppierte Einheiten entwickelt und entworfen.<\/p>\n<p>Die Achsversetzung des Sockels gegen\u00fcber der Tischplatte und die unterschiedlichen H\u00f6hen erzeugen ein Spiel von \u00dcberlappungen und ungew\u00f6hnlichem Nebeneinander von unterschiedlichen, schlichten und strengen Geometrien.<\/p>\n<p>Zylinder, Kreise, Quadrate und Rechtecke erlauben Ihnen, Kombinationen von zeitgen\u00f6ssischem Design zu realisieren.<\/p>\n","protected":false},"excerpt":{"rendered":"<p>Zwei unterschiedliche Stoffe leben harmonisch in einem einzigen Objekt. Die Couchtische Petra wurden als einzelne Erg\u00e4nzungen oder als gruppierte Einheiten entwickelt und entworfen. Die Achsversetzung des Sockels gegen\u00fcber der Tischplatte und die unterschiedlichen H\u00f6hen erzeugen ein Spiel von \u00dcberlappungen und ungew\u00f6hnlichem Nebeneinander von unterschiedlichen, schlichten und strengen Geometrien. Zylinder, Kreise, Quadrate und Rechtecke erlauben Ihnen, [&hellip;]<\/p>\n","protected":false},"featured_media":35312,"comment_status":"closed","ping_status":"closed","template":"","meta":[],"product_brand":[],"product_cat":[231,208,226],"product_tag":[],"class_list":{"0":"post-46756","1":"product","2":"type-product","3":"status-publish","4":"has-post-thumbnail","6":"product_cat-couchtische","7":"product_cat-indoor-de","8":"product_cat-ohne-kategorie","10":"first","11":"instock","12":"product-type-simple"},"_links":{"self":[{"href":"https:\/\/arketipo.com\/de\/wp-json\/wp\/v2\/product\/46756","targetHints":{"allow":["GET"]}}],"collection":[{"href":"https:\/\/arketipo.com\/de\/wp-json\/wp\/v2\/product"}],"about":[{"href":"https:\/\/arketipo.com\/de\/wp-json\/wp\/v2\/types\/product"}],"replies":[{"embeddable":true,"href":"https:\/\/arketipo.com\/de\/wp-json\/wp\/v2\/comments?post=46756"}],"wp:featuredmedia":[{"embeddable":true,"href":"https:\/\/arketipo.com\/de\/wp-json\/wp\/v2\/media\/35312"}],"wp:attachment":[{"href":"https:\/\/arketipo.com\/de\/wp-json\/wp\/v2\/media?parent=46756"}],"wp:term":[{"taxonomy":"product_brand","embeddable":true,"href":"https:\/\/arketipo.com\/de\/wp-json\/wp\/v2\/product_brand?post=46756"},{"taxonomy":"product_cat","embeddable":true,"href":"https:\/\/arketipo.com\/de\/wp-json\/wp\/v2\/product_cat?post=46756"},{"taxonomy":"product_tag","embeddable":true,"href":"https:\/\/arketipo.com\/de\/wp-json\/wp\/v2\/product_tag?post=46756"}],"curies":[{"name":"wp","href":"https:\/\/api.w.org\/{rel}","templated":true}]}}