{"id":46988,"date":"2023-05-18T15:28:56","date_gmt":"2023-05-18T13:28:56","guid":{"rendered":"https:\/\/arketipo.com\/prodotto\/pelle-a-anilin\/"},"modified":"2025-08-04T12:03:51","modified_gmt":"2025-08-04T10:03:51","slug":"pelle-a-anilin","status":"publish","type":"product","link":"https:\/\/arketipo.com\/de\/prodotto\/pelle-a-anilin\/","title":{"rendered":"Leder mit Wachs \u00fcberzogen"},"content":{"rendered":"","protected":false},"excerpt":{"rendered":"<p>Anilinleder ist ein Synonym f\u00fcr h\u00f6chste Qualit\u00e4t und Wertigkeit, da es aus den besten Rohh\u00e4uten ausgew\u00e4hlt wird. Anilinleder wird auch als Naturleder bezeichnet, weil es das nat\u00fcrlichste aller Leder ist. Da es keine undurchsichtige Oberfl\u00e4che hat, bringt es die einzigartigen Eigenschaften des Leders zur Geltung und hebt seine nat\u00fcrliche Maserung und Unvollkommenheiten hervor, die zu einer unverwechselbaren Note werden, die dem Produkt noch mehr Prestige verleiht. Ein unvermeidliches Merkmal von anilingef\u00e4rbtem Leder sind die Farbunterschiede zwischen den einzelnen Angeboten und in einigen F\u00e4llen sogar zwischen den Ledern, die f\u00fcr dasselbe Sofa verwendet werden. Bei normalem Gebrauch des Sofas wird das Leder dort gl\u00e4nzender, wo es mehr gerieben wird. F\u00fcr die normale Reinigung verwenden Sie ein weiches, trockenes Tuch. Verwenden Sie keine scheuernden oder aggressiven Produkte.<\/p>\n","protected":false},"featured_media":41477,"comment_status":"closed","ping_status":"closed","template":"","meta":[],"product_brand":[],"product_cat":[220],"product_tag":[480],"class_list":{"0":"post-46988","1":"product","2":"type-product","3":"status-publish","4":"has-post-thumbnail","6":"product_cat-leder","7":"product_tag-leder-a","9":"first","10":"instock","11":"product-type-simple"},"_links":{"self":[{"href":"https:\/\/arketipo.com\/de\/wp-json\/wp\/v2\/product\/46988","targetHints":{"allow":["GET"]}}],"collection":[{"href":"https:\/\/arketipo.com\/de\/wp-json\/wp\/v2\/product"}],"about":[{"href":"https:\/\/arketipo.com\/de\/wp-json\/wp\/v2\/types\/product"}],"replies":[{"embeddable":true,"href":"https:\/\/arketipo.com\/de\/wp-json\/wp\/v2\/comments?post=46988"}],"wp:featuredmedia":[{"embeddable":true,"href":"https:\/\/arketipo.com\/de\/wp-json\/wp\/v2\/media\/41477"}],"wp:attachment":[{"href":"https:\/\/arketipo.com\/de\/wp-json\/wp\/v2\/media?parent=46988"}],"wp:term":[{"taxonomy":"product_brand","embeddable":true,"href":"https:\/\/arketipo.com\/de\/wp-json\/wp\/v2\/product_brand?post=46988"},{"taxonomy":"product_cat","embeddable":true,"href":"https:\/\/arketipo.com\/de\/wp-json\/wp\/v2\/product_cat?post=46988"},{"taxonomy":"product_tag","embeddable":true,"href":"https:\/\/arketipo.com\/de\/wp-json\/wp\/v2\/product_tag?post=46988"}],"curies":[{"name":"wp","href":"https:\/\/api.w.org\/{rel}","templated":true}]}}