{"id":46990,"date":"2023-05-18T17:32:47","date_gmt":"2023-05-18T15:32:47","guid":{"rendered":"https:\/\/arketipo.com\/prodotto\/pelle-plus-nubuck\/"},"modified":"2025-07-28T14:13:28","modified_gmt":"2025-07-28T12:13:28","slug":"pelle-plus-nubuck","status":"publish","type":"product","link":"https:\/\/arketipo.com\/de\/prodotto\/pelle-plus-nubuck\/","title":{"rendered":"Pelle Plus Nubuck"},"content":{"rendered":"<p>Nubukleder ist ein reines Anilin. Nubukleder sind auf der glatten Narbenseite angeschliffene Leder. Die glatte Oberfl\u00e4che wird mit einem Schleifmittel so stark aufgeraut, dass diese die charakteristische samtige Oberfl\u00e4che erh\u00e4lt. Besondere Merkmale von Nubukleder sind der besondere weiche Griff und der Schreibeffekt. Das Vorhandensein von Kratzen, Falten und kleine Defekte garantiert die Nat\u00fcrlichkeit des Leders. F\u00fcr die Reinigung benutzen einen weichen und trockenen Lappen ohne jegliche Schleif-Reinigungsmittel. Auch Wasser muss sofort abgetrockneten werden, sonst wird der Fleck bleiben.<\/p>\n","protected":false},"excerpt":{"rendered":"<p>Nubukleder ist ein reines Anilin. Nubukleder sind auf der glatten Narbenseite angeschliffene Leder. Die glatte Oberfl\u00e4che wird mit einem Schleifmittel so stark aufgeraut, dass diese die charakteristische samtige Oberfl\u00e4che erh\u00e4lt. Besondere Merkmale von Nubukleder sind der besondere weiche Griff und der Schreibeffekt. Das Vorhandensein von Kratzen, Falten und kleine Defekte garantiert die Nat\u00fcrlichkeit des Leders. [&hellip;]<\/p>\n","protected":false},"featured_media":51717,"comment_status":"closed","ping_status":"closed","template":"","meta":[],"product_brand":[],"product_cat":[220],"product_tag":[358],"class_list":{"0":"post-46990","1":"product","2":"type-product","3":"status-publish","4":"has-post-thumbnail","6":"product_cat-leder","7":"product_tag-pelle-pluspelle-plus","9":"first","10":"instock","11":"product-type-simple"},"_links":{"self":[{"href":"https:\/\/arketipo.com\/de\/wp-json\/wp\/v2\/product\/46990","targetHints":{"allow":["GET"]}}],"collection":[{"href":"https:\/\/arketipo.com\/de\/wp-json\/wp\/v2\/product"}],"about":[{"href":"https:\/\/arketipo.com\/de\/wp-json\/wp\/v2\/types\/product"}],"replies":[{"embeddable":true,"href":"https:\/\/arketipo.com\/de\/wp-json\/wp\/v2\/comments?post=46990"}],"wp:featuredmedia":[{"embeddable":true,"href":"https:\/\/arketipo.com\/de\/wp-json\/wp\/v2\/media\/51717"}],"wp:attachment":[{"href":"https:\/\/arketipo.com\/de\/wp-json\/wp\/v2\/media?parent=46990"}],"wp:term":[{"taxonomy":"product_brand","embeddable":true,"href":"https:\/\/arketipo.com\/de\/wp-json\/wp\/v2\/product_brand?post=46990"},{"taxonomy":"product_cat","embeddable":true,"href":"https:\/\/arketipo.com\/de\/wp-json\/wp\/v2\/product_cat?post=46990"},{"taxonomy":"product_tag","embeddable":true,"href":"https:\/\/arketipo.com\/de\/wp-json\/wp\/v2\/product_tag?post=46990"}],"curies":[{"name":"wp","href":"https:\/\/api.w.org\/{rel}","templated":true}]}}