{"id":46993,"date":"2023-05-18T17:29:36","date_gmt":"2023-05-18T15:29:36","guid":{"rendered":"https:\/\/arketipo.com\/prodotto\/leonardo-leder\/"},"modified":"2025-07-28T14:13:32","modified_gmt":"2025-07-28T12:13:32","slug":"leonardo-leder","status":"publish","type":"product","link":"https:\/\/arketipo.com\/de\/prodotto\/leonardo-leder\/","title":{"rendered":"Leonardo Leder"},"content":{"rendered":"<p>Anilin Leder ist das weichste und nat\u00fcrlichste Leder \u00fcberhaupt. Das Leder ist nur durchgef\u00e4rbt und seine Oberfl\u00e4che nat\u00fcrlich und intakt. Nat\u00fcrliche Unebenheiten und kleine Fehler stellen ein Qualit\u00e4tsmerkmal der besten Qualit\u00e4t vom vollnarbigen Leder dar. Pflanzlich gegerbtes Leder ist ein nat\u00fcrliches Produkt, deswegen sind kleine Marken, Maserungen, der typische Duft und Farbt\u00f6ne die Hauptmerkmale dieses Leders. W\u00e4hrend der Fixierung und durch die Benutzung, wird dieses Leder an einigen Stellen heller und diese Marken k\u00f6nnen nicht entfernt werden. Ein anderes typische Merkmal dieses Leders sind die Farbabweichungen, nicht nur in verschiedenen H\u00e4uten sondern auch in der gleiche. Bei diesem pflanzlich gegerbten Leder \u00e4ndert sich durch die Licht (Sonnen- oder k\u00fcnstliche Licht) die Farbe. Kratzen auf der Oberfl\u00e4che sind auf diese Leder normal und k\u00f6nnen mit einem Wolltuch entfernt werden. F\u00fcr die Reinigung soll kein Schleif-Reinigungsmittel benutzt werden.<\/p>\n","protected":false},"excerpt":{"rendered":"<p>Anilin Leder ist das weichste und nat\u00fcrlichste Leder \u00fcberhaupt. Das Leder ist nur durchgef\u00e4rbt und seine Oberfl\u00e4che nat\u00fcrlich und intakt. Nat\u00fcrliche Unebenheiten und kleine Fehler stellen ein Qualit\u00e4tsmerkmal der besten Qualit\u00e4t vom vollnarbigen Leder dar. Pflanzlich gegerbtes Leder ist ein nat\u00fcrliches Produkt, deswegen sind kleine Marken, Maserungen, der typische Duft und Farbt\u00f6ne die Hauptmerkmale dieses [&hellip;]<\/p>\n","protected":false},"featured_media":41704,"comment_status":"closed","ping_status":"closed","template":"","meta":[],"product_brand":[],"product_cat":[220],"product_tag":[357],"class_list":{"0":"post-46993","1":"product","2":"type-product","3":"status-publish","4":"has-post-thumbnail","6":"product_cat-leder","7":"product_tag-pelle-b-3","9":"first","10":"instock","11":"product-type-simple"},"_links":{"self":[{"href":"https:\/\/arketipo.com\/de\/wp-json\/wp\/v2\/product\/46993","targetHints":{"allow":["GET"]}}],"collection":[{"href":"https:\/\/arketipo.com\/de\/wp-json\/wp\/v2\/product"}],"about":[{"href":"https:\/\/arketipo.com\/de\/wp-json\/wp\/v2\/types\/product"}],"replies":[{"embeddable":true,"href":"https:\/\/arketipo.com\/de\/wp-json\/wp\/v2\/comments?post=46993"}],"wp:featuredmedia":[{"embeddable":true,"href":"https:\/\/arketipo.com\/de\/wp-json\/wp\/v2\/media\/41704"}],"wp:attachment":[{"href":"https:\/\/arketipo.com\/de\/wp-json\/wp\/v2\/media?parent=46993"}],"wp:term":[{"taxonomy":"product_brand","embeddable":true,"href":"https:\/\/arketipo.com\/de\/wp-json\/wp\/v2\/product_brand?post=46993"},{"taxonomy":"product_cat","embeddable":true,"href":"https:\/\/arketipo.com\/de\/wp-json\/wp\/v2\/product_cat?post=46993"},{"taxonomy":"product_tag","embeddable":true,"href":"https:\/\/arketipo.com\/de\/wp-json\/wp\/v2\/product_tag?post=46993"}],"curies":[{"name":"wp","href":"https:\/\/api.w.org\/{rel}","templated":true}]}}