{"id":46995,"date":"2023-05-18T15:29:17","date_gmt":"2023-05-18T13:29:17","guid":{"rendered":"https:\/\/arketipo.com\/prodotto\/pelle-b-vollnarbiges-leder\/"},"modified":"2025-07-28T14:13:33","modified_gmt":"2025-07-28T12:13:33","slug":"pelle-b-vollnarbiges-leder","status":"publish","type":"product","link":"https:\/\/arketipo.com\/de\/prodotto\/pelle-b-vollnarbiges-leder\/","title":{"rendered":"Pelle B Vollnarbiges Leder"},"content":{"rendered":"","protected":false},"excerpt":{"rendered":"<p>Anilinleder ist ein Synonym f\u00fcr h\u00f6chste Qualit\u00e4t und Wertigkeit, da es aus den besten Rohh\u00e4uten ausgew\u00e4hlt wird. Anilinleder wird auch als Naturleder bezeichnet, weil es von allen Ledern am nat\u00fcrlichsten aussieht. Es hat keine deckende Zurichtung und bringt deshalb die einzigartigen Eigenschaften des Leders zur Geltung, indem es seine nat\u00fcrliche Maserung und seine Unvollkommenheiten hervorhebt, die zu einer besonderen Note werden, die das Produkt noch wertvoller macht. Die Farbabweichungen, die von einem Angebot zum anderen und in einigen F\u00e4llen sogar zwischen den f\u00fcr dasselbe Sofa verwendeten Ledern auftreten, sind ein unvermeidliches Merkmal von anilingef\u00e4rbten Ledern. Bei normalem Gebrauch des Sofas wird das Leder an den Stellen, an denen es am st\u00e4rksten reibt, gl\u00e4nzender werden. F\u00fcr die normale Reinigung sollten Sie es mit einem weichen, trockenen Tuch abstauben. Verwenden Sie keine Scheuermittel oder aggressiven Produkte.<\/p>\n","protected":false},"featured_media":51448,"comment_status":"closed","ping_status":"closed","template":"","meta":[],"product_brand":[],"product_cat":[220],"product_tag":[357],"class_list":{"0":"post-46995","1":"product","2":"type-product","3":"status-publish","4":"has-post-thumbnail","6":"product_cat-leder","7":"product_tag-pelle-b-3","9":"first","10":"instock","11":"product-type-simple"},"_links":{"self":[{"href":"https:\/\/arketipo.com\/de\/wp-json\/wp\/v2\/product\/46995","targetHints":{"allow":["GET"]}}],"collection":[{"href":"https:\/\/arketipo.com\/de\/wp-json\/wp\/v2\/product"}],"about":[{"href":"https:\/\/arketipo.com\/de\/wp-json\/wp\/v2\/types\/product"}],"replies":[{"embeddable":true,"href":"https:\/\/arketipo.com\/de\/wp-json\/wp\/v2\/comments?post=46995"}],"wp:featuredmedia":[{"embeddable":true,"href":"https:\/\/arketipo.com\/de\/wp-json\/wp\/v2\/media\/51448"}],"wp:attachment":[{"href":"https:\/\/arketipo.com\/de\/wp-json\/wp\/v2\/media?parent=46995"}],"wp:term":[{"taxonomy":"product_brand","embeddable":true,"href":"https:\/\/arketipo.com\/de\/wp-json\/wp\/v2\/product_brand?post=46995"},{"taxonomy":"product_cat","embeddable":true,"href":"https:\/\/arketipo.com\/de\/wp-json\/wp\/v2\/product_cat?post=46995"},{"taxonomy":"product_tag","embeddable":true,"href":"https:\/\/arketipo.com\/de\/wp-json\/wp\/v2\/product_tag?post=46995"}],"curies":[{"name":"wp","href":"https:\/\/api.w.org\/{rel}","templated":true}]}}