{"id":46996,"date":"2023-05-18T15:29:17","date_gmt":"2023-05-18T13:29:17","guid":{"rendered":"https:\/\/arketipo.com\/prodotto\/pelle-b-nubuk\/"},"modified":"2025-07-28T14:13:35","modified_gmt":"2025-07-28T12:13:35","slug":"pelle-b-nubuk","status":"publish","type":"product","link":"https:\/\/arketipo.com\/de\/prodotto\/pelle-b-nubuk\/","title":{"rendered":"Pelle B Nubuk"},"content":{"rendered":"","protected":false},"excerpt":{"rendered":"<p>Die Hell-Dunkel Effekte verleihen diesem Leder ein &#8222;gelebtes&#8220; aber elegantes Aussehen. Nat\u00fcrliche Unebenheiten und kleine Fehler stellen ein Qualit\u00e4tsmerkmal der besten Qualit\u00e4t vom vollnarbigen Leder dar. Die Fixierung ist Wasser absto\u00dfend. F\u00fcr die Reinigung benutzen einen weichen und trockenen Lappen ohne jegliche Schleif-Reinigungsmittel oder Schuhpflegemittel. Auch Wasser muss sofort abgetrockneten werden, sonst wird der Fleck bleiben.<\/p>\n","protected":false},"featured_media":51383,"comment_status":"closed","ping_status":"closed","template":"","meta":[],"product_brand":[],"product_cat":[220],"product_tag":[361],"class_list":{"0":"post-46996","1":"product","2":"type-product","3":"status-publish","4":"has-post-thumbnail","6":"product_cat-leder","7":"product_tag-pelle-bpelle-b","9":"first","10":"instock","11":"product-type-simple"},"_links":{"self":[{"href":"https:\/\/arketipo.com\/de\/wp-json\/wp\/v2\/product\/46996","targetHints":{"allow":["GET"]}}],"collection":[{"href":"https:\/\/arketipo.com\/de\/wp-json\/wp\/v2\/product"}],"about":[{"href":"https:\/\/arketipo.com\/de\/wp-json\/wp\/v2\/types\/product"}],"replies":[{"embeddable":true,"href":"https:\/\/arketipo.com\/de\/wp-json\/wp\/v2\/comments?post=46996"}],"wp:featuredmedia":[{"embeddable":true,"href":"https:\/\/arketipo.com\/de\/wp-json\/wp\/v2\/media\/51383"}],"wp:attachment":[{"href":"https:\/\/arketipo.com\/de\/wp-json\/wp\/v2\/media?parent=46996"}],"wp:term":[{"taxonomy":"product_brand","embeddable":true,"href":"https:\/\/arketipo.com\/de\/wp-json\/wp\/v2\/product_brand?post=46996"},{"taxonomy":"product_cat","embeddable":true,"href":"https:\/\/arketipo.com\/de\/wp-json\/wp\/v2\/product_cat?post=46996"},{"taxonomy":"product_tag","embeddable":true,"href":"https:\/\/arketipo.com\/de\/wp-json\/wp\/v2\/product_tag?post=46996"}],"curies":[{"name":"wp","href":"https:\/\/api.w.org\/{rel}","templated":true}]}}