{"id":47000,"date":"2023-05-18T17:29:36","date_gmt":"2023-05-18T15:29:36","guid":{"rendered":"https:\/\/arketipo.com\/prodotto\/pelle-b-wachsveredelung\/"},"modified":"2025-07-28T14:13:38","modified_gmt":"2025-07-28T12:13:38","slug":"pelle-b-wachsveredelung","status":"publish","type":"product","link":"https:\/\/arketipo.com\/de\/prodotto\/pelle-b-wachsveredelung\/","title":{"rendered":"Pelle B Wachsveredelung"},"content":{"rendered":"","protected":false},"excerpt":{"rendered":"<p>Anilin Leder ist das weichste und nat\u00fcrlichste Leder \u00fcberhaupt. Das Leder ist nur durchgef\u00e4rbt und seine Oberfl\u00e4che nat\u00fcrlich und intakt. Nat\u00fcrliche Unebenheiten und kleine Fehler stellen ein Qualit\u00e4tsmerkmal der besten Qualit\u00e4t vom vollnarbigen Leder dar. Die Farbabweichungen, nicht nur in verschiedenen H\u00e4uten sondern auch in der gleiche, sind eine Eigenschaft dieses Leder. W\u00e4hrend der Bearbeitung und mit Verwendung des Sofas, k\u00f6nnen einige Falten entstehen und die Marken k\u00f6nnen nicht entfernt werden. Mit Verwendung k\u00f6nnte das Leder das gl\u00e4nzende Aussehen auf einigen Stellen verlieren. F\u00fcr die Reinigung benutzen einen weichen und trockenen Lappen ohne jegliche Schleif-Reinigungsmittel. Auch Wasser muss sofort abgetrockneten werden, sonst wird der Fleck bleiben.<\/p>\n","protected":false},"featured_media":17727,"comment_status":"closed","ping_status":"closed","template":"","meta":[],"product_brand":[],"product_cat":[220],"product_tag":[361],"class_list":{"0":"post-47000","1":"product","2":"type-product","3":"status-publish","4":"has-post-thumbnail","6":"product_cat-leder","7":"product_tag-pelle-bpelle-b","9":"first","10":"instock","11":"product-type-simple"},"_links":{"self":[{"href":"https:\/\/arketipo.com\/de\/wp-json\/wp\/v2\/product\/47000","targetHints":{"allow":["GET"]}}],"collection":[{"href":"https:\/\/arketipo.com\/de\/wp-json\/wp\/v2\/product"}],"about":[{"href":"https:\/\/arketipo.com\/de\/wp-json\/wp\/v2\/types\/product"}],"replies":[{"embeddable":true,"href":"https:\/\/arketipo.com\/de\/wp-json\/wp\/v2\/comments?post=47000"}],"wp:featuredmedia":[{"embeddable":true,"href":"https:\/\/arketipo.com\/de\/wp-json\/wp\/v2\/media\/17727"}],"wp:attachment":[{"href":"https:\/\/arketipo.com\/de\/wp-json\/wp\/v2\/media?parent=47000"}],"wp:term":[{"taxonomy":"product_brand","embeddable":true,"href":"https:\/\/arketipo.com\/de\/wp-json\/wp\/v2\/product_brand?post=47000"},{"taxonomy":"product_cat","embeddable":true,"href":"https:\/\/arketipo.com\/de\/wp-json\/wp\/v2\/product_cat?post=47000"},{"taxonomy":"product_tag","embeddable":true,"href":"https:\/\/arketipo.com\/de\/wp-json\/wp\/v2\/product_tag?post=47000"}],"curies":[{"name":"wp","href":"https:\/\/api.w.org\/{rel}","templated":true}]}}