{"id":47001,"date":"2023-05-18T15:34:33","date_gmt":"2023-05-18T13:34:33","guid":{"rendered":"https:\/\/arketipo.com\/prodotto\/doc\/"},"modified":"2025-07-28T14:13:38","modified_gmt":"2025-07-28T12:13:38","slug":"doc","status":"publish","type":"product","link":"https:\/\/arketipo.com\/de\/prodotto\/doc\/","title":{"rendered":"DOC"},"content":{"rendered":"","protected":false},"excerpt":{"rendered":"<p>Das Hauptmerkmal der DOC-Kollektion besteht darin, dass es sich um ein Gewebe aus Naturfasern handelt, das jedoch eine Widerstandsf\u00e4higkeit aufweist, die typisch f\u00fcr Gewebe ist, die f\u00fcr die Lohnarbeit verwendet werden. F\u00fcr die DOC-Kollektion wird ein exklusives Garn verwendet, das durch ein Zwirnverfahren gewonnen wird, das nur im Gebiet von Prato hergestellt wird. Dieses Garn besteht aus drei Fasern nat\u00fcrlichen Ursprungs mit unterschiedlichem Glanz und unterschiedlicher Feinheit, die in ein einzigartiges und innovatives Gewebe umgewandelt werden, das \u00e4hnliche Eigenschaften wie Chenille und Boucl\u00e9 aufweist und eine starke Pers\u00f6nlichkeit besitzt, die sich f\u00fcr jede Form eignet. Das Garn wird sowohl in der Kette als auch im Schuss verwendet, gef\u00e4rbt und veredelt. Die Kollektion pr\u00e4sentiert sich in einem modernen Look, mit einer Reihe von bunten Farben und einem angenehm weichen Griff.<\/p>\n","protected":false},"featured_media":42946,"comment_status":"closed","ping_status":"closed","template":"","meta":[],"product_brand":[],"product_cat":[233],"product_tag":[362],"class_list":{"0":"post-47001","1":"product","2":"type-product","3":"status-publish","4":"has-post-thumbnail","6":"product_cat-stoffe","7":"product_tag-cat-d-3","9":"first","10":"instock","11":"product-type-simple"},"_links":{"self":[{"href":"https:\/\/arketipo.com\/de\/wp-json\/wp\/v2\/product\/47001","targetHints":{"allow":["GET"]}}],"collection":[{"href":"https:\/\/arketipo.com\/de\/wp-json\/wp\/v2\/product"}],"about":[{"href":"https:\/\/arketipo.com\/de\/wp-json\/wp\/v2\/types\/product"}],"replies":[{"embeddable":true,"href":"https:\/\/arketipo.com\/de\/wp-json\/wp\/v2\/comments?post=47001"}],"wp:featuredmedia":[{"embeddable":true,"href":"https:\/\/arketipo.com\/de\/wp-json\/wp\/v2\/media\/42946"}],"wp:attachment":[{"href":"https:\/\/arketipo.com\/de\/wp-json\/wp\/v2\/media?parent=47001"}],"wp:term":[{"taxonomy":"product_brand","embeddable":true,"href":"https:\/\/arketipo.com\/de\/wp-json\/wp\/v2\/product_brand?post=47001"},{"taxonomy":"product_cat","embeddable":true,"href":"https:\/\/arketipo.com\/de\/wp-json\/wp\/v2\/product_cat?post=47001"},{"taxonomy":"product_tag","embeddable":true,"href":"https:\/\/arketipo.com\/de\/wp-json\/wp\/v2\/product_tag?post=47001"}],"curies":[{"name":"wp","href":"https:\/\/api.w.org\/{rel}","templated":true}]}}