{"id":47002,"date":"2023-05-18T15:34:33","date_gmt":"2023-05-18T13:34:33","guid":{"rendered":"https:\/\/arketipo.com\/prodotto\/drappo\/"},"modified":"2025-07-28T14:13:39","modified_gmt":"2025-07-28T12:13:39","slug":"drappo","status":"publish","type":"product","link":"https:\/\/arketipo.com\/de\/prodotto\/drappo\/","title":{"rendered":"Drappo"},"content":{"rendered":"","protected":false},"excerpt":{"rendered":"<p>Die Drappo-Kollektion wird mit einem Schussgarn aus 100 F\u00e4den gek\u00e4mmter Baumwolle hergestellt, mit dem eine Chenille mit einem l\u00e4nger geschnittenen Floreffekt erzielt wird, um einen sehr weichen Griff zu erzielen: das Ergebnis ist ein Stoff mit einem modernen Look mit Pelz-Effekt. Die Veredelung war ausschlaggebend, um diese Art von Stoff zu erhalten, der in Airo gewaschen und getrocknet wird, um den Flor der Chenille zu gl\u00e4tten. Diese Kollektion ist ein Augenzwinkern an die Modewelt, ein glamour\u00f6ser Touch f\u00fcr alle, die Mode leben und Trends folgen.<\/p>\n","protected":false},"featured_media":42915,"comment_status":"closed","ping_status":"closed","template":"","meta":[],"product_brand":[],"product_cat":[233],"product_tag":[362],"class_list":{"0":"post-47002","1":"product","2":"type-product","3":"status-publish","4":"has-post-thumbnail","6":"product_cat-stoffe","7":"product_tag-cat-d-3","9":"first","10":"instock","11":"product-type-simple"},"_links":{"self":[{"href":"https:\/\/arketipo.com\/de\/wp-json\/wp\/v2\/product\/47002","targetHints":{"allow":["GET"]}}],"collection":[{"href":"https:\/\/arketipo.com\/de\/wp-json\/wp\/v2\/product"}],"about":[{"href":"https:\/\/arketipo.com\/de\/wp-json\/wp\/v2\/types\/product"}],"replies":[{"embeddable":true,"href":"https:\/\/arketipo.com\/de\/wp-json\/wp\/v2\/comments?post=47002"}],"wp:featuredmedia":[{"embeddable":true,"href":"https:\/\/arketipo.com\/de\/wp-json\/wp\/v2\/media\/42915"}],"wp:attachment":[{"href":"https:\/\/arketipo.com\/de\/wp-json\/wp\/v2\/media?parent=47002"}],"wp:term":[{"taxonomy":"product_brand","embeddable":true,"href":"https:\/\/arketipo.com\/de\/wp-json\/wp\/v2\/product_brand?post=47002"},{"taxonomy":"product_cat","embeddable":true,"href":"https:\/\/arketipo.com\/de\/wp-json\/wp\/v2\/product_cat?post=47002"},{"taxonomy":"product_tag","embeddable":true,"href":"https:\/\/arketipo.com\/de\/wp-json\/wp\/v2\/product_tag?post=47002"}],"curies":[{"name":"wp","href":"https:\/\/api.w.org\/{rel}","templated":true}]}}