{"id":47003,"date":"2023-05-18T15:34:09","date_gmt":"2023-05-18T13:34:09","guid":{"rendered":"https:\/\/arketipo.com\/prodotto\/mirage\/"},"modified":"2025-07-28T14:13:40","modified_gmt":"2025-07-28T12:13:40","slug":"mirage","status":"publish","type":"product","link":"https:\/\/arketipo.com\/de\/prodotto\/mirage\/","title":{"rendered":"Mirage"},"content":{"rendered":"","protected":false},"excerpt":{"rendered":"<p>Mirage ist ein Stoff, der sowohl f\u00fcr den Au\u00dfen- als auch f\u00fcr den Innenbereich geeignet ist. F\u00fcr diese Kollektion werden l\u00f6sungsgef\u00e4rbte Acrylfasern verwendet, die sich am besten f\u00fcr die Verwendung im Freien eignen. Die l\u00f6sungsgef\u00e4rbte Acrylfaser unterscheidet sich von der garngef\u00e4rbten Acrylfaser dadurch, dass die Farbe vor dem Extrudieren des Garns fixiert wird, wodurch eine h\u00f6here UVA-Best\u00e4ndigkeit gew\u00e4hrleistet wird; au\u00dferdem schimmelt sie nicht, wenn sie nass wird. Die Ausr\u00fcstung mit Fluorkohlenstoffharz verleiht dem Gewebe eine sehr hohe Leistung in Bezug auf die Wasser- und \u00d6labweisung. Die \u00f6l- und wasserabweisende &#8222;Teflon&#8220;-Ausr\u00fcstung erleichtert die Fleckentfernung und erh\u00e4lt gleichzeitig Farbe und Festigkeit. Reinigungshinweise: Die meisten Flecken lassen sich mit einer milden Seifen- und Wasserl\u00f6sung entfernen. Um Schmutz zu entfernen, schrubben Sie einfach mit Wasser (nicht mehr als 30\u00b0) und milder Seife und sp\u00fclen Sie gr\u00fcndlich nach. Der Mirage-Stoff kann chemisch gereinigt oder in der Maschine in kaltem Wasser gewaschen werden, ohne Schleudergang. Nicht mit Dampf b\u00fcgeln und nicht mit elektrischen Ger\u00e4ten trocknen, sondern an der Luft trocknen. Lagern Sie den Stoff w\u00e4hrend der Wintersaison an einem trockenen und bel\u00fcfteten Ort.<\/p>\n","protected":false},"featured_media":42883,"comment_status":"closed","ping_status":"closed","template":"","meta":[],"product_brand":[],"product_cat":[233],"product_tag":[363],"class_list":{"0":"post-47003","1":"product","2":"type-product","3":"status-publish","4":"has-post-thumbnail","6":"product_cat-stoffe","7":"product_tag-cat-top-m-3","9":"first","10":"instock","11":"product-type-simple"},"_links":{"self":[{"href":"https:\/\/arketipo.com\/de\/wp-json\/wp\/v2\/product\/47003","targetHints":{"allow":["GET"]}}],"collection":[{"href":"https:\/\/arketipo.com\/de\/wp-json\/wp\/v2\/product"}],"about":[{"href":"https:\/\/arketipo.com\/de\/wp-json\/wp\/v2\/types\/product"}],"replies":[{"embeddable":true,"href":"https:\/\/arketipo.com\/de\/wp-json\/wp\/v2\/comments?post=47003"}],"wp:featuredmedia":[{"embeddable":true,"href":"https:\/\/arketipo.com\/de\/wp-json\/wp\/v2\/media\/42883"}],"wp:attachment":[{"href":"https:\/\/arketipo.com\/de\/wp-json\/wp\/v2\/media?parent=47003"}],"wp:term":[{"taxonomy":"product_brand","embeddable":true,"href":"https:\/\/arketipo.com\/de\/wp-json\/wp\/v2\/product_brand?post=47003"},{"taxonomy":"product_cat","embeddable":true,"href":"https:\/\/arketipo.com\/de\/wp-json\/wp\/v2\/product_cat?post=47003"},{"taxonomy":"product_tag","embeddable":true,"href":"https:\/\/arketipo.com\/de\/wp-json\/wp\/v2\/product_tag?post=47003"}],"curies":[{"name":"wp","href":"https:\/\/api.w.org\/{rel}","templated":true}]}}