{"id":47005,"date":"2023-05-18T15:34:09","date_gmt":"2023-05-18T13:34:09","guid":{"rendered":"https:\/\/arketipo.com\/prodotto\/harvey\/"},"modified":"2025-07-28T14:13:42","modified_gmt":"2025-07-28T12:13:42","slug":"harvey","status":"publish","type":"product","link":"https:\/\/arketipo.com\/de\/prodotto\/harvey\/","title":{"rendered":"Harvey"},"content":{"rendered":"","protected":false},"excerpt":{"rendered":"<p>Harvey ist ein Stoff, der sowohl f\u00fcr den Au\u00dfen- als auch f\u00fcr den Innenbereich geeignet ist. Es ist ein weicher, vollmundiger Chenille-Stoff mit einer Textur, die sich angenehm und gem\u00fctlich anf\u00fchlt. Harvey besticht durch seine technischen Eigenschaften: Langlebigkeit und gleichbleibendes Aussehen im Laufe der Zeit, hervorragende Wetter- und Sonnenlichtbest\u00e4ndigkeit. Der Stoff hat hervorragende thermische Eigenschaften, er w\u00e4rmt im Winter und k\u00fchlt im Sommer. Er verzieht sich nicht und dehnt sich nicht. Hypoallergen, antimilben- und bakteriostatisch: ein idealer Stoff, wenn Kinder oder Tiere im Haus sind. Seine F\u00e4higkeit, keine Ger\u00fcche zu speichern, macht ihn perfekt f\u00fcr jede Art von Umgebung. Harvey ist mit der Hand und in der Maschine waschbar. Seine speziellen Fasern fangen keinen Schmutz und keine Flecken ein, so dass das Waschen des Stoffes sehr einfach ist. F\u00fcr ein makelloses Ergebnis m\u00fcssen nur sehr wenig neutrales Waschmittel und keine chemischen L\u00f6sungsmittel hinzugef\u00fcgt werden. Der Stoff muss nicht geb\u00fcgelt werden. Harvey ist nach Abschluss seines Lebenszyklus zu 100 Prozent recycelbar. Dar\u00fcber hinaus wird er in einer einzigen Fabrik hergestellt.<\/p>\n","protected":false},"featured_media":42831,"comment_status":"closed","ping_status":"closed","template":"","meta":[],"product_brand":[],"product_cat":[233],"product_tag":[365],"class_list":{"0":"post-47005","1":"product","2":"type-product","3":"status-publish","4":"has-post-thumbnail","6":"product_cat-stoffe","7":"product_tag-cat-d-h-3","9":"first","10":"instock","11":"product-type-simple"},"_links":{"self":[{"href":"https:\/\/arketipo.com\/de\/wp-json\/wp\/v2\/product\/47005","targetHints":{"allow":["GET"]}}],"collection":[{"href":"https:\/\/arketipo.com\/de\/wp-json\/wp\/v2\/product"}],"about":[{"href":"https:\/\/arketipo.com\/de\/wp-json\/wp\/v2\/types\/product"}],"replies":[{"embeddable":true,"href":"https:\/\/arketipo.com\/de\/wp-json\/wp\/v2\/comments?post=47005"}],"wp:featuredmedia":[{"embeddable":true,"href":"https:\/\/arketipo.com\/de\/wp-json\/wp\/v2\/media\/42831"}],"wp:attachment":[{"href":"https:\/\/arketipo.com\/de\/wp-json\/wp\/v2\/media?parent=47005"}],"wp:term":[{"taxonomy":"product_brand","embeddable":true,"href":"https:\/\/arketipo.com\/de\/wp-json\/wp\/v2\/product_brand?post=47005"},{"taxonomy":"product_cat","embeddable":true,"href":"https:\/\/arketipo.com\/de\/wp-json\/wp\/v2\/product_cat?post=47005"},{"taxonomy":"product_tag","embeddable":true,"href":"https:\/\/arketipo.com\/de\/wp-json\/wp\/v2\/product_tag?post=47005"}],"curies":[{"name":"wp","href":"https:\/\/api.w.org\/{rel}","templated":true}]}}