{"id":47006,"date":"2023-05-18T15:33:51","date_gmt":"2023-05-18T13:33:51","guid":{"rendered":"https:\/\/arketipo.com\/prodotto\/hypnose\/"},"modified":"2025-07-28T14:13:43","modified_gmt":"2025-07-28T12:13:43","slug":"hypnose","status":"publish","type":"product","link":"https:\/\/arketipo.com\/de\/prodotto\/hypnose\/","title":{"rendered":"Hypnose"},"content":{"rendered":"","protected":false},"excerpt":{"rendered":"<p>Hypnose ist ein Stoff, der sowohl f\u00fcr den Innen- als auch f\u00fcr den Au\u00dfenbereich geeignet ist und dessen klassische &#8222;Natt\u00e9- oder Panama-Struktur&#8220; typisch f\u00fcr 100-rundige Naturleinenstoffe ist. Hypnose hat einen angenehmen Griff mit den f\u00fcr nat\u00fcrliche Garne typischen Nuancen, die durch geschickte Farbdosierung erzielt werden.<\/p>\n","protected":false},"featured_media":42815,"comment_status":"closed","ping_status":"closed","template":"","meta":[],"product_brand":[],"product_cat":[233],"product_tag":[365],"class_list":{"0":"post-47006","1":"product","2":"type-product","3":"status-publish","4":"has-post-thumbnail","6":"product_cat-stoffe","7":"product_tag-cat-d-h-3","9":"first","10":"instock","11":"product-type-simple"},"_links":{"self":[{"href":"https:\/\/arketipo.com\/de\/wp-json\/wp\/v2\/product\/47006","targetHints":{"allow":["GET"]}}],"collection":[{"href":"https:\/\/arketipo.com\/de\/wp-json\/wp\/v2\/product"}],"about":[{"href":"https:\/\/arketipo.com\/de\/wp-json\/wp\/v2\/types\/product"}],"replies":[{"embeddable":true,"href":"https:\/\/arketipo.com\/de\/wp-json\/wp\/v2\/comments?post=47006"}],"wp:featuredmedia":[{"embeddable":true,"href":"https:\/\/arketipo.com\/de\/wp-json\/wp\/v2\/media\/42815"}],"wp:attachment":[{"href":"https:\/\/arketipo.com\/de\/wp-json\/wp\/v2\/media?parent=47006"}],"wp:term":[{"taxonomy":"product_brand","embeddable":true,"href":"https:\/\/arketipo.com\/de\/wp-json\/wp\/v2\/product_brand?post=47006"},{"taxonomy":"product_cat","embeddable":true,"href":"https:\/\/arketipo.com\/de\/wp-json\/wp\/v2\/product_cat?post=47006"},{"taxonomy":"product_tag","embeddable":true,"href":"https:\/\/arketipo.com\/de\/wp-json\/wp\/v2\/product_tag?post=47006"}],"curies":[{"name":"wp","href":"https:\/\/api.w.org\/{rel}","templated":true}]}}