{"id":47007,"date":"2023-05-18T15:33:51","date_gmt":"2023-05-18T13:33:51","guid":{"rendered":"https:\/\/arketipo.com\/prodotto\/horizon\/"},"modified":"2025-07-28T14:13:49","modified_gmt":"2025-07-28T12:13:49","slug":"horizon","status":"publish","type":"product","link":"https:\/\/arketipo.com\/de\/prodotto\/horizon\/","title":{"rendered":"Horizon"},"content":{"rendered":"","protected":false},"excerpt":{"rendered":"<p>Horizon ist ein Stoff, der sowohl f\u00fcr den Au\u00dfen- als auch f\u00fcr den Innenbereich geeignet ist. Er wird aus Polypropylenfasern hergestellt, um die Sch\u00f6nheit des Gewebes mit leistungsstarken und langlebigen Eigenschaften zu verbinden. Diese Faser ist heute ein Protagonist im Panorama der Textilforschung und -innovation, sowohl wegen ihrer gro\u00dfen Vielseitigkeit und Widerstandsf\u00e4higkeit als auch weil sie 100-mal recycelbar ist. Die Kollektion hat einen weichen und seidigen Griff. Die Veredelung besteht aus einer Behandlung, die man als \u00f6kologisch bezeichnen k\u00f6nnte, denn es werden weder Wasser noch Chemikalien verwendet, sondern nur die Kraft der Luft, die st\u00e4ndig bei bestimmten Temperaturen \u00fcberwacht wird. Die Horizon-Kollektion ist wasserabweisend, schmutzabweisend und unempfindlich gegen Schimmel, Motten und Bakterien. Besonders hervorzuheben ist die ausgezeichnete Licht- und Wetterbest\u00e4ndigkeit mit hohen Werten bei der Farbechtheit und der mechanischen Festigkeit. Die raffinierten Farbkombinationen, aus denen sich die Kollektion zusammensetzt, werden durch das Massenf\u00e4rbeverfahren erzielt: Die Farbpigmente werden dem Polymer zugesetzt, bevor das Garn aus der D\u00fcse extrudiert wird, wodurch hervorragende Witterungsbest\u00e4ndigkeitswerte, die F\u00e4higkeit zur Absorption ultravioletter Strahlen, exakte Farbreproduzierbarkeit und maximale Gleichm\u00e4\u00dfigkeit gew\u00e4hrleistet werden. Dieses technische Verfahren f\u00fchrt auch zu einer betr\u00e4chtlichen Verringerung der Umweltbelastung durch einen geringeren Wasser- und Energieverbrauch im Produktionszyklus. Polypropylen ist hypoallergen, geruchsneutral und eine sehr pflegeleichte Faser. Eine einfache W\u00e4sche bei 30\/40 \u00b0C mit neutraler Seife garantiert eine ordnungsgem\u00e4\u00dfe Reinigung; das Gewebe darf nicht geschleudert oder geb\u00fcgelt werden.<\/p>\n","protected":false},"featured_media":42794,"comment_status":"closed","ping_status":"closed","template":"","meta":[],"product_brand":[],"product_cat":[233],"product_tag":[365],"class_list":{"0":"post-47007","1":"product","2":"type-product","3":"status-publish","4":"has-post-thumbnail","6":"product_cat-stoffe","7":"product_tag-cat-d-h-3","9":"first","10":"instock","11":"product-type-simple"},"_links":{"self":[{"href":"https:\/\/arketipo.com\/de\/wp-json\/wp\/v2\/product\/47007","targetHints":{"allow":["GET"]}}],"collection":[{"href":"https:\/\/arketipo.com\/de\/wp-json\/wp\/v2\/product"}],"about":[{"href":"https:\/\/arketipo.com\/de\/wp-json\/wp\/v2\/types\/product"}],"replies":[{"embeddable":true,"href":"https:\/\/arketipo.com\/de\/wp-json\/wp\/v2\/comments?post=47007"}],"wp:featuredmedia":[{"embeddable":true,"href":"https:\/\/arketipo.com\/de\/wp-json\/wp\/v2\/media\/42794"}],"wp:attachment":[{"href":"https:\/\/arketipo.com\/de\/wp-json\/wp\/v2\/media?parent=47007"}],"wp:term":[{"taxonomy":"product_brand","embeddable":true,"href":"https:\/\/arketipo.com\/de\/wp-json\/wp\/v2\/product_brand?post=47007"},{"taxonomy":"product_cat","embeddable":true,"href":"https:\/\/arketipo.com\/de\/wp-json\/wp\/v2\/product_cat?post=47007"},{"taxonomy":"product_tag","embeddable":true,"href":"https:\/\/arketipo.com\/de\/wp-json\/wp\/v2\/product_tag?post=47007"}],"curies":[{"name":"wp","href":"https:\/\/api.w.org\/{rel}","templated":true}]}}