{"id":47008,"date":"2023-05-18T15:33:40","date_gmt":"2023-05-18T13:33:40","guid":{"rendered":"https:\/\/arketipo.com\/prodotto\/estelle\/"},"modified":"2025-07-28T14:13:50","modified_gmt":"2025-07-28T12:13:50","slug":"estelle","status":"publish","type":"product","link":"https:\/\/arketipo.com\/de\/prodotto\/estelle\/","title":{"rendered":"Estelle"},"content":{"rendered":"","protected":false},"excerpt":{"rendered":"<p>Estelle hat mit seiner klaren, linearen Konstruktion einen zeitgen\u00f6ssischen Look, der sich f\u00fcr alle Arten von Umgebungen eignet. Sein zartes Farbenspiel und seine taktile und visuelle Eleganz sind das Ergebnis der nat\u00fcrlichen Elemente, aus denen er sich zusammensetzt: In der Kette wird ein Garn, das in gemischten M\u00e4nteln durch Mischen einer feinen Leinenfaser mit Viskose gewonnen wird, in mehreren Str\u00e4ngen gezwirnt und im Schuss mit einer leuchtenden Chenille mit einer sehr feinen Feinheit und einer ganz nat\u00fcrlichen gezwirnten Baumwollr\u00fcckseite gewebt. Seine doppelte Konstruktion verleiht ihm ein unerwartetes Volumen. Die Veredelung bietet eine angenehme Weichheit f\u00fcr ein wirklich unnachahmliches taktiles Gef\u00fchl.<\/p>\n","protected":false},"featured_media":42565,"comment_status":"closed","ping_status":"closed","template":"","meta":[],"product_brand":[],"product_cat":[233],"product_tag":[366],"class_list":{"0":"post-47008","1":"product","2":"type-product","3":"status-publish","4":"has-post-thumbnail","6":"product_cat-stoffe","7":"product_tag-cat-e-3","9":"first","10":"instock","11":"product-type-simple"},"_links":{"self":[{"href":"https:\/\/arketipo.com\/de\/wp-json\/wp\/v2\/product\/47008","targetHints":{"allow":["GET"]}}],"collection":[{"href":"https:\/\/arketipo.com\/de\/wp-json\/wp\/v2\/product"}],"about":[{"href":"https:\/\/arketipo.com\/de\/wp-json\/wp\/v2\/types\/product"}],"replies":[{"embeddable":true,"href":"https:\/\/arketipo.com\/de\/wp-json\/wp\/v2\/comments?post=47008"}],"wp:featuredmedia":[{"embeddable":true,"href":"https:\/\/arketipo.com\/de\/wp-json\/wp\/v2\/media\/42565"}],"wp:attachment":[{"href":"https:\/\/arketipo.com\/de\/wp-json\/wp\/v2\/media?parent=47008"}],"wp:term":[{"taxonomy":"product_brand","embeddable":true,"href":"https:\/\/arketipo.com\/de\/wp-json\/wp\/v2\/product_brand?post=47008"},{"taxonomy":"product_cat","embeddable":true,"href":"https:\/\/arketipo.com\/de\/wp-json\/wp\/v2\/product_cat?post=47008"},{"taxonomy":"product_tag","embeddable":true,"href":"https:\/\/arketipo.com\/de\/wp-json\/wp\/v2\/product_tag?post=47008"}],"curies":[{"name":"wp","href":"https:\/\/api.w.org\/{rel}","templated":true}]}}