{"id":47009,"date":"2023-05-18T15:33:40","date_gmt":"2023-05-18T13:33:40","guid":{"rendered":"https:\/\/arketipo.com\/prodotto\/evron\/"},"modified":"2025-07-28T14:13:51","modified_gmt":"2025-07-28T12:13:51","slug":"evron","status":"publish","type":"product","link":"https:\/\/arketipo.com\/de\/prodotto\/evron\/","title":{"rendered":"Evron"},"content":{"rendered":"","protected":false},"excerpt":{"rendered":"<p>Die Kollektion Evron wird auf einer bedruckten Viskose- und Leinen-Kette gewebt. Ihre Besonderheit ist das spezielle Effektgarn, das im Schuss verwendet wird: ein Chenille-Garn aus Baumwolle und Viskose mit Boucl\u00e9-Effekt, das mit Hilfe spezieller Maschinen f\u00fcr die Entwicklung von Effektgarnen hergestellt wird. Die hohe Dicke des Boucl\u00e9-Schussgarns macht dieses Gewebe kompakt. Ein langwieriger Veredelungsprozess mit einer Reihe von W\u00e4schen und einer &#8222;Airo&#8220;-Behandlung verleihen dem Gewebe einen weichen Griff.<\/p>\n","protected":false},"featured_media":42596,"comment_status":"closed","ping_status":"closed","template":"","meta":[],"product_brand":[],"product_cat":[233],"product_tag":[366],"class_list":{"0":"post-47009","1":"product","2":"type-product","3":"status-publish","4":"has-post-thumbnail","6":"product_cat-stoffe","7":"product_tag-cat-e-3","9":"first","10":"instock","11":"product-type-simple"},"_links":{"self":[{"href":"https:\/\/arketipo.com\/de\/wp-json\/wp\/v2\/product\/47009","targetHints":{"allow":["GET"]}}],"collection":[{"href":"https:\/\/arketipo.com\/de\/wp-json\/wp\/v2\/product"}],"about":[{"href":"https:\/\/arketipo.com\/de\/wp-json\/wp\/v2\/types\/product"}],"replies":[{"embeddable":true,"href":"https:\/\/arketipo.com\/de\/wp-json\/wp\/v2\/comments?post=47009"}],"wp:featuredmedia":[{"embeddable":true,"href":"https:\/\/arketipo.com\/de\/wp-json\/wp\/v2\/media\/42596"}],"wp:attachment":[{"href":"https:\/\/arketipo.com\/de\/wp-json\/wp\/v2\/media?parent=47009"}],"wp:term":[{"taxonomy":"product_brand","embeddable":true,"href":"https:\/\/arketipo.com\/de\/wp-json\/wp\/v2\/product_brand?post=47009"},{"taxonomy":"product_cat","embeddable":true,"href":"https:\/\/arketipo.com\/de\/wp-json\/wp\/v2\/product_cat?post=47009"},{"taxonomy":"product_tag","embeddable":true,"href":"https:\/\/arketipo.com\/de\/wp-json\/wp\/v2\/product_tag?post=47009"}],"curies":[{"name":"wp","href":"https:\/\/api.w.org\/{rel}","templated":true}]}}