{"id":47010,"date":"2023-05-18T15:33:40","date_gmt":"2023-05-18T13:33:40","guid":{"rendered":"https:\/\/arketipo.com\/prodotto\/elite\/"},"modified":"2025-07-28T14:13:52","modified_gmt":"2025-07-28T12:13:52","slug":"elite","status":"publish","type":"product","link":"https:\/\/arketipo.com\/de\/prodotto\/elite\/","title":{"rendered":"\u00c9lite"},"content":{"rendered":"","protected":false},"excerpt":{"rendered":"<p>Die \u00c9lite-Kollektion wird aus einem hochfesten Mikrofasergarn hergestellt, das dem Stoff hervorragende technische Eigenschaften verleiht: hohe Abrieb- und Pillingbest\u00e4ndigkeit, Weichheit und einen besonderen Schreibeffekt. Zum F\u00e4rben werden umweltfreundliche, ungiftige Farbstoffe verwendet. Die \u00c9lite-Kollektion ist wasserabwaschbar und feuerbest\u00e4ndig und entspricht den folgenden Normen: Klasse 1 IM &#8211; BS 5852 Part O &amp; 1:1979 &#8211; CRIB 5 BS 5852:2006 &#8211; EN 1021-1:2006 &amp; EN1021-2:2006 &#8211; TB117:2013<\/p>\n","protected":false},"featured_media":42482,"comment_status":"closed","ping_status":"closed","template":"","meta":[],"product_brand":[],"product_cat":[233],"product_tag":[366],"class_list":{"0":"post-47010","1":"product","2":"type-product","3":"status-publish","4":"has-post-thumbnail","6":"product_cat-stoffe","7":"product_tag-cat-e-3","9":"first","10":"instock","11":"product-type-simple"},"_links":{"self":[{"href":"https:\/\/arketipo.com\/de\/wp-json\/wp\/v2\/product\/47010","targetHints":{"allow":["GET"]}}],"collection":[{"href":"https:\/\/arketipo.com\/de\/wp-json\/wp\/v2\/product"}],"about":[{"href":"https:\/\/arketipo.com\/de\/wp-json\/wp\/v2\/types\/product"}],"replies":[{"embeddable":true,"href":"https:\/\/arketipo.com\/de\/wp-json\/wp\/v2\/comments?post=47010"}],"wp:featuredmedia":[{"embeddable":true,"href":"https:\/\/arketipo.com\/de\/wp-json\/wp\/v2\/media\/42482"}],"wp:attachment":[{"href":"https:\/\/arketipo.com\/de\/wp-json\/wp\/v2\/media?parent=47010"}],"wp:term":[{"taxonomy":"product_brand","embeddable":true,"href":"https:\/\/arketipo.com\/de\/wp-json\/wp\/v2\/product_brand?post=47010"},{"taxonomy":"product_cat","embeddable":true,"href":"https:\/\/arketipo.com\/de\/wp-json\/wp\/v2\/product_cat?post=47010"},{"taxonomy":"product_tag","embeddable":true,"href":"https:\/\/arketipo.com\/de\/wp-json\/wp\/v2\/product_tag?post=47010"}],"curies":[{"name":"wp","href":"https:\/\/api.w.org\/{rel}","templated":true}]}}