{"id":47013,"date":"2023-05-18T15:33:08","date_gmt":"2023-05-18T13:33:08","guid":{"rendered":"https:\/\/arketipo.com\/prodotto\/diva\/"},"modified":"2025-07-28T14:13:59","modified_gmt":"2025-07-28T12:13:59","slug":"diva","status":"publish","type":"product","link":"https:\/\/arketipo.com\/de\/prodotto\/diva\/","title":{"rendered":"Diva"},"content":{"rendered":"","protected":false},"excerpt":{"rendered":"<p>Diva wird in Leinwandbindung hergestellt, der ersten und kompaktesten Bindung, die entwickelt wurde, um die sch\u00f6ne und auff\u00e4llige langhaarige Chenille aus Polyester hervorzuheben. Dies ist keine gew\u00f6hnliche Chenille, sondern ein spezielles Garn, das durch Schneiden von Filamenten gewonnen wird, die im Open-End-Spinnverfahren mit Faserkompression und nicht im traditionellen Spinnverfahren verarbeitet werden. Das Ergebnis ist ein besonderer Stoff mit einem sch\u00f6nen, weichen und gleichzeitig vollen Griff, der im Laufe der Zeit nur wenig an Glanz verliert. Dieser Stoff mit Samteffekt&#8220; wird umso sch\u00f6ner, je \u00f6fter er benutzt wird; die Fasern mit offenen Enden \u00f6ffnen sich mit der Zeit und verleihen ihm kontinuierlich eine samtige Weichheit, dieses ansprechende und angenehme Gef\u00fchl, das ihn einzigartig macht. Diva ist f\u00fcr alle Jahreszeiten geeignet und passt sehr gut zu jeder Einrichtung, ob klassisch oder modern.<\/p>\n","protected":false},"featured_media":42442,"comment_status":"closed","ping_status":"closed","template":"","meta":[],"product_brand":[],"product_cat":[233],"product_tag":[362],"class_list":{"0":"post-47013","1":"product","2":"type-product","3":"status-publish","4":"has-post-thumbnail","6":"product_cat-stoffe","7":"product_tag-cat-d-3","9":"first","10":"instock","11":"product-type-simple"},"_links":{"self":[{"href":"https:\/\/arketipo.com\/de\/wp-json\/wp\/v2\/product\/47013","targetHints":{"allow":["GET"]}}],"collection":[{"href":"https:\/\/arketipo.com\/de\/wp-json\/wp\/v2\/product"}],"about":[{"href":"https:\/\/arketipo.com\/de\/wp-json\/wp\/v2\/types\/product"}],"replies":[{"embeddable":true,"href":"https:\/\/arketipo.com\/de\/wp-json\/wp\/v2\/comments?post=47013"}],"wp:featuredmedia":[{"embeddable":true,"href":"https:\/\/arketipo.com\/de\/wp-json\/wp\/v2\/media\/42442"}],"wp:attachment":[{"href":"https:\/\/arketipo.com\/de\/wp-json\/wp\/v2\/media?parent=47013"}],"wp:term":[{"taxonomy":"product_brand","embeddable":true,"href":"https:\/\/arketipo.com\/de\/wp-json\/wp\/v2\/product_brand?post=47013"},{"taxonomy":"product_cat","embeddable":true,"href":"https:\/\/arketipo.com\/de\/wp-json\/wp\/v2\/product_cat?post=47013"},{"taxonomy":"product_tag","embeddable":true,"href":"https:\/\/arketipo.com\/de\/wp-json\/wp\/v2\/product_tag?post=47013"}],"curies":[{"name":"wp","href":"https:\/\/api.w.org\/{rel}","templated":true}]}}