{"id":47015,"date":"2023-05-18T17:32:47","date_gmt":"2023-05-18T15:32:47","guid":{"rendered":"https:\/\/arketipo.com\/prodotto\/vellupl\/"},"modified":"2025-07-28T14:14:01","modified_gmt":"2025-07-28T12:14:01","slug":"vellupl","status":"publish","type":"product","link":"https:\/\/arketipo.com\/de\/prodotto\/vellupl\/","title":{"rendered":"Vell\u00f9PL"},"content":{"rendered":"","protected":false},"excerpt":{"rendered":"<p>Der Artikel Vell\u00f9 PL wird aus einem Polyestergarn &#8222;HYPER MATTE&#8220; (supermatt) hergestellt, um den Effekt eines langflorigen Baumwollsamtes zu erzielen, der dank seiner Eigenschaften nicht ausbeult. Er ist bei 30\u00b0 waschbar, hat eine hohe Abriebfestigkeit (Martindale) und ist gleichzeitig weich im Griff. Die f\u00fcr die Herstellung dieses Samtes verwendete Webart ist so kompakt wie m\u00f6glich und l\u00e4sst ihn wie einen feinen Baumwollsamt aussehen.<\/p>\n","protected":false},"featured_media":42349,"comment_status":"closed","ping_status":"closed","template":"","meta":[],"product_brand":[],"product_cat":[233],"product_tag":[366],"class_list":{"0":"post-47015","1":"product","2":"type-product","3":"status-publish","4":"has-post-thumbnail","6":"product_cat-stoffe","7":"product_tag-cat-e-3","9":"first","10":"instock","11":"product-type-simple"},"_links":{"self":[{"href":"https:\/\/arketipo.com\/de\/wp-json\/wp\/v2\/product\/47015","targetHints":{"allow":["GET"]}}],"collection":[{"href":"https:\/\/arketipo.com\/de\/wp-json\/wp\/v2\/product"}],"about":[{"href":"https:\/\/arketipo.com\/de\/wp-json\/wp\/v2\/types\/product"}],"replies":[{"embeddable":true,"href":"https:\/\/arketipo.com\/de\/wp-json\/wp\/v2\/comments?post=47015"}],"wp:featuredmedia":[{"embeddable":true,"href":"https:\/\/arketipo.com\/de\/wp-json\/wp\/v2\/media\/42349"}],"wp:attachment":[{"href":"https:\/\/arketipo.com\/de\/wp-json\/wp\/v2\/media?parent=47015"}],"wp:term":[{"taxonomy":"product_brand","embeddable":true,"href":"https:\/\/arketipo.com\/de\/wp-json\/wp\/v2\/product_brand?post=47015"},{"taxonomy":"product_cat","embeddable":true,"href":"https:\/\/arketipo.com\/de\/wp-json\/wp\/v2\/product_cat?post=47015"},{"taxonomy":"product_tag","embeddable":true,"href":"https:\/\/arketipo.com\/de\/wp-json\/wp\/v2\/product_tag?post=47015"}],"curies":[{"name":"wp","href":"https:\/\/api.w.org\/{rel}","templated":true}]}}