{"id":47016,"date":"2023-05-18T15:32:08","date_gmt":"2023-05-18T13:32:08","guid":{"rendered":"https:\/\/arketipo.com\/prodotto\/dudeup\/"},"modified":"2025-07-28T14:14:03","modified_gmt":"2025-07-28T12:14:03","slug":"dudeup","status":"publish","type":"product","link":"https:\/\/arketipo.com\/de\/prodotto\/dudeup\/","title":{"rendered":"Dudeup"},"content":{"rendered":"","protected":false},"excerpt":{"rendered":"<p>Die Kette besteht aus Viskose und bedrucktem, gezwirntem Leinen und einer Slub-Baumwolle, die mit einem d\u00fcnnen Polyester gebunden ist. Der Schuss besteht aus einem gezwirnten Garn aus bedruckter Viskose und grobem Leinen, einem gezwirnten Garn aus glatter Viskose und glattem Leinen sowie glatter Chenille. Die Art der F\u00e4rbung der Spulen, das so genannte &#8222;Space Dyeing&#8220;, erm\u00f6glicht es, ein mehrfarbig schattiertes Garn zu erhalten. Der Druck r\u00fcckt in den Hintergrund des Musters und hebt das gezwirnte Garn hervor. Die Mischung aus Effektgarnen, die sowohl in der Kette als auch im Schuss gedruckte Effekte enthalten, und gedrehten Garnen, die den Stoff fast &#8222;handgemacht&#8220; machen. Bei diesem Boucl\u00e9-Look soll die Chenille nur einen Hauch von Weichheit verleihen. Ein einzigartiger und nicht leicht zu reproduzierender Stoff, der speziell f\u00fcr Arketipo entwickelt wurde. Die Veredelung macht ihn weich im Griff und gleichzeitig strapazierf\u00e4hig.<\/p>\n","protected":false},"featured_media":58202,"comment_status":"closed","ping_status":"closed","template":"","meta":[],"product_brand":[],"product_cat":[233],"product_tag":[362],"class_list":{"0":"post-47016","1":"product","2":"type-product","3":"status-publish","4":"has-post-thumbnail","6":"product_cat-stoffe","7":"product_tag-cat-d-3","9":"first","10":"instock","11":"product-type-simple"},"_links":{"self":[{"href":"https:\/\/arketipo.com\/de\/wp-json\/wp\/v2\/product\/47016","targetHints":{"allow":["GET"]}}],"collection":[{"href":"https:\/\/arketipo.com\/de\/wp-json\/wp\/v2\/product"}],"about":[{"href":"https:\/\/arketipo.com\/de\/wp-json\/wp\/v2\/types\/product"}],"replies":[{"embeddable":true,"href":"https:\/\/arketipo.com\/de\/wp-json\/wp\/v2\/comments?post=47016"}],"wp:featuredmedia":[{"embeddable":true,"href":"https:\/\/arketipo.com\/de\/wp-json\/wp\/v2\/media\/58202"}],"wp:attachment":[{"href":"https:\/\/arketipo.com\/de\/wp-json\/wp\/v2\/media?parent=47016"}],"wp:term":[{"taxonomy":"product_brand","embeddable":true,"href":"https:\/\/arketipo.com\/de\/wp-json\/wp\/v2\/product_brand?post=47016"},{"taxonomy":"product_cat","embeddable":true,"href":"https:\/\/arketipo.com\/de\/wp-json\/wp\/v2\/product_cat?post=47016"},{"taxonomy":"product_tag","embeddable":true,"href":"https:\/\/arketipo.com\/de\/wp-json\/wp\/v2\/product_tag?post=47016"}],"curies":[{"name":"wp","href":"https:\/\/api.w.org\/{rel}","templated":true}]}}