{"id":47024,"date":"2023-05-18T15:30:32","date_gmt":"2023-05-18T13:30:32","guid":{"rendered":"https:\/\/arketipo.com\/prodotto\/taiga\/"},"modified":"2025-07-28T14:14:12","modified_gmt":"2025-07-28T12:14:12","slug":"taiga","status":"publish","type":"product","link":"https:\/\/arketipo.com\/de\/prodotto\/taiga\/","title":{"rendered":"Taiga"},"content":{"rendered":"","protected":false},"excerpt":{"rendered":"<p>Bei der Kollektion Taiga handelt es sich um ein orthogonales Jacquard-Gewebe, das aus 4.800 Kettenf\u00e4den (Kette) besteht: einem Viskose- und einem Leinenfaden, die im Kammspinnverfahren fachm\u00e4nnisch dosiert und dann in zwei Teilen gezwirnt werden, sowie einem synthetischen Faden, der dem fertigen Gewebe Festigkeit und Z\u00e4higkeit verleiht. Der Schussfaden besteht aus einem Baumwollfaden und einem Faden aus sehr weicher, garngef\u00e4rbter Viskose und Baumwoll-Chenille. Das Endergebnis der gesamten Textilstruktur ist ein diskretes Fil \u00e0 Fil, d. h. ein besonderer Farbeffekt, der durch die Verwendung von Garnen mit wechselnden Farben in der Kette entsteht und bei den dunkleren Varianten st\u00e4rker zur Geltung kommt. Die Chenille ist zwar zu sp\u00fcren, aber nicht zu sehen, da sie eng in das Gewebe eingewebt ist, was dem Stoff ein wirklich neues und interessantes Aussehen verleiht.<\/p>\n","protected":false},"featured_media":41939,"comment_status":"closed","ping_status":"closed","template":"","meta":[],"product_brand":[],"product_cat":[233],"product_tag":[362],"class_list":{"0":"post-47024","1":"product","2":"type-product","3":"status-publish","4":"has-post-thumbnail","6":"product_cat-stoffe","7":"product_tag-cat-d-3","9":"first","10":"instock","11":"product-type-simple"},"_links":{"self":[{"href":"https:\/\/arketipo.com\/de\/wp-json\/wp\/v2\/product\/47024","targetHints":{"allow":["GET"]}}],"collection":[{"href":"https:\/\/arketipo.com\/de\/wp-json\/wp\/v2\/product"}],"about":[{"href":"https:\/\/arketipo.com\/de\/wp-json\/wp\/v2\/types\/product"}],"replies":[{"embeddable":true,"href":"https:\/\/arketipo.com\/de\/wp-json\/wp\/v2\/comments?post=47024"}],"wp:featuredmedia":[{"embeddable":true,"href":"https:\/\/arketipo.com\/de\/wp-json\/wp\/v2\/media\/41939"}],"wp:attachment":[{"href":"https:\/\/arketipo.com\/de\/wp-json\/wp\/v2\/media?parent=47024"}],"wp:term":[{"taxonomy":"product_brand","embeddable":true,"href":"https:\/\/arketipo.com\/de\/wp-json\/wp\/v2\/product_brand?post=47024"},{"taxonomy":"product_cat","embeddable":true,"href":"https:\/\/arketipo.com\/de\/wp-json\/wp\/v2\/product_cat?post=47024"},{"taxonomy":"product_tag","embeddable":true,"href":"https:\/\/arketipo.com\/de\/wp-json\/wp\/v2\/product_tag?post=47024"}],"curies":[{"name":"wp","href":"https:\/\/api.w.org\/{rel}","templated":true}]}}