{"id":47026,"date":"2023-05-18T15:29:58","date_gmt":"2023-05-18T13:29:58","guid":{"rendered":"https:\/\/arketipo.com\/prodotto\/pyro\/"},"modified":"2025-12-03T13:47:36","modified_gmt":"2025-12-03T12:47:36","slug":"pyro","status":"publish","type":"product","link":"https:\/\/arketipo.com\/de\/prodotto\/pyro\/","title":{"rendered":"Pyro"},"content":{"rendered":"","protected":false},"excerpt":{"rendered":"<p>Dieser Stoff wird aus Naturfasern hergestellt. Grate, Unreinheiten und Unregelm\u00e4\u00dfigkeiten sind Eigenschaften, die sein Aussehen charakterisieren und seine Qualit\u00e4ten verbessern.<\/p>\n","protected":false},"featured_media":58596,"comment_status":"closed","ping_status":"closed","template":"","meta":[],"product_brand":[],"product_cat":[233],"product_tag":[362],"class_list":{"0":"post-47026","1":"product","2":"type-product","3":"status-publish","4":"has-post-thumbnail","6":"product_cat-stoffe","7":"product_tag-cat-d-3","9":"first","10":"instock","11":"product-type-simple"},"_links":{"self":[{"href":"https:\/\/arketipo.com\/de\/wp-json\/wp\/v2\/product\/47026","targetHints":{"allow":["GET"]}}],"collection":[{"href":"https:\/\/arketipo.com\/de\/wp-json\/wp\/v2\/product"}],"about":[{"href":"https:\/\/arketipo.com\/de\/wp-json\/wp\/v2\/types\/product"}],"replies":[{"embeddable":true,"href":"https:\/\/arketipo.com\/de\/wp-json\/wp\/v2\/comments?post=47026"}],"wp:featuredmedia":[{"embeddable":true,"href":"https:\/\/arketipo.com\/de\/wp-json\/wp\/v2\/media\/58596"}],"wp:attachment":[{"href":"https:\/\/arketipo.com\/de\/wp-json\/wp\/v2\/media?parent=47026"}],"wp:term":[{"taxonomy":"product_brand","embeddable":true,"href":"https:\/\/arketipo.com\/de\/wp-json\/wp\/v2\/product_brand?post=47026"},{"taxonomy":"product_cat","embeddable":true,"href":"https:\/\/arketipo.com\/de\/wp-json\/wp\/v2\/product_cat?post=47026"},{"taxonomy":"product_tag","embeddable":true,"href":"https:\/\/arketipo.com\/de\/wp-json\/wp\/v2\/product_tag?post=47026"}],"curies":[{"name":"wp","href":"https:\/\/api.w.org\/{rel}","templated":true}]}}