{"id":47027,"date":"2023-05-18T15:29:58","date_gmt":"2023-05-18T13:29:58","guid":{"rendered":"https:\/\/arketipo.com\/prodotto\/pure\/"},"modified":"2025-07-28T14:14:19","modified_gmt":"2025-07-28T12:14:19","slug":"pure","status":"publish","type":"product","link":"https:\/\/arketipo.com\/de\/prodotto\/pure\/","title":{"rendered":"Pure"},"content":{"rendered":"","protected":false},"excerpt":{"rendered":"<p>Der Name der Kollektion ist die \u00dcbersetzung von &#8222;rein und einfach&#8220; und spiegelt den Stoff aufgrund seiner Zusammensetzung und der vorgeschlagenen F\u00e4rbung genau wider. Die 90-prozentige Zusammensetzung ist Leinen, eine kostbare, saubere und frische Naturfaser, die eine ausgezeichnete F\u00e4higkeit hat, Feuchtigkeit zu absorbieren. Leinen ist sehr langlebig, verursacht keine Allergien, ist sehr saugf\u00e4hig und angenehm auf der Haut. Die Kollektion Pure besteht aus flie\u00dfend gef\u00e4rbtem Leinen, einem der St\u00fcckf\u00e4rbeverfahren f\u00fcr Stoffe; es wird in Leinwandbindung auf einem Itema-Schaftwebstuhl hergestellt, einer italienischen Technologie, die f\u00fcr Qualit\u00e4t b\u00fcrgt. Das orthogonale Gewebe ist einfach, sauber und linear. Die Garne, aus denen es besteht, werden von erfahrenen Handwerkern mit Hohlspindelverfahren aus reinem Leinen verarbeitet, das mechanisch mit sehr feinem Nylon verzwirnt wird, um das Leinen in all seinen faserigen Eigenheiten des Aussehens und der Nat\u00fcrlichkeit hervorzuheben. Das Gewebe wird durch Kalandrieren veredelt, d. h. durch Pressen des Gewebes mit schweren Metallwalzen, die gleichzeitig Feuchtigkeit und W\u00e4rme abgeben, um dem Gewebe mehr Glanz und Gleichm\u00e4\u00dfigkeit zu verleihen. Schlie\u00dflich wird das St\u00fcck in der H\u00f6he nachgespannt, um zu verhindern, dass es sich bei der ersten W\u00e4sche und beim Gebrauch ausdehnt. Das f\u00fcr diesen Stoff verwendete Leinen enth\u00e4lt die nat\u00fcrlichen Unregelm\u00e4\u00dfigkeiten des Leinens, die nicht wahrnehmbar sind. Die Knoten werden in der Kontrollphase gel\u00f6st und die Enden in das Gewebe eingef\u00fcgt, so dass alles einheitlich ist. Mit einem Gewicht von mehr als einem Kilogramm pro Laufmeter ist dieses Gewebe vielseitig verwendbar. Seine strukturellen Eigenschaften (keine einzelnen F\u00e4den, sondern gezwirnte Garne und Effektgarne) machen das Gewebe widerstandsf\u00e4hig gegen Zeit und Abnutzung.<\/p>\n","protected":false},"featured_media":41831,"comment_status":"closed","ping_status":"closed","template":"","meta":[],"product_brand":[],"product_cat":[233],"product_tag":[366],"class_list":{"0":"post-47027","1":"product","2":"type-product","3":"status-publish","4":"has-post-thumbnail","6":"product_cat-stoffe","7":"product_tag-cat-e-3","9":"first","10":"instock","11":"product-type-simple"},"_links":{"self":[{"href":"https:\/\/arketipo.com\/de\/wp-json\/wp\/v2\/product\/47027","targetHints":{"allow":["GET"]}}],"collection":[{"href":"https:\/\/arketipo.com\/de\/wp-json\/wp\/v2\/product"}],"about":[{"href":"https:\/\/arketipo.com\/de\/wp-json\/wp\/v2\/types\/product"}],"replies":[{"embeddable":true,"href":"https:\/\/arketipo.com\/de\/wp-json\/wp\/v2\/comments?post=47027"}],"wp:featuredmedia":[{"embeddable":true,"href":"https:\/\/arketipo.com\/de\/wp-json\/wp\/v2\/media\/41831"}],"wp:attachment":[{"href":"https:\/\/arketipo.com\/de\/wp-json\/wp\/v2\/media?parent=47027"}],"wp:term":[{"taxonomy":"product_brand","embeddable":true,"href":"https:\/\/arketipo.com\/de\/wp-json\/wp\/v2\/product_brand?post=47027"},{"taxonomy":"product_cat","embeddable":true,"href":"https:\/\/arketipo.com\/de\/wp-json\/wp\/v2\/product_cat?post=47027"},{"taxonomy":"product_tag","embeddable":true,"href":"https:\/\/arketipo.com\/de\/wp-json\/wp\/v2\/product_tag?post=47027"}],"curies":[{"name":"wp","href":"https:\/\/api.w.org\/{rel}","templated":true}]}}