{"id":47031,"date":"2023-05-18T15:28:32","date_gmt":"2023-05-18T13:28:32","guid":{"rendered":"https:\/\/arketipo.com\/prodotto\/maze\/"},"modified":"2025-07-28T14:14:22","modified_gmt":"2025-07-28T12:14:22","slug":"maze","status":"publish","type":"product","link":"https:\/\/arketipo.com\/de\/prodotto\/maze\/","title":{"rendered":"Maze"},"content":{"rendered":"","protected":false},"excerpt":{"rendered":"<p>Die Maze-Kollektion ist ein Jacquard-Gewebe, das sich aus verschiedenen Fasern zusammensetzt, um einen Webeffekt in Nuancen von Melange-Farben zu erzielen. Die Kette aus Viskose und Leinen bildet die Grundlage f\u00fcr den Glanz und die Eleganz des Gewebes, die Baumwolle stabilisiert und st\u00e4rkt die Struktur. Der Schuss besteht aus gewellten, mehrfarbigen Garnen, die f\u00fcr Tiefe und Eleganz sorgen. Schlie\u00dflich verleiht die Chenille im Schuss einen Hauch von extremer Weichheit, die f\u00fcr ein gem\u00fctliches Ambiente unerl\u00e4sslich ist. Die Kollektion ist schmutzabweisend behandelt.<\/p>\n","protected":false},"featured_media":58507,"comment_status":"closed","ping_status":"closed","template":"","meta":[],"product_brand":[],"product_cat":[233],"product_tag":[362],"class_list":{"0":"post-47031","1":"product","2":"type-product","3":"status-publish","4":"has-post-thumbnail","6":"product_cat-stoffe","7":"product_tag-cat-d-3","9":"first","10":"instock","11":"product-type-simple"},"_links":{"self":[{"href":"https:\/\/arketipo.com\/de\/wp-json\/wp\/v2\/product\/47031","targetHints":{"allow":["GET"]}}],"collection":[{"href":"https:\/\/arketipo.com\/de\/wp-json\/wp\/v2\/product"}],"about":[{"href":"https:\/\/arketipo.com\/de\/wp-json\/wp\/v2\/types\/product"}],"replies":[{"embeddable":true,"href":"https:\/\/arketipo.com\/de\/wp-json\/wp\/v2\/comments?post=47031"}],"wp:featuredmedia":[{"embeddable":true,"href":"https:\/\/arketipo.com\/de\/wp-json\/wp\/v2\/media\/58507"}],"wp:attachment":[{"href":"https:\/\/arketipo.com\/de\/wp-json\/wp\/v2\/media?parent=47031"}],"wp:term":[{"taxonomy":"product_brand","embeddable":true,"href":"https:\/\/arketipo.com\/de\/wp-json\/wp\/v2\/product_brand?post=47031"},{"taxonomy":"product_cat","embeddable":true,"href":"https:\/\/arketipo.com\/de\/wp-json\/wp\/v2\/product_cat?post=47031"},{"taxonomy":"product_tag","embeddable":true,"href":"https:\/\/arketipo.com\/de\/wp-json\/wp\/v2\/product_tag?post=47031"}],"curies":[{"name":"wp","href":"https:\/\/api.w.org\/{rel}","templated":true}]}}