{"id":47036,"date":"2023-05-18T15:28:23","date_gmt":"2023-05-18T13:28:23","guid":{"rendered":"https:\/\/arketipo.com\/prodotto\/bugsy\/"},"modified":"2025-07-28T14:14:26","modified_gmt":"2025-07-28T12:14:26","slug":"bugsy","status":"publish","type":"product","link":"https:\/\/arketipo.com\/de\/prodotto\/bugsy\/","title":{"rendered":"Bugsy"},"content":{"rendered":"","protected":false},"excerpt":{"rendered":"<p>Der Artikel BUGSY ist von hochwertigen Herrenanz\u00fcgen inspiriert, ein eleganter Leinen-Viskose-Jacquardstoff. Die Verwendung von gemusterten Slub-Garnen, immer Ton-in-Ton, verleiht ihm eine \u00e4u\u00dferst raffinierte Melange-Optik. Der sehr weiche Farbkontrast und das matt-gl\u00e4nzende Aussehen machen ihn zu einem modernen Stoff, der sich f\u00fcr die diskrete Polsterung von wichtigen Sitzen eignet und deren Form und Harmonie unterstreicht. Au\u00dferdem passt er sich dank seiner subtilen Farbt\u00f6ne leicht an jedes Ambiente an. Der BUGSY-Stoff hat eine ausgezeichnete Abriebfestigkeit und Lichtechtheit. Die Viskose, die mit Leinen und nicht mit Chenille gemischt ist, verhindert ein Verrutschen der Polsterung.<\/p>\n","protected":false},"featured_media":17679,"comment_status":"closed","ping_status":"closed","template":"","meta":[],"product_brand":[],"product_cat":[233],"product_tag":[367],"class_list":{"0":"post-47036","1":"product","2":"type-product","3":"status-publish","4":"has-post-thumbnail","6":"product_cat-stoffe","7":"product_tag-cat-c-3","9":"first","10":"instock","11":"product-type-simple"},"_links":{"self":[{"href":"https:\/\/arketipo.com\/de\/wp-json\/wp\/v2\/product\/47036","targetHints":{"allow":["GET"]}}],"collection":[{"href":"https:\/\/arketipo.com\/de\/wp-json\/wp\/v2\/product"}],"about":[{"href":"https:\/\/arketipo.com\/de\/wp-json\/wp\/v2\/types\/product"}],"replies":[{"embeddable":true,"href":"https:\/\/arketipo.com\/de\/wp-json\/wp\/v2\/comments?post=47036"}],"wp:featuredmedia":[{"embeddable":true,"href":"https:\/\/arketipo.com\/de\/wp-json\/wp\/v2\/media\/17679"}],"wp:attachment":[{"href":"https:\/\/arketipo.com\/de\/wp-json\/wp\/v2\/media?parent=47036"}],"wp:term":[{"taxonomy":"product_brand","embeddable":true,"href":"https:\/\/arketipo.com\/de\/wp-json\/wp\/v2\/product_brand?post=47036"},{"taxonomy":"product_cat","embeddable":true,"href":"https:\/\/arketipo.com\/de\/wp-json\/wp\/v2\/product_cat?post=47036"},{"taxonomy":"product_tag","embeddable":true,"href":"https:\/\/arketipo.com\/de\/wp-json\/wp\/v2\/product_tag?post=47036"}],"curies":[{"name":"wp","href":"https:\/\/api.w.org\/{rel}","templated":true}]}}