{"id":47037,"date":"2023-05-18T15:28:23","date_gmt":"2023-05-18T13:28:23","guid":{"rendered":"https:\/\/arketipo.com\/prodotto\/deep\/"},"modified":"2025-07-28T14:14:27","modified_gmt":"2025-07-28T12:14:27","slug":"deep","status":"publish","type":"product","link":"https:\/\/arketipo.com\/de\/prodotto\/deep\/","title":{"rendered":"Deep"},"content":{"rendered":"","protected":false},"excerpt":{"rendered":"<p>Die Deep-Kollektion ist eine faszinierende Webart, die einen dreidimensionalen Effekt erm\u00f6glicht, der bei M\u00f6belstoffen ungew\u00f6hnlich ist. Die Verarbeitung des Gewebes und die Mischung der verwendeten Fasern erm\u00f6glichen eine \u00e4u\u00dferst ansprechende Farbpalette und Maserung. Die Struktur macht den Stoff kompakt und damit f\u00fcr die Verwendung in Polsterm\u00f6beln geeignet. Der so erzielte Pr\u00e4geeffekt l\u00e4sst es so aussehen, als ob sich zwei Stoffe \u00fcberlappen.<\/p>\n","protected":false},"featured_media":17686,"comment_status":"closed","ping_status":"closed","template":"","meta":[],"product_brand":[],"product_cat":[233],"product_tag":[362],"class_list":{"0":"post-47037","1":"product","2":"type-product","3":"status-publish","4":"has-post-thumbnail","6":"product_cat-stoffe","7":"product_tag-cat-d-3","9":"first","10":"instock","11":"product-type-simple"},"_links":{"self":[{"href":"https:\/\/arketipo.com\/de\/wp-json\/wp\/v2\/product\/47037","targetHints":{"allow":["GET"]}}],"collection":[{"href":"https:\/\/arketipo.com\/de\/wp-json\/wp\/v2\/product"}],"about":[{"href":"https:\/\/arketipo.com\/de\/wp-json\/wp\/v2\/types\/product"}],"replies":[{"embeddable":true,"href":"https:\/\/arketipo.com\/de\/wp-json\/wp\/v2\/comments?post=47037"}],"wp:featuredmedia":[{"embeddable":true,"href":"https:\/\/arketipo.com\/de\/wp-json\/wp\/v2\/media\/17686"}],"wp:attachment":[{"href":"https:\/\/arketipo.com\/de\/wp-json\/wp\/v2\/media?parent=47037"}],"wp:term":[{"taxonomy":"product_brand","embeddable":true,"href":"https:\/\/arketipo.com\/de\/wp-json\/wp\/v2\/product_brand?post=47037"},{"taxonomy":"product_cat","embeddable":true,"href":"https:\/\/arketipo.com\/de\/wp-json\/wp\/v2\/product_cat?post=47037"},{"taxonomy":"product_tag","embeddable":true,"href":"https:\/\/arketipo.com\/de\/wp-json\/wp\/v2\/product_tag?post=47037"}],"curies":[{"name":"wp","href":"https:\/\/api.w.org\/{rel}","templated":true}]}}