{"id":47146,"date":"2025-04-07T15:41:32","date_gmt":"2025-04-07T13:41:32","guid":{"rendered":"https:\/\/arketipo.com\/prodotto\/bodyguard\/"},"modified":"2025-09-30T17:59:31","modified_gmt":"2025-09-30T15:59:31","slug":"bodyguard","status":"publish","type":"product","link":"https:\/\/arketipo.com\/de\/prodotto\/bodyguard\/","title":{"rendered":"BODYGUARD"},"content":{"rendered":"<p>Was passiert, wenn wir aufh\u00f6ren, nur Komfort zu suchen und uns nach etwas anderem sehnen? Bodyguard m\u00f6chte, dass Sie sich nicht nur wohlf\u00fchlen, sondern auch das Gef\u00fchl haben, dass alles in Ordnung sein wird.<br \/>\nEs geht nicht immer um Komfort. Bequemlichkeit ist zu einfach, sie wird zu oft als selbstverst\u00e4ndlich angesehen. Aber was, wenn es noch etwas anderes gibt? Ein langer Tag, der in Ihrem Wohnzimmer endet, in Ihrer Ecke, ein Moment, um Gedanken und Gef\u00fchle zu sammeln. Es ist sicher, es geh\u00f6rt Ihnen.<br \/>\nBodyguard ist unsere Ode an diese Momente. Eine M\u00f6glichkeit, sich in v\u00f6lliger Freiheit und Ungezwungenheit zu entspannen. Zu wissen, dass das Unpr\u00e4zise pr\u00e4zise werden kann. Denn die Art und Weise, wie wir uns alle entspannen, ist etwas Pers\u00f6nliches, und hier, bei Bodyguard, geht es darum, dieses Gef\u00fchl einzufangen. Dieses behagliche Gef\u00fchl, das Sie sagen l\u00e4sst &#8222;wie gut ich mich f\u00fchle&#8220;.<br \/>\nWir glauben nicht, dass ein Sofa nur ein M\u00f6belst\u00fcck ist, sondern ein Zufluchtsort &#8211; eine Erfahrung, die sich mit Ihnen entwickelt. Die Bodyguard-Kissen sind in Bewegung, die Sitzfl\u00e4che passt sich an wie eine zweite Haut und umh\u00fcllt Sie mit Weichheit. Jede Armlehne, jedes Element ist so konzipiert, dass es sich bewegt, sich Ihren Bed\u00fcrfnissen anpasst und Entspannung bietet, die so nat\u00fcrlich wird wie das Atmen. Sie ist l\u00e4ssig, unstrukturiert, aber fest in ihrem Komfort &#8211; denn wahre Entspannung ist nicht starr, sie ist flie\u00dfend.<br \/>\n&#8222;Sie liegen in meinen Armen.&#8220; Dies ist Bodyguard. Ein Sofa, das Sie nicht nur unterst\u00fctzt, sondern Sie auch versteht. Denn Komfort sollte nie aufh\u00f6ren.<\/p>\n","protected":false},"excerpt":{"rendered":"<p>Was passiert, wenn wir aufh\u00f6ren, nur Komfort zu suchen und uns nach etwas anderem sehnen? Bodyguard m\u00f6chte, dass Sie sich nicht nur wohlf\u00fchlen, sondern auch das Gef\u00fchl haben, dass alles in Ordnung sein wird. Es geht nicht immer um Komfort. Bequemlichkeit ist zu einfach, sie wird zu oft als selbstverst\u00e4ndlich angesehen. Aber was, wenn es [&hellip;]<\/p>\n","protected":false},"featured_media":51141,"comment_status":"closed","ping_status":"closed","template":"","meta":[],"product_brand":[],"product_cat":[204],"product_tag":[],"class_list":{"0":"post-47146","1":"product","2":"type-product","3":"status-publish","4":"has-post-thumbnail","6":"product_cat-sofas-de","8":"first","9":"instock","10":"product-type-simple"},"_links":{"self":[{"href":"https:\/\/arketipo.com\/de\/wp-json\/wp\/v2\/product\/47146","targetHints":{"allow":["GET"]}}],"collection":[{"href":"https:\/\/arketipo.com\/de\/wp-json\/wp\/v2\/product"}],"about":[{"href":"https:\/\/arketipo.com\/de\/wp-json\/wp\/v2\/types\/product"}],"replies":[{"embeddable":true,"href":"https:\/\/arketipo.com\/de\/wp-json\/wp\/v2\/comments?post=47146"}],"wp:featuredmedia":[{"embeddable":true,"href":"https:\/\/arketipo.com\/de\/wp-json\/wp\/v2\/media\/51141"}],"wp:attachment":[{"href":"https:\/\/arketipo.com\/de\/wp-json\/wp\/v2\/media?parent=47146"}],"wp:term":[{"taxonomy":"product_brand","embeddable":true,"href":"https:\/\/arketipo.com\/de\/wp-json\/wp\/v2\/product_brand?post=47146"},{"taxonomy":"product_cat","embeddable":true,"href":"https:\/\/arketipo.com\/de\/wp-json\/wp\/v2\/product_cat?post=47146"},{"taxonomy":"product_tag","embeddable":true,"href":"https:\/\/arketipo.com\/de\/wp-json\/wp\/v2\/product_tag?post=47146"}],"curies":[{"name":"wp","href":"https:\/\/api.w.org\/{rel}","templated":true}]}}