{"id":57044,"date":"2025-10-09T11:03:06","date_gmt":"2025-10-09T09:03:06","guid":{"rendered":"https:\/\/arketipo.com\/prodotto\/bodyguard-zen\/"},"modified":"2025-10-21T16:21:54","modified_gmt":"2025-10-21T14:21:54","slug":"bodyguard-zen","status":"publish","type":"product","link":"https:\/\/arketipo.com\/de\/prodotto\/bodyguard-zen\/","title":{"rendered":"BODYGUARD ZEN"},"content":{"rendered":"<div dir=\"ltr\" data-ogsc=\"rgb(0, 0, 0)\">Was passiert, wenn der Wunsch nach Komfort auf das Streben nach \u00fcberragender Balance trifft? Das flie\u00dfende Design der R\u00fcckenlehne von Bodyguard ZEN geht \u00fcber den reinen Komfort hinaus und bietet ein umfassendes Wellness-Erlebnis. Es geht nicht mehr nur darum, sich zu entspannen, sondern darum, sich in ein Gef\u00fchl der Ruhe und Ganzheitlichkeit zu h\u00fcllen und zu wissen, dass alles an seinem Platz ist.<\/div>\n<div dir=\"ltr\" data-ogsc=\"rgb(0, 0, 0)\"><\/div>\n<div data-ogsc=\"rgb(0, 0, 0)\">Komfort allein kann verg\u00e4nglich sein. <strong>Bodyguard ZEN<\/strong> l\u00e4dt Sie ein, eine zus\u00e4tzliche Dimension zu entdecken. Stellen Sie sich das Ende eines langen Tages vor: Sie geben sich Ihrer Lieblingsecke hin, und jetzt sp\u00fcren Sie zus\u00e4tzlich zur einh\u00fcllenden Umarmung des Sitzes eine sanfte, konzentrierte Unterst\u00fctzung, die Sie willkommen hei\u00dft. Es ist ein Moment, in dem Sie Ihre Gedanken und Emotionen sammeln k\u00f6nnen, ein Zufluchtsort, der nicht nur sicher ist und Ihnen geh\u00f6rt, sondern Sie jetzt auch erhebt und unerwartete und wohltuende Unterst\u00fctzung bietet. <span data-ogsb=\"rgb(255, 255, 255)\">Es ist l\u00e4ssig, unstrukturiert, aber fest in seinem Komfort &#8211; denn wahre Entspannung ist nicht starr, sie ist flie\u00dfend und unterst\u00fctzt Sie in jeder Hinsicht.<\/span><\/div>\n<div dir=\"ltr\" data-ogsc=\"rgb(0, 0, 0)\"><\/div>\n<div data-ogsc=\"rgb(0, 0, 0)\"><strong>Bodyguard ZEN<\/strong> ist unsere Ode an diese erhebenden Momente. Eine M\u00f6glichkeit, sich in v\u00f6lliger Freiheit und Ungezwungenheit zu entspannen, in dem Wissen, dass das Ungenaue pr\u00e4zise werden kann und dass Ihr K\u00f6rper perfekt akzeptiert wird. Denn die Art und Weise, wie wir alle entspannen, ist pers\u00f6nlich.<\/div>\n","protected":false},"excerpt":{"rendered":"<p>Was passiert, wenn der Wunsch nach Komfort auf das Streben nach \u00fcberragender Balance trifft? Das flie\u00dfende Design der R\u00fcckenlehne von Bodyguard ZEN geht \u00fcber den reinen Komfort hinaus und bietet ein umfassendes Wellness-Erlebnis. Es geht nicht mehr nur darum, sich zu entspannen, sondern darum, sich in ein Gef\u00fchl der Ruhe und Ganzheitlichkeit zu h\u00fcllen und [&hellip;]<\/p>\n","protected":false},"featured_media":56752,"comment_status":"closed","ping_status":"closed","template":"","meta":[],"product_brand":[],"product_cat":[204],"product_tag":[],"class_list":{"0":"post-57044","1":"product","2":"type-product","3":"status-publish","4":"has-post-thumbnail","6":"product_cat-sofas-de","8":"first","9":"instock","10":"shipping-taxable","11":"product-type-simple"},"_links":{"self":[{"href":"https:\/\/arketipo.com\/de\/wp-json\/wp\/v2\/product\/57044","targetHints":{"allow":["GET"]}}],"collection":[{"href":"https:\/\/arketipo.com\/de\/wp-json\/wp\/v2\/product"}],"about":[{"href":"https:\/\/arketipo.com\/de\/wp-json\/wp\/v2\/types\/product"}],"replies":[{"embeddable":true,"href":"https:\/\/arketipo.com\/de\/wp-json\/wp\/v2\/comments?post=57044"}],"wp:featuredmedia":[{"embeddable":true,"href":"https:\/\/arketipo.com\/de\/wp-json\/wp\/v2\/media\/56752"}],"wp:attachment":[{"href":"https:\/\/arketipo.com\/de\/wp-json\/wp\/v2\/media?parent=57044"}],"wp:term":[{"taxonomy":"product_brand","embeddable":true,"href":"https:\/\/arketipo.com\/de\/wp-json\/wp\/v2\/product_brand?post=57044"},{"taxonomy":"product_cat","embeddable":true,"href":"https:\/\/arketipo.com\/de\/wp-json\/wp\/v2\/product_cat?post=57044"},{"taxonomy":"product_tag","embeddable":true,"href":"https:\/\/arketipo.com\/de\/wp-json\/wp\/v2\/product_tag?post=57044"}],"curies":[{"name":"wp","href":"https:\/\/api.w.org\/{rel}","templated":true}]}}