{"id":58956,"date":"2025-12-03T14:34:30","date_gmt":"2025-12-03T13:34:30","guid":{"rendered":"https:\/\/arketipo.com\/?post_type=product&#038;p=58956"},"modified":"2025-12-03T14:37:05","modified_gmt":"2025-12-03T13:37:05","slug":"leder-a-anilin-copia","status":"publish","type":"product","link":"https:\/\/arketipo.com\/de\/prodotto\/leder-a-anilin-copia\/","title":{"rendered":"Pelle B Anilina"},"content":{"rendered":"","protected":false},"excerpt":{"rendered":"<p>Dieses Leder ist ein reines Vollnarben-Anilinleder, das mit nat\u00fcrlichen \u00d6len gegerbt und speziell bearbeitet wurde, um die Poren des Leders durchscheinen zu lassen. Anilinleder sind ein Synonym f\u00fcr h\u00f6chste Qualit\u00e4t und Wertigkeit. Ohne jegliche deckende Zurichtung bringen sie die einzigartigen Eigenschaften des Leders zur Geltung und heben seine nat\u00fcrliche Maserung und Unvollkommenheiten hervor, die zu einer unverwechselbaren Note werden, die dem Produkt noch mehr Prestige verleiht. Farbabweichungen von einer Lieferung zur n\u00e4chsten und in einigen F\u00e4llen sogar zwischen verschiedenen Ledern, die f\u00fcr dasselbe Sofa verwendet werden, sind ein unvermeidliches Merkmal von anilingef\u00e4rbtem Leder. Bei normalem Gebrauch des Sofas wird das Leder an den Stellen, an denen es am st\u00e4rksten reibt, gl\u00e4nzender werden. F\u00fcr die normale Reinigung verwenden Sie ein weiches, trockenes Tuch. Verwenden Sie keine Scheuermittel oder aggressiven Produkte.     <\/p>\n","protected":false},"featured_media":58947,"comment_status":"closed","ping_status":"closed","template":"","meta":[],"product_brand":[],"product_cat":[220],"product_tag":[489],"class_list":{"0":"post-58956","1":"product","2":"type-product","3":"status-publish","4":"has-post-thumbnail","6":"product_cat-leder","7":"product_tag-pelle-b-de","9":"first","10":"instock","11":"product-type-simple"},"_links":{"self":[{"href":"https:\/\/arketipo.com\/de\/wp-json\/wp\/v2\/product\/58956","targetHints":{"allow":["GET"]}}],"collection":[{"href":"https:\/\/arketipo.com\/de\/wp-json\/wp\/v2\/product"}],"about":[{"href":"https:\/\/arketipo.com\/de\/wp-json\/wp\/v2\/types\/product"}],"replies":[{"embeddable":true,"href":"https:\/\/arketipo.com\/de\/wp-json\/wp\/v2\/comments?post=58956"}],"wp:featuredmedia":[{"embeddable":true,"href":"https:\/\/arketipo.com\/de\/wp-json\/wp\/v2\/media\/58947"}],"wp:attachment":[{"href":"https:\/\/arketipo.com\/de\/wp-json\/wp\/v2\/media?parent=58956"}],"wp:term":[{"taxonomy":"product_brand","embeddable":true,"href":"https:\/\/arketipo.com\/de\/wp-json\/wp\/v2\/product_brand?post=58956"},{"taxonomy":"product_cat","embeddable":true,"href":"https:\/\/arketipo.com\/de\/wp-json\/wp\/v2\/product_cat?post=58956"},{"taxonomy":"product_tag","embeddable":true,"href":"https:\/\/arketipo.com\/de\/wp-json\/wp\/v2\/product_tag?post=58956"}],"curies":[{"name":"wp","href":"https:\/\/api.w.org\/{rel}","templated":true}]}}