{"id":59686,"date":"2026-02-05T09:50:30","date_gmt":"2026-02-05T08:50:30","guid":{"rendered":"https:\/\/arketipo.com\/?post_type=product&#038;p=59686"},"modified":"2026-02-05T10:12:52","modified_gmt":"2026-02-05T09:12:52","slug":"thermobehandelter-eukalyptus-copia","status":"publish","type":"product","link":"https:\/\/arketipo.com\/de\/prodotto\/thermobehandelter-eukalyptus-copia\/","title":{"rendered":"Schwarze Esche"},"content":{"rendered":"","protected":false},"excerpt":{"rendered":"<p>Die nat\u00fcrliche Variation von Holz, Maserung, \u00c4sten und anderen nat\u00fcrlichen Merkmalen von Holzprodukten.<\/p>\n<p>Wir empfehlen die Verwendung von Reinigern auf Wasserbasis, die nicht sch\u00e4umen und die Oberfl\u00e4che nicht verkratzen.<\/p>\n","protected":false},"featured_media":59692,"comment_status":"closed","ping_status":"closed","template":"","meta":[],"product_brand":[],"product_cat":[206],"product_tag":[493],"class_list":{"0":"post-59686","1":"product","2":"type-product","3":"status-publish","4":"has-post-thumbnail","6":"product_cat-ausstattung-de","7":"product_tag-holz-de","9":"first","10":"instock","11":"downloadable","12":"product-type-simple"},"_links":{"self":[{"href":"https:\/\/arketipo.com\/de\/wp-json\/wp\/v2\/product\/59686","targetHints":{"allow":["GET"]}}],"collection":[{"href":"https:\/\/arketipo.com\/de\/wp-json\/wp\/v2\/product"}],"about":[{"href":"https:\/\/arketipo.com\/de\/wp-json\/wp\/v2\/types\/product"}],"replies":[{"embeddable":true,"href":"https:\/\/arketipo.com\/de\/wp-json\/wp\/v2\/comments?post=59686"}],"wp:featuredmedia":[{"embeddable":true,"href":"https:\/\/arketipo.com\/de\/wp-json\/wp\/v2\/media\/59692"}],"wp:attachment":[{"href":"https:\/\/arketipo.com\/de\/wp-json\/wp\/v2\/media?parent=59686"}],"wp:term":[{"taxonomy":"product_brand","embeddable":true,"href":"https:\/\/arketipo.com\/de\/wp-json\/wp\/v2\/product_brand?post=59686"},{"taxonomy":"product_cat","embeddable":true,"href":"https:\/\/arketipo.com\/de\/wp-json\/wp\/v2\/product_cat?post=59686"},{"taxonomy":"product_tag","embeddable":true,"href":"https:\/\/arketipo.com\/de\/wp-json\/wp\/v2\/product_tag?post=59686"}],"curies":[{"name":"wp","href":"https:\/\/api.w.org\/{rel}","templated":true}]}}