{"id":60619,"date":"2026-04-17T15:16:36","date_gmt":"2026-04-17T13:16:36","guid":{"rendered":"https:\/\/arketipo.com\/?post_type=product&#038;p=60619"},"modified":"2026-04-17T15:16:36","modified_gmt":"2026-04-17T13:16:36","slug":"sienna-side","status":"publish","type":"product","link":"https:\/\/arketipo.com\/de\/prodotto\/sienna-side\/","title":{"rendered":"Sienna Side"},"content":{"rendered":"<p>Eine Essenz, die aus dem Wunsch nach Reduktion entsteht, wobei sich die skulpturale Form vom \u00dcberfl\u00fcssigen befreit, um zu einer reinen Silhouette zu werden: Der Stuhl Sienna interpretiert das Erbe der ber\u00fchmten Grand-Version in einem neuen, schlankeren und vielseitigeren Gewand neu. Durch den Verzicht auf Armlehnen gewinnt das Design an visueller Leichtigkeit, wobei die ikonische Seele, die architektonische Strenge und ma\u00dfgeschneiderte Weichheit vereint, unver\u00e4ndert erhalten bleibt.<br \/>\nDie halbmondf\u00f6rmige R\u00fcckenlehne, ein charakteristisches Merkmal der Kollektion, scheint ganz nat\u00fcrlich aus den rundprofilierten Beinen zu erwachsen und definiert ein monolithisches, harmonisches Volumen, das den K\u00f6rper diskret umh\u00fcllt. Jede Linie ist darauf ausgelegt, durch ein klares und ausgewogenes Design maximalen Komfort zu bieten, wobei der Stoffbezug eins mit der Struktur wird. So verwandelt sich der Stuhl in ein totemisches Objekt, das den Essbereich mit stiller Eleganz und einer skulpturalen Pr\u00e4senz erf\u00fcllt, die die Sch\u00f6nheit der reinen Form zelebriert.   <\/p>\n","protected":false},"excerpt":{"rendered":"<p>Eine Essenz, die aus dem Wunsch nach Reduktion entsteht, wobei sich die skulpturale Form vom \u00dcberfl\u00fcssigen befreit, um zu einer reinen Silhouette zu werden: Der Stuhl Sienna interpretiert das Erbe der ber\u00fchmten Grand-Version in einem neuen, schlankeren und vielseitigeren Gewand neu. Durch den Verzicht auf Armlehnen gewinnt das Design an visueller Leichtigkeit, wobei die ikonische [&hellip;]<\/p>\n","protected":false},"featured_media":60587,"comment_status":"closed","ping_status":"closed","template":"","meta":[],"product_brand":[],"product_cat":[208,216,224],"product_tag":[],"class_list":{"0":"post-60619","1":"product","2":"type-product","3":"status-publish","4":"has-post-thumbnail","6":"product_cat-indoor-de","7":"product_cat-nachrichten","8":"product_cat-stuhle","10":"first","11":"instock","12":"shipping-taxable","13":"product-type-simple"},"_links":{"self":[{"href":"https:\/\/arketipo.com\/de\/wp-json\/wp\/v2\/product\/60619","targetHints":{"allow":["GET"]}}],"collection":[{"href":"https:\/\/arketipo.com\/de\/wp-json\/wp\/v2\/product"}],"about":[{"href":"https:\/\/arketipo.com\/de\/wp-json\/wp\/v2\/types\/product"}],"replies":[{"embeddable":true,"href":"https:\/\/arketipo.com\/de\/wp-json\/wp\/v2\/comments?post=60619"}],"wp:featuredmedia":[{"embeddable":true,"href":"https:\/\/arketipo.com\/de\/wp-json\/wp\/v2\/media\/60587"}],"wp:attachment":[{"href":"https:\/\/arketipo.com\/de\/wp-json\/wp\/v2\/media?parent=60619"}],"wp:term":[{"taxonomy":"product_brand","embeddable":true,"href":"https:\/\/arketipo.com\/de\/wp-json\/wp\/v2\/product_brand?post=60619"},{"taxonomy":"product_cat","embeddable":true,"href":"https:\/\/arketipo.com\/de\/wp-json\/wp\/v2\/product_cat?post=60619"},{"taxonomy":"product_tag","embeddable":true,"href":"https:\/\/arketipo.com\/de\/wp-json\/wp\/v2\/product_tag?post=60619"}],"curies":[{"name":"wp","href":"https:\/\/api.w.org\/{rel}","templated":true}]}}