{"id":60772,"date":"2026-04-17T15:16:00","date_gmt":"2026-04-17T13:16:00","guid":{"rendered":"https:\/\/arketipo.com\/?post_type=product&#038;p=60772"},"modified":"2026-04-17T15:16:01","modified_gmt":"2026-04-17T13:16:01","slug":"more","status":"publish","type":"product","link":"https:\/\/arketipo.com\/de\/prodotto\/more\/","title":{"rendered":"More"},"content":{"rendered":"<p>Eine stille Architektur, die den Raum mit der Anmut eines grafischen Zeichens bev\u00f6lkert: Dieses neue B\u00fccherregal offenbart sich durch ein fadenf\u00f6rmiges und vertikales Design, das als raffiniertes visuelles Diaphragma konzipiert ist. Das Element ist mehr als ein einfacher Beh\u00e4lter, es wird zu einer leichten Membran, die in der Lage ist, R\u00e4ume abzugrenzen, ohne sie jemals zu verschlie\u00dfen und den Blick und das Licht frei flie\u00dfen zu lassen. Die Struktur findet ihren maximalen Ausdruck in den materiellen Details, wo die fein geformten Holzb\u00f6den mit einem weichen Seifenkistenprofil alle Kanten eliminieren, um eine flie\u00dfende und nat\u00fcrliche \u00c4sthetik zu umarmen.<br \/>\nDank seiner vielseitigen Konfiguration, die eine Verankerung vom Boden bis zur Decke oder vom Boden bis zur Wand erm\u00f6glicht, eignet sich das System perfekt als Protagonist in der Mitte des Raumes und verwandelt sich in einen \u00e4therischen Raumteiler, der das Wohnzimmer mit diskretem Luxus und zeitloser Strenge organisiert.  <\/p>\n","protected":false},"excerpt":{"rendered":"<p>Eine stille Architektur, die den Raum mit der Anmut eines grafischen Zeichens bev\u00f6lkert: Dieses neue B\u00fccherregal offenbart sich durch ein fadenf\u00f6rmiges und vertikales Design, das als raffiniertes visuelles Diaphragma konzipiert ist. Das Element ist mehr als ein einfacher Beh\u00e4lter, es wird zu einer leichten Membran, die in der Lage ist, R\u00e4ume abzugrenzen, ohne sie jemals [&hellip;]<\/p>\n","protected":false},"featured_media":60743,"comment_status":"closed","ping_status":"closed","template":"","meta":[],"product_brand":[],"product_cat":[202,208,216],"product_tag":[],"class_list":{"0":"post-60772","1":"product","2":"type-product","3":"status-publish","4":"has-post-thumbnail","6":"product_cat-erganzungen","7":"product_cat-indoor-de","8":"product_cat-nachrichten","10":"first","11":"instock","12":"shipping-taxable","13":"product-type-simple"},"_links":{"self":[{"href":"https:\/\/arketipo.com\/de\/wp-json\/wp\/v2\/product\/60772","targetHints":{"allow":["GET"]}}],"collection":[{"href":"https:\/\/arketipo.com\/de\/wp-json\/wp\/v2\/product"}],"about":[{"href":"https:\/\/arketipo.com\/de\/wp-json\/wp\/v2\/types\/product"}],"replies":[{"embeddable":true,"href":"https:\/\/arketipo.com\/de\/wp-json\/wp\/v2\/comments?post=60772"}],"wp:featuredmedia":[{"embeddable":true,"href":"https:\/\/arketipo.com\/de\/wp-json\/wp\/v2\/media\/60743"}],"wp:attachment":[{"href":"https:\/\/arketipo.com\/de\/wp-json\/wp\/v2\/media?parent=60772"}],"wp:term":[{"taxonomy":"product_brand","embeddable":true,"href":"https:\/\/arketipo.com\/de\/wp-json\/wp\/v2\/product_brand?post=60772"},{"taxonomy":"product_cat","embeddable":true,"href":"https:\/\/arketipo.com\/de\/wp-json\/wp\/v2\/product_cat?post=60772"},{"taxonomy":"product_tag","embeddable":true,"href":"https:\/\/arketipo.com\/de\/wp-json\/wp\/v2\/product_tag?post=60772"}],"curies":[{"name":"wp","href":"https:\/\/api.w.org\/{rel}","templated":true}]}}