{"id":60776,"date":"2026-04-17T15:16:17","date_gmt":"2026-04-17T13:16:17","guid":{"rendered":"https:\/\/arketipo.com\/?post_type=product&#038;p=60776"},"modified":"2026-04-17T15:16:18","modified_gmt":"2026-04-17T13:16:18","slug":"santos-xl","status":"publish","type":"product","link":"https:\/\/arketipo.com\/de\/prodotto\/santos-xl\/","title":{"rendered":"Santos XL"},"content":{"rendered":"<p>Die Evolution einer Ikone, bei der Komfort auf die Freiheit des modularen Designs trifft: Das Sofa Santos XL wird umgestaltet und erh\u00e4lt eine neue \u00c4sthetik, die flie\u00dfende Formen und visuellen Komfort beg\u00fcnstigt. In dieser neuesten Interpretation wurde das Design einer tiefgreifenden Neugestaltung unterzogen, die seine strengen Merkmale in abgerundete, weiche Formen verwandelt hat. <\/p>\n<p>Die zugrunde liegende Wabenstruktur, solide und materiell, bleibt das R\u00fcckgrat des Designs, beherbergt aber jetzt gro\u00dfz\u00fcgige gepolsterte Volumen, die in einem kontinuierlichen Fluss ineinander zu verschmelzen scheinen. Inspiriert von der Freiheit der 1970er Jahre, aber neu interpretiert mit einer zeitgen\u00f6ssischen, architektonischen Eleganz, ist Santos XL nicht nur ein M\u00f6belst\u00fcck, sondern eine wahre Architektur der Entspannung, die dank ihrer vielseitigen Struktur gro\u00dfe und gem\u00fctliche Inseln des Komforts schafft, im luxuri\u00f6sen Outdoor-Living, als Teiler gro\u00dfer Rasenfl\u00e4chen oder Terrassen. <\/p>\n","protected":false},"excerpt":{"rendered":"<p>Die Evolution einer Ikone, bei der Komfort auf die Freiheit des modularen Designs trifft: Das Sofa Santos XL wird umgestaltet und erh\u00e4lt eine neue \u00c4sthetik, die flie\u00dfende Formen und visuellen Komfort beg\u00fcnstigt. In dieser neuesten Interpretation wurde das Design einer tiefgreifenden Neugestaltung unterzogen, die seine strengen Merkmale in abgerundete, weiche Formen verwandelt hat. Die zugrunde [&hellip;]<\/p>\n","protected":false},"featured_media":60680,"comment_status":"closed","ping_status":"closed","template":"","meta":[],"product_brand":[],"product_cat":[216,226,218,204],"product_tag":[],"class_list":{"0":"post-60776","1":"product","2":"type-product","3":"status-publish","4":"has-post-thumbnail","6":"product_cat-nachrichten","7":"product_cat-ohne-kategorie","8":"product_cat-outdoor-de","9":"product_cat-sofas-de","11":"first","12":"instock","13":"shipping-taxable","14":"product-type-simple"},"_links":{"self":[{"href":"https:\/\/arketipo.com\/de\/wp-json\/wp\/v2\/product\/60776","targetHints":{"allow":["GET"]}}],"collection":[{"href":"https:\/\/arketipo.com\/de\/wp-json\/wp\/v2\/product"}],"about":[{"href":"https:\/\/arketipo.com\/de\/wp-json\/wp\/v2\/types\/product"}],"replies":[{"embeddable":true,"href":"https:\/\/arketipo.com\/de\/wp-json\/wp\/v2\/comments?post=60776"}],"wp:featuredmedia":[{"embeddable":true,"href":"https:\/\/arketipo.com\/de\/wp-json\/wp\/v2\/media\/60680"}],"wp:attachment":[{"href":"https:\/\/arketipo.com\/de\/wp-json\/wp\/v2\/media?parent=60776"}],"wp:term":[{"taxonomy":"product_brand","embeddable":true,"href":"https:\/\/arketipo.com\/de\/wp-json\/wp\/v2\/product_brand?post=60776"},{"taxonomy":"product_cat","embeddable":true,"href":"https:\/\/arketipo.com\/de\/wp-json\/wp\/v2\/product_cat?post=60776"},{"taxonomy":"product_tag","embeddable":true,"href":"https:\/\/arketipo.com\/de\/wp-json\/wp\/v2\/product_tag?post=60776"}],"curies":[{"name":"wp","href":"https:\/\/api.w.org\/{rel}","templated":true}]}}