{"id":61185,"date":"2026-04-17T18:46:08","date_gmt":"2026-04-17T16:46:08","guid":{"rendered":"https:\/\/arketipo.com\/prodotto\/wideboy\/"},"modified":"2026-04-17T18:46:08","modified_gmt":"2026-04-17T16:46:08","slug":"wideboy","status":"publish","type":"product","link":"https:\/\/arketipo.com\/de\/prodotto\/wideboy\/","title":{"rendered":"WIDEBOY"},"content":{"rendered":"<p>Eine gewagte \u00c4sthetik, die mit dem Gleichgewicht zwischen Strenge und Hingabe spielt: Das Sofa <b>Wideboy<\/b> verk\u00f6rpert eine neue Vision von Komfort, bei der die<b>Inspiration, die mit der Gr\u00f6\u00dfe des Volumens verbunden ist<\/b>, mit einer au\u00dfergew\u00f6hnlichen Schneiderkunst verschmilzt. Die Struktur wird durch eine Reihe von starren Lederpaneelen definiert, die von markanten Riemendetails zusammengehalten werden, die die gro\u00dfz\u00fcgigen Proportionen umschlie\u00dfen und an die raffinierten Lederwaren vergangener Zeiten erinnern. <\/p>\n<p>Dieser \u00e4u\u00dfere K\u00e4fig, entschieden und strukturiert, beherbergt im Kontrast dazu eine Sitzfl\u00e4che mit unterschiedlich dichter Polsterung, die so konzipiert ist, dass sie eine umh\u00fcllende Unterst\u00fctzung bietet, die trotz ihrer Gr\u00f6\u00dfe nie ihre Form verliert. Gepolstert mit nat\u00fcrlichen Stoffen mit f\u00fchlbarer Textur oder feinem Leder, scheint der K\u00f6rper von <b>Wideboy<\/b> leicht im Raum zu schweben, dank eines Sockels mit unsichtbaren Blattf\u00fc\u00dfen, die die Struktur anheben und ihr einen suggestiven Schwebeeffekt verleihen. <\/p>\n<p>Es ist ein Design mit Charakter, das in der Lage ist, mit skulpturaler St\u00e4rke zu m\u00f6blieren, ohne dabei die Sanftheit einer allt\u00e4glichen Umarmung zu opfern.<\/p>\n","protected":false},"excerpt":{"rendered":"<p>Eine gewagte \u00c4sthetik, die mit dem Gleichgewicht zwischen Strenge und Hingabe spielt: Das Sofa Wideboy verk\u00f6rpert eine neue Vision von Komfort, bei der dieInspiration, die mit der Gr\u00f6\u00dfe des Volumens verbunden ist, mit einer au\u00dfergew\u00f6hnlichen Schneiderkunst verschmilzt. Die Struktur wird durch eine Reihe von starren Lederpaneelen definiert, die von markanten Riemendetails zusammengehalten werden, die die [&hellip;]<\/p>\n","protected":false},"featured_media":60986,"comment_status":"closed","ping_status":"closed","template":"","meta":[],"product_brand":[],"product_cat":[216,204],"product_tag":[],"class_list":{"0":"post-61185","1":"product","2":"type-product","3":"status-publish","4":"has-post-thumbnail","6":"product_cat-nachrichten","7":"product_cat-sofas-de","9":"first","10":"instock","11":"shipping-taxable","12":"product-type-simple"},"_links":{"self":[{"href":"https:\/\/arketipo.com\/de\/wp-json\/wp\/v2\/product\/61185","targetHints":{"allow":["GET"]}}],"collection":[{"href":"https:\/\/arketipo.com\/de\/wp-json\/wp\/v2\/product"}],"about":[{"href":"https:\/\/arketipo.com\/de\/wp-json\/wp\/v2\/types\/product"}],"replies":[{"embeddable":true,"href":"https:\/\/arketipo.com\/de\/wp-json\/wp\/v2\/comments?post=61185"}],"wp:featuredmedia":[{"embeddable":true,"href":"https:\/\/arketipo.com\/de\/wp-json\/wp\/v2\/media\/60986"}],"wp:attachment":[{"href":"https:\/\/arketipo.com\/de\/wp-json\/wp\/v2\/media?parent=61185"}],"wp:term":[{"taxonomy":"product_brand","embeddable":true,"href":"https:\/\/arketipo.com\/de\/wp-json\/wp\/v2\/product_brand?post=61185"},{"taxonomy":"product_cat","embeddable":true,"href":"https:\/\/arketipo.com\/de\/wp-json\/wp\/v2\/product_cat?post=61185"},{"taxonomy":"product_tag","embeddable":true,"href":"https:\/\/arketipo.com\/de\/wp-json\/wp\/v2\/product_tag?post=61185"}],"curies":[{"name":"wp","href":"https:\/\/api.w.org\/{rel}","templated":true}]}}