{"id":15549,"date":"2025-07-13T08:55:30","date_gmt":"2025-07-13T06:55:30","guid":{"rendered":"https:\/\/arketipo.com\/moodboard\/"},"modified":"2025-08-07T16:52:21","modified_gmt":"2025-08-07T14:52:21","slug":"moodboard","status":"publish","type":"page","link":"https:\/\/arketipo.com\/en\/moodboard\/","title":{"rendered":"Moodboard"},"content":{"rendered":"\t\t<div data-elementor-type=\"wp-page\" data-elementor-id=\"15549\" class=\"elementor elementor-15549 elementor-4494\" data-elementor-post-type=\"page\">\n\t\t\t\t<div class=\"elementor-element elementor-element-365c936 e-flex e-con-boxed e-con e-parent\" data-id=\"365c936\" data-element_type=\"container\">\n\t\t\t\t\t<div class=\"e-con-inner\">\n\t\t<div class=\"elementor-element elementor-element-0385384 e-con-full e-flex e-con e-child\" data-id=\"0385384\" data-element_type=\"container\">\n\t\t\t\t<div class=\"elementor-element elementor-element-1d1603d elementor-widget elementor-widget-heading\" data-id=\"1d1603d\" data-element_type=\"widget\" data-widget_type=\"heading.default\">\n\t\t\t\t<div class=\"elementor-widget-container\">\n\t\t\t\t\t<h2 class=\"elementor-heading-title elementor-size-default\">FEEDING YOUR IDEAS<\/h2>\t\t\t\t<\/div>\n\t\t\t\t<\/div>\n\t\t\t\t<div class=\"elementor-element elementor-element-5beb0ef elementor-widget elementor-widget-text-editor\" data-id=\"5beb0ef\" data-element_type=\"widget\" data-widget_type=\"text-editor.default\">\n\t\t\t\t<div class=\"elementor-widget-container\">\n\t\t\t\t\t\t\t\t\t<p>Creativity is art, imagination<br>is practical, and design is freedom.<\/p><p>It is about making what you desire and<br>what you imagine become what you can create.<\/p><p>This is our Moodboard, a gift from our<br>creative minds for you.<\/p>\t\t\t\t\t\t\t\t<\/div>\n\t\t\t\t<\/div>\n\t\t\t\t<\/div>\n\t\t<div class=\"elementor-element elementor-element-ba19c11 e-con-full e-flex e-con e-child\" data-id=\"ba19c11\" data-element_type=\"container\">\n\t\t\t\t<div class=\"elementor-element elementor-element-f2a62b1 elementor-widget elementor-widget-image\" data-id=\"f2a62b1\" data-element_type=\"widget\" data-widget_type=\"image.default\">\n\t\t\t\t<div class=\"elementor-widget-container\">\n\t\t\t\t\t\t\t\t\t\t\t\t\t\t\t<img fetchpriority=\"high\" decoding=\"async\" width=\"800\" height=\"501\" src=\"https:\/\/arketipo.com\/wp-content\/uploads\/2025\/07\/Arketipo_moodboard-hero-copia-1024x641.webp\" class=\"attachment-large size-large wp-image-14896\" alt=\"\" srcset=\"https:\/\/arketipo.com\/wp-content\/uploads\/2025\/07\/Arketipo_moodboard-hero-copia-1024x641.webp 1024w, https:\/\/arketipo.com\/wp-content\/uploads\/2025\/07\/Arketipo_moodboard-hero-copia-300x188.webp 300w, https:\/\/arketipo.com\/wp-content\/uploads\/2025\/07\/Arketipo_moodboard-hero-copia-768x480.webp 768w, https:\/\/arketipo.com\/wp-content\/uploads\/2025\/07\/Arketipo_moodboard-hero-copia-1536x961.webp 1536w, https:\/\/arketipo.com\/wp-content\/uploads\/2025\/07\/Arketipo_moodboard-hero-copia-600x375.webp 600w, https:\/\/arketipo.com\/wp-content\/uploads\/2025\/07\/Arketipo_moodboard-hero-copia.webp 1720w\" sizes=\"(max-width: 800px) 100vw, 800px\" \/>\t\t\t\t\t\t\t\t\t\t\t\t\t\t\t<\/div>\n\t\t\t\t<\/div>\n\t\t\t\t<\/div>\n\t\t\t\t\t<\/div>\n\t\t\t\t<\/div>\n\t\t<div class=\"elementor-element elementor-element-4793b3c e-con-full e-flex e-con e-parent\" data-id=\"4793b3c\" data-element_type=\"container\">\n\t\t\t\t<div class=\"elementor-element elementor-element-8daa16b elementor-widget elementor-widget-loop_moodboard_widget\" data-id=\"8daa16b\" data-element_type=\"widget\" data-widget_type=\"loop_moodboard_widget.default\">\n\t\t\t\t<div class=\"elementor-widget-container\">\n\t\t\t\t\t<div class=\"sezione-moodboard-list\"><div class=\"box-loop-moodboard\"><a href=\"https:\/\/arketipo.com\/en\/?moodboard=urban\"><\/a><img loading=\"lazy\" decoding=\"async\" src=\"https:\/\/arketipo.com\/wp-content\/uploads\/2025\/07\/Urban_moodboard-scaled-1.webp\" alt=\"Urban\" loading=\"lazy\" width=\"1920\" height=\"700\"><h3>Urban<\/h3><h5>Discover more<\/h5><\/div><div class=\"box-loop-moodboard\"><a href=\"https:\/\/arketipo.com\/en\/?moodboard=royal\"><\/a><img loading=\"lazy\" decoding=\"async\" src=\"https:\/\/arketipo.com\/wp-content\/uploads\/2025\/07\/gallery_royal_1-1.jpg\" alt=\"Royal\" loading=\"lazy\" width=\"1920\" height=\"700\"><h3>Royal<\/h3><h5>Discover more<\/h5><\/div><div class=\"box-loop-moodboard\"><a href=\"https:\/\/arketipo.com\/en\/?moodboard=nimbus\"><\/a><img loading=\"lazy\" decoding=\"async\" src=\"https:\/\/arketipo.com\/wp-content\/uploads\/2025\/07\/moodboard_nimbus_2-scaled-1.jpg\" alt=\"Nimbus\" loading=\"lazy\" width=\"1920\" height=\"700\"><h3>Nimbus<\/h3><h5>Discover more<\/h5><\/div><div class=\"box-loop-moodboard\"><a href=\"https:\/\/arketipo.com\/en\/?moodboard=lumi\"><\/a><img loading=\"lazy\" decoding=\"async\" src=\"https:\/\/arketipo.com\/wp-content\/uploads\/2025\/07\/Moodboard_lumi-2-scaled-1.jpg\" alt=\"Lumi\" loading=\"lazy\" width=\"1920\" height=\"700\"><h3>Lumi<\/h3><h5>Discover more<\/h5><\/div><div class=\"box-loop-moodboard\"><a href=\"https:\/\/arketipo.com\/en\/?moodboard=lagos\"><\/a><img loading=\"lazy\" decoding=\"async\" src=\"https:\/\/arketipo.com\/wp-content\/uploads\/2025\/07\/Moodboard_lagos_1-scaled-1.jpg\" alt=\"Lagos\" loading=\"lazy\" width=\"1920\" height=\"700\"><h3>Lagos<\/h3><h5>Discover more<\/h5><\/div><div class=\"box-loop-moodboard\"><a href=\"https:\/\/arketipo.com\/en\/?moodboard=jazz\"><\/a><img loading=\"lazy\" decoding=\"async\" src=\"https:\/\/arketipo.com\/wp-content\/uploads\/2025\/07\/Moodboard_jazz_1-scaled-1.jpg\" alt=\"Jazz\" loading=\"lazy\" width=\"1920\" height=\"700\"><h3>Jazz<\/h3><h5>Discover more<\/h5><\/div><div class=\"box-loop-moodboard\"><a href=\"https:\/\/arketipo.com\/en\/?moodboard=ginger\"><\/a><img loading=\"lazy\" decoding=\"async\" src=\"https:\/\/arketipo.com\/wp-content\/uploads\/2025\/07\/Moodboard_ginger_1-scaled-1.jpg\" alt=\"Ginger\" loading=\"lazy\" width=\"1920\" height=\"700\"><h3>Ginger<\/h3><h5>Discover more<\/h5><\/div><div class=\"box-loop-moodboard\"><a href=\"https:\/\/arketipo.com\/en\/?moodboard=empire\"><\/a><img loading=\"lazy\" decoding=\"async\" src=\"https:\/\/arketipo.com\/wp-content\/uploads\/2025\/07\/Moodboard_empire_1-scaled-1.jpg\" alt=\"Empire\" loading=\"lazy\" width=\"1920\" height=\"700\"><h3>Empire<\/h3><h5>Discover more<\/h5><\/div><div class=\"box-loop-moodboard\"><a href=\"https:\/\/arketipo.com\/en\/?moodboard=celio\"><\/a><img loading=\"lazy\" decoding=\"async\" src=\"https:\/\/arketipo.com\/wp-content\/uploads\/2025\/07\/Moodboard_celio_1-scaled-1.jpg\" alt=\"Celio\" loading=\"lazy\" width=\"1920\" height=\"700\"><h3>Celio<\/h3><h5>Discover more<\/h5><\/div><div class=\"box-loop-moodboard\"><a href=\"https:\/\/arketipo.com\/en\/?moodboard=cassia\"><\/a><img loading=\"lazy\" decoding=\"async\" src=\"https:\/\/arketipo.com\/wp-content\/uploads\/2025\/07\/Moodboard_cassia1-scaled-1.jpg\" alt=\"Cassia\" loading=\"lazy\" width=\"1920\" height=\"700\"><h3>Cassia<\/h3><h5>Discover more<\/h5><\/div><div class=\"box-loop-moodboard\"><a href=\"https:\/\/arketipo.com\/en\/?moodboard=calipso\"><\/a><img loading=\"lazy\" decoding=\"async\" src=\"https:\/\/arketipo.com\/wp-content\/uploads\/2025\/07\/Moodboard_calipso1-scaled-1.jpg\" alt=\"Calipso\" loading=\"lazy\" width=\"1920\" height=\"700\"><h3>Calipso<\/h3><h5>Discover more<\/h5><\/div><div class=\"box-loop-moodboard\"><a href=\"https:\/\/arketipo.com\/en\/?moodboard=bilbao\"><\/a><img loading=\"lazy\" decoding=\"async\" src=\"https:\/\/arketipo.com\/wp-content\/uploads\/2025\/07\/Moodboard_bilbao2-scaled-1.jpg\" alt=\"Bilbao\" loading=\"lazy\" width=\"1920\" height=\"700\"><h3>Bilbao<\/h3><h5>Discover more<\/h5><\/div><\/div>\t\t\t\t<\/div>\n\t\t\t\t<\/div>\n\t\t\t\t<\/div>\n\t\t\t\t<\/div>\n\t\t","protected":false},"excerpt":{"rendered":"<p>FEEDING YOUR IDEAS Creativity is art, imaginationis practical, and design is freedom. It is about making what you desire andwhat you imagine become what you can create. This is our Moodboard, a gift from ourcreative minds for you. Urban Scopri di pi\u00f9 Royal Scopri di pi\u00f9 Nimbus Scopri di pi\u00f9 Lumi Scopri di pi\u00f9 Lagos [&hellip;]<\/p>\n","protected":false},"author":1,"featured_media":0,"parent":0,"menu_order":0,"comment_status":"closed","ping_status":"closed","template":"elementor_header_footer","meta":{"footnotes":""},"class_list":["post-15549","page","type-page","status-publish","hentry"],"_links":{"self":[{"href":"https:\/\/arketipo.com\/en\/wp-json\/wp\/v2\/pages\/15549","targetHints":{"allow":["GET"]}}],"collection":[{"href":"https:\/\/arketipo.com\/en\/wp-json\/wp\/v2\/pages"}],"about":[{"href":"https:\/\/arketipo.com\/en\/wp-json\/wp\/v2\/types\/page"}],"author":[{"embeddable":true,"href":"https:\/\/arketipo.com\/en\/wp-json\/wp\/v2\/users\/1"}],"replies":[{"embeddable":true,"href":"https:\/\/arketipo.com\/en\/wp-json\/wp\/v2\/comments?post=15549"}],"version-history":[{"count":5,"href":"https:\/\/arketipo.com\/en\/wp-json\/wp\/v2\/pages\/15549\/revisions"}],"predecessor-version":[{"id":52431,"href":"https:\/\/arketipo.com\/en\/wp-json\/wp\/v2\/pages\/15549\/revisions\/52431"}],"wp:attachment":[{"href":"https:\/\/arketipo.com\/en\/wp-json\/wp\/v2\/media?parent=15549"}],"curies":[{"name":"wp","href":"https:\/\/api.w.org\/{rel}","templated":true}]}}