{"id":49814,"date":"2025-07-11T17:51:19","date_gmt":"2025-07-11T15:51:19","guid":{"rendered":"https:\/\/arketipo.com\/designer\/"},"modified":"2025-07-29T09:20:26","modified_gmt":"2025-07-29T07:20:26","slug":"designer","status":"publish","type":"page","link":"https:\/\/arketipo.com\/es\/designer\/","title":{"rendered":"Designer"},"content":{"rendered":"\t\t<div data-elementor-type=\"wp-page\" data-elementor-id=\"49814\" class=\"elementor elementor-49814 elementor-2569\" data-elementor-post-type=\"page\">\n\t\t\t\t<div class=\"elementor-element elementor-element-a86471b e-flex e-con-boxed e-con e-parent\" data-id=\"a86471b\" data-element_type=\"container\">\n\t\t\t\t\t<div class=\"e-con-inner\">\n\t\t\t\t<div class=\"elementor-element elementor-element-01fc7e6 elementor-widget elementor-widget-heading\" data-id=\"01fc7e6\" data-element_type=\"widget\" data-widget_type=\"heading.default\">\n\t\t\t\t<div class=\"elementor-widget-container\">\n\t\t\t\t\t<h2 class=\"elementor-heading-title elementor-size-default\">Maestros de la Atenci\u00f3n Plena<\/h2>\t\t\t\t<\/div>\n\t\t\t\t<\/div>\n\t\t\t\t<div class=\"elementor-element elementor-element-e1d90a1 elementor-widget elementor-widget-text-editor\" data-id=\"e1d90a1\" data-element_type=\"widget\" data-widget_type=\"text-editor.default\">\n\t\t\t\t<div class=\"elementor-widget-container\">\n\t\t\t\t\t\t\t\t\t<p>Un dise\u00f1o ic\u00f3nico es el resultado de todo menos de la suerte. En el coraz\u00f3n del proceso hay un dise\u00f1ador, un navegante de la moda actual,<br>un explorador del pasado, un esp\u00edritu aventurero que mira hacia el futuro.<\/p><p>Implica una capacidad para comprender lo que no podemos ver, una comprensi\u00f3n del equilibrio y la identidad, una visi\u00f3n clara y despejada del ma\u00f1ana,<br>en resumen, un dominio perfecto de la conciencia para hacer frente a las presiones de un mundo esclavizado demasiado a menudo por el exceso.<\/p>\t\t\t\t\t\t\t\t<\/div>\n\t\t\t\t<\/div>\n\t\t\t\t\t<\/div>\n\t\t\t\t<\/div>\n\t\t<div class=\"elementor-element elementor-element-03874c6 e-con-full e-flex e-con e-parent\" data-id=\"03874c6\" data-element_type=\"container\">\n\t\t\t\t<div class=\"elementor-element elementor-element-a4651f9 elementor-widget elementor-widget-slide_singolo_designer\" data-id=\"a4651f9\" data-element_type=\"widget\" data-widget_type=\"slide_singolo_designer.default\">\n\t\t\t\t<div class=\"elementor-widget-container\">\n\t\t\t\t\t<div class=\"sezione-slide-designer\"><div class=\"swiper-slider SliderDesigner\"><div class=\"swiper-wrapper\"><div class=\"swiper-slide\"><div class=\"box-slide-designer\"><a href=\"https:\/\/arketipo.com\/es\/designer\/studio-arketipo\/\"><img decoding=\"async\" src=\"https:\/\/arketipo.com\/wp-content\/uploads\/2025\/11\/Studio-Arketipo.png\" alt=\"Studio Arketipo\" loading=\"lazy\"><h3>Studio Arketipo<\/h3><\/a><\/div><\/div><div class=\"swiper-slide\"><div class=\"box-slide-designer\"><a href=\"https:\/\/arketipo.com\/es\/designer\/giuseppe-vigano\/\"><img decoding=\"async\" src=\"https:\/\/arketipo.com\/wp-content\/uploads\/2025\/07\/Vigano.png\" alt=\"Giuseppe Vigan\u00f2\" loading=\"lazy\"><h3>Giuseppe Vigan\u00f2<\/h3><\/a><\/div><\/div><div class=\"swiper-slide\"><div class=\"box-slide-designer\"><a href=\"https:\/\/arketipo.com\/es\/designer\/ludovica-roberto-palomba\/\"><img decoding=\"async\" src=\"https:\/\/arketipo.com\/wp-content\/uploads\/2025\/07\/Palomba-1.jpg\" alt=\"Ludovica &#038; Roberto Palomba\" loading=\"lazy\"><h3>Ludovica &#038; Roberto Palomba<\/h3><\/a><\/div><\/div><div class=\"swiper-slide\"><div class=\"box-slide-designer\"><a href=\"https:\/\/arketipo.com\/es\/designer\/nendo\/\"><img decoding=\"async\" src=\"https:\/\/arketipo.com\/wp-content\/uploads\/2025\/07\/Nendo.jpg\" alt=\"Nendo\" loading=\"lazy\"><h3>Nendo<\/h3><\/a><\/div><\/div><div class=\"swiper-slide\"><div class=\"box-slide-designer\"><a href=\"https:\/\/arketipo.com\/es\/designer\/massimo-lorusso\/\"><img decoding=\"async\" src=\"https:\/\/arketipo.com\/wp-content\/uploads\/2025\/07\/Massimo_lorusso.jpg\" alt=\"Massimo Lorusso\" loading=\"lazy\"><h3>Massimo Lorusso<\/h3><\/a><\/div><\/div><div class=\"swiper-slide\"><div class=\"box-slide-designer\"><a href=\"https:\/\/arketipo.com\/es\/designer\/adriano-piazzesi\/\"><img decoding=\"async\" src=\"https:\/\/arketipo.com\/wp-content\/uploads\/2025\/07\/Piazzesi.jpg\" alt=\"Adriano Piazzesi\" loading=\"lazy\"><h3>Adriano Piazzesi<\/h3><\/a><\/div><\/div><div class=\"swiper-slide\"><div class=\"box-slide-designer\"><a href=\"https:\/\/arketipo.com\/es\/designer\/manzoni-tapinassi\/\"><img decoding=\"async\" src=\"https:\/\/arketipo.com\/wp-content\/uploads\/2025\/07\/manzoni.jpg\" alt=\"Manzoni &#038; Tapinassi\" loading=\"lazy\"><h3>Manzoni &#038; Tapinassi<\/h3><\/a><\/div><\/div><div class=\"swiper-slide\"><div class=\"box-slide-designer\"><a href=\"https:\/\/arketipo.com\/es\/designer\/lorenzo-remedi\/\"><img decoding=\"async\" src=\"https:\/\/arketipo.com\/wp-content\/uploads\/2025\/07\/remedi-foto.jpg\" alt=\"Lorenzo Remedi\" loading=\"lazy\"><h3>Lorenzo Remedi<\/h3><\/a><\/div><\/div><div class=\"swiper-slide\"><div class=\"box-slide-designer\"><a href=\"https:\/\/arketipo.com\/es\/designer\/boattomartino-studio\/\"><img decoding=\"async\" src=\"https:\/\/arketipo.com\/wp-content\/uploads\/2025\/07\/boattomartino-foto.jpg\" alt=\"Boattomartino Studio\" loading=\"lazy\"><h3>Boattomartino Studio<\/h3><\/a><\/div><\/div><div class=\"swiper-slide\"><div class=\"box-slide-designer\"><a href=\"https:\/\/arketipo.com\/es\/designer\/carlo-bimbi\/\"><img decoding=\"async\" src=\"https:\/\/arketipo.com\/wp-content\/uploads\/2025\/07\/carlo-bimbi.jpg\" alt=\"Carlo Bimbi\" loading=\"lazy\"><h3>Carlo Bimbi<\/h3><\/a><\/div><\/div><div class=\"swiper-slide\"><div class=\"box-slide-designer\"><a href=\"https:\/\/arketipo.com\/es\/designer\/bernhardt-vella\/\"><img decoding=\"async\" src=\"https:\/\/arketipo.com\/wp-content\/uploads\/2025\/07\/Bernhardt-Vella.jpg\" alt=\"Bernhardt &#038; Vella\" loading=\"lazy\"><h3>Bernhardt &#038; Vella<\/h3><\/a><\/div><\/div><div class=\"swiper-slide\"><div class=\"box-slide-designer\"><a href=\"https:\/\/arketipo.com\/es\/designer\/bartoli-design\/\"><img decoding=\"async\" src=\"https:\/\/arketipo.com\/wp-content\/uploads\/2025\/07\/BartoliDesign.jpg\" alt=\"Bartoli Design\" loading=\"lazy\"><h3>Bartoli Design<\/h3><\/a><\/div><\/div><div class=\"swiper-slide\"><div class=\"box-slide-designer\"><a href=\"https:\/\/arketipo.com\/es\/designer\/dainelli-studio\/\"><img decoding=\"async\" src=\"https:\/\/arketipo.com\/wp-content\/uploads\/2025\/07\/dainelli-foto.jpg\" alt=\"Dainelli Studio\" loading=\"lazy\"><h3>Dainelli Studio<\/h3><\/a><\/div><\/div><div class=\"swiper-slide\"><div class=\"box-slide-designer\"><a href=\"https:\/\/arketipo.com\/es\/designer\/gino-carollo\/\"><img decoding=\"async\" src=\"https:\/\/arketipo.com\/wp-content\/uploads\/2025\/07\/GINO-CAROLLO_OK-b-n.jpg\" alt=\"Gino Carollo\" loading=\"lazy\"><h3>Gino Carollo<\/h3><\/a><\/div><\/div><div class=\"swiper-slide\"><div class=\"box-slide-designer\"><a href=\"https:\/\/arketipo.com\/es\/designer\/mauro-lipparini\/\"><img decoding=\"async\" src=\"https:\/\/arketipo.com\/wp-content\/uploads\/2025\/07\/Mauro-Lipparini-BN-02-b-n.png\" alt=\"Mauro Lipparini\" loading=\"lazy\"><h3>Mauro Lipparini<\/h3><\/a><\/div><\/div><div class=\"swiper-slide\"><div class=\"box-slide-designer\"><a href=\"https:\/\/arketipo.com\/es\/designer\/nendo-2\/\"><img decoding=\"async\" src=\"https:\/\/arketipo.com\/wp-content\/uploads\/2025\/09\/STUDIO-BIGG-2.jpg\" alt=\"Nendo\" loading=\"lazy\"><h3>Nendo<\/h3><\/a><\/div><\/div><\/div><\/div><\/div><script>\n             jQuery(function($){\n                 $(document).ready(function() {\n                      var swiper = new Swiper(\".SliderDesigner\", {\n                        slidesPerView: 1,\n                        spaceBetween: 0,\n                         centeredSlides: true,\n                        loop: 1,\n                        effect: \"coverflow\",\n                        coverflowEffect: {\n                            rotate: 0,\n                            stretch: 0,\n                            depth: 100,\n                            modifier: 1,\n                            slideShadows: true,\n                        },\n                        breakpoints: {\n                            991: {\n                              slidesPerView: 4,\n                            },\n                        }\n                    });\n                 })\n             });\n        <\/script>\t\t\t\t<\/div>\n\t\t\t\t<\/div>\n\t\t\t\t<\/div>\n\t\t\t\t<\/div>\n\t\t","protected":false},"excerpt":{"rendered":"<p>Maestros de la Atenci\u00f3n Plena Un dise\u00f1o ic\u00f3nico es el resultado de todo menos de la suerte. En el coraz\u00f3n del proceso hay un dise\u00f1ador, un navegante de la moda actual,un explorador del pasado, un esp\u00edritu aventurero que mira hacia el futuro. Implica una capacidad para comprender lo que no podemos ver, una comprensi\u00f3n del [&hellip;]<\/p>\n","protected":false},"author":1,"featured_media":0,"parent":0,"menu_order":0,"comment_status":"closed","ping_status":"closed","template":"elementor_header_footer","meta":{"footnotes":""},"class_list":["post-49814","page","type-page","status-publish","hentry"],"_links":{"self":[{"href":"https:\/\/arketipo.com\/es\/wp-json\/wp\/v2\/pages\/49814","targetHints":{"allow":["GET"]}}],"collection":[{"href":"https:\/\/arketipo.com\/es\/wp-json\/wp\/v2\/pages"}],"about":[{"href":"https:\/\/arketipo.com\/es\/wp-json\/wp\/v2\/types\/page"}],"author":[{"embeddable":true,"href":"https:\/\/arketipo.com\/es\/wp-json\/wp\/v2\/users\/1"}],"replies":[{"embeddable":true,"href":"https:\/\/arketipo.com\/es\/wp-json\/wp\/v2\/comments?post=49814"}],"version-history":[{"count":3,"href":"https:\/\/arketipo.com\/es\/wp-json\/wp\/v2\/pages\/49814\/revisions"}],"predecessor-version":[{"id":49853,"href":"https:\/\/arketipo.com\/es\/wp-json\/wp\/v2\/pages\/49814\/revisions\/49853"}],"wp:attachment":[{"href":"https:\/\/arketipo.com\/es\/wp-json\/wp\/v2\/media?parent=49814"}],"curies":[{"name":"wp","href":"https:\/\/api.w.org\/{rel}","templated":true}]}}