{"id":49860,"date":"2025-07-13T08:55:30","date_gmt":"2025-07-13T06:55:30","guid":{"rendered":"https:\/\/arketipo.com\/moodboard\/"},"modified":"2025-07-29T09:22:37","modified_gmt":"2025-07-29T07:22:37","slug":"moodboard","status":"publish","type":"page","link":"https:\/\/arketipo.com\/es\/moodboard\/","title":{"rendered":"Moodboard"},"content":{"rendered":"\t\t<div data-elementor-type=\"wp-page\" data-elementor-id=\"49860\" class=\"elementor elementor-49860 elementor-4494\" data-elementor-post-type=\"page\">\n\t\t\t\t<div class=\"elementor-element elementor-element-365c936 e-flex e-con-boxed e-con e-parent\" data-id=\"365c936\" data-element_type=\"container\">\n\t\t\t\t\t<div class=\"e-con-inner\">\n\t\t<div class=\"elementor-element elementor-element-0385384 e-con-full e-flex e-con e-child\" data-id=\"0385384\" data-element_type=\"container\">\n\t\t\t\t<div class=\"elementor-element elementor-element-1d1603d elementor-widget elementor-widget-heading\" data-id=\"1d1603d\" data-element_type=\"widget\" data-widget_type=\"heading.default\">\n\t\t\t\t<div class=\"elementor-widget-container\">\n\t\t\t\t\t<h2 class=\"elementor-heading-title elementor-size-default\">ALIMENTAR TUS IDEAS<\/h2>\t\t\t\t<\/div>\n\t\t\t\t<\/div>\n\t\t\t\t<div class=\"elementor-element elementor-element-5beb0ef elementor-widget elementor-widget-text-editor\" data-id=\"5beb0ef\" data-element_type=\"widget\" data-widget_type=\"text-editor.default\">\n\t\t\t\t<div class=\"elementor-widget-container\">\n\t\t\t\t\t\t\t\t\t<p>La creatividad es arte, la imaginaci\u00f3n<br>es pr\u00e1ctica y el dise\u00f1o es libertad.<\/p><p>Se trata de hacer que lo que deseas y<br>lo que imaginas se convierta en lo que puedes crear.<\/p><p>Este es nuestro Moodboard, un regalo de nuestras mentes creativas de<br>para ti.<\/p>\t\t\t\t\t\t\t\t<\/div>\n\t\t\t\t<\/div>\n\t\t\t\t<\/div>\n\t\t<div class=\"elementor-element elementor-element-ba19c11 e-con-full e-flex e-con e-child\" data-id=\"ba19c11\" data-element_type=\"container\">\n\t\t\t\t<div class=\"elementor-element elementor-element-f2a62b1 elementor-widget elementor-widget-image\" data-id=\"f2a62b1\" data-element_type=\"widget\" data-widget_type=\"image.default\">\n\t\t\t\t<div class=\"elementor-widget-container\">\n\t\t\t\t\t\t\t\t\t\t\t\t\t\t\t<img fetchpriority=\"high\" decoding=\"async\" width=\"800\" height=\"501\" src=\"https:\/\/arketipo.com\/wp-content\/uploads\/2025\/07\/Arketipo_moodboard-hero-copia-1024x641.webp\" class=\"attachment-large size-large wp-image-14898\" alt=\"\" srcset=\"https:\/\/arketipo.com\/wp-content\/uploads\/2025\/07\/Arketipo_moodboard-hero-copia-1024x641.webp 1024w, https:\/\/arketipo.com\/wp-content\/uploads\/2025\/07\/Arketipo_moodboard-hero-copia-300x188.webp 300w, https:\/\/arketipo.com\/wp-content\/uploads\/2025\/07\/Arketipo_moodboard-hero-copia-768x480.webp 768w, https:\/\/arketipo.com\/wp-content\/uploads\/2025\/07\/Arketipo_moodboard-hero-copia-1536x961.webp 1536w, https:\/\/arketipo.com\/wp-content\/uploads\/2025\/07\/Arketipo_moodboard-hero-copia-600x375.webp 600w, https:\/\/arketipo.com\/wp-content\/uploads\/2025\/07\/Arketipo_moodboard-hero-copia.webp 1720w\" sizes=\"(max-width: 800px) 100vw, 800px\" \/>\t\t\t\t\t\t\t\t\t\t\t\t\t\t\t<\/div>\n\t\t\t\t<\/div>\n\t\t\t\t<\/div>\n\t\t\t\t\t<\/div>\n\t\t\t\t<\/div>\n\t\t<div class=\"elementor-element elementor-element-4793b3c e-con-full e-flex e-con e-parent\" data-id=\"4793b3c\" data-element_type=\"container\">\n\t\t\t\t<div class=\"elementor-element elementor-element-8daa16b elementor-widget elementor-widget-loop_moodboard_widget\" data-id=\"8daa16b\" data-element_type=\"widget\" data-widget_type=\"loop_moodboard_widget.default\">\n\t\t\t\t<div class=\"elementor-widget-container\">\n\t\t\t\t\t<div class=\"sezione-moodboard-list\"><div class=\"box-loop-moodboard\"><a href=\"https:\/\/arketipo.com\/es\/?moodboard=urban\"><\/a><img loading=\"lazy\" decoding=\"async\" src=\"https:\/\/arketipo.com\/wp-content\/uploads\/2025\/07\/Urban_moodboard-scaled-1.webp\" alt=\"Urban\" loading=\"lazy\" width=\"1920\" height=\"700\"><h3>Urban<\/h3><h5>Descubre m\u00e1s<\/h5><\/div><div class=\"box-loop-moodboard\"><a href=\"https:\/\/arketipo.com\/es\/?moodboard=royal\"><\/a><img loading=\"lazy\" decoding=\"async\" src=\"https:\/\/arketipo.com\/wp-content\/uploads\/2025\/07\/gallery_royal_1-1.jpg\" alt=\"Royal\" loading=\"lazy\" width=\"1920\" height=\"700\"><h3>Royal<\/h3><h5>Descubre m\u00e1s<\/h5><\/div><div class=\"box-loop-moodboard\"><a href=\"https:\/\/arketipo.com\/es\/?moodboard=nimbus\"><\/a><img loading=\"lazy\" decoding=\"async\" src=\"https:\/\/arketipo.com\/wp-content\/uploads\/2025\/07\/moodboard_nimbus_2-scaled-1.jpg\" alt=\"Nimbus\" loading=\"lazy\" width=\"1920\" height=\"700\"><h3>Nimbus<\/h3><h5>Descubre m\u00e1s<\/h5><\/div><div class=\"box-loop-moodboard\"><a href=\"https:\/\/arketipo.com\/es\/?moodboard=lumi\"><\/a><img loading=\"lazy\" decoding=\"async\" src=\"https:\/\/arketipo.com\/wp-content\/uploads\/2025\/07\/Moodboard_lumi-2-scaled-1.jpg\" alt=\"Lumi\" loading=\"lazy\" width=\"1920\" height=\"700\"><h3>Lumi<\/h3><h5>Descubre m\u00e1s<\/h5><\/div><div class=\"box-loop-moodboard\"><a href=\"https:\/\/arketipo.com\/es\/?moodboard=lagos\"><\/a><img loading=\"lazy\" decoding=\"async\" src=\"https:\/\/arketipo.com\/wp-content\/uploads\/2025\/07\/Moodboard_lagos_1-scaled-1.jpg\" alt=\"Lagos\" loading=\"lazy\" width=\"1920\" height=\"700\"><h3>Lagos<\/h3><h5>Descubre m\u00e1s<\/h5><\/div><div class=\"box-loop-moodboard\"><a href=\"https:\/\/arketipo.com\/es\/?moodboard=jazz\"><\/a><img loading=\"lazy\" decoding=\"async\" src=\"https:\/\/arketipo.com\/wp-content\/uploads\/2025\/07\/Moodboard_jazz_1-scaled-1.jpg\" alt=\"Jazz\" loading=\"lazy\" width=\"1920\" height=\"700\"><h3>Jazz<\/h3><h5>Descubre m\u00e1s<\/h5><\/div><div class=\"box-loop-moodboard\"><a href=\"https:\/\/arketipo.com\/es\/?moodboard=ginger\"><\/a><img loading=\"lazy\" decoding=\"async\" src=\"https:\/\/arketipo.com\/wp-content\/uploads\/2025\/07\/Moodboard_ginger_1-scaled-1.jpg\" alt=\"Ginger\" loading=\"lazy\" width=\"1920\" height=\"700\"><h3>Ginger<\/h3><h5>Descubre m\u00e1s<\/h5><\/div><div class=\"box-loop-moodboard\"><a href=\"https:\/\/arketipo.com\/es\/?moodboard=empire\"><\/a><img loading=\"lazy\" decoding=\"async\" src=\"https:\/\/arketipo.com\/wp-content\/uploads\/2025\/07\/Moodboard_empire_1-scaled-1.jpg\" alt=\"Empire\" loading=\"lazy\" width=\"1920\" height=\"700\"><h3>Empire<\/h3><h5>Descubre m\u00e1s<\/h5><\/div><div class=\"box-loop-moodboard\"><a href=\"https:\/\/arketipo.com\/es\/?moodboard=celio\"><\/a><img loading=\"lazy\" decoding=\"async\" src=\"https:\/\/arketipo.com\/wp-content\/uploads\/2025\/07\/Moodboard_celio_1-scaled-1.jpg\" alt=\"Celio\" loading=\"lazy\" width=\"1920\" height=\"700\"><h3>Celio<\/h3><h5>Descubre m\u00e1s<\/h5><\/div><div class=\"box-loop-moodboard\"><a href=\"https:\/\/arketipo.com\/es\/?moodboard=cassia\"><\/a><img loading=\"lazy\" decoding=\"async\" src=\"https:\/\/arketipo.com\/wp-content\/uploads\/2025\/07\/Moodboard_cassia1-scaled-1.jpg\" alt=\"Cassia\" loading=\"lazy\" width=\"1920\" height=\"700\"><h3>Cassia<\/h3><h5>Descubre m\u00e1s<\/h5><\/div><div class=\"box-loop-moodboard\"><a href=\"https:\/\/arketipo.com\/es\/?moodboard=calipso\"><\/a><img loading=\"lazy\" decoding=\"async\" src=\"https:\/\/arketipo.com\/wp-content\/uploads\/2025\/07\/Moodboard_calipso1-scaled-1.jpg\" alt=\"Calipso\" loading=\"lazy\" width=\"1920\" height=\"700\"><h3>Calipso<\/h3><h5>Descubre m\u00e1s<\/h5><\/div><div class=\"box-loop-moodboard\"><a href=\"https:\/\/arketipo.com\/es\/?moodboard=bilbao\"><\/a><img loading=\"lazy\" decoding=\"async\" src=\"https:\/\/arketipo.com\/wp-content\/uploads\/2025\/07\/Moodboard_bilbao2-scaled-1.jpg\" alt=\"Bilbao\" loading=\"lazy\" width=\"1920\" height=\"700\"><h3>Bilbao<\/h3><h5>Descubre m\u00e1s<\/h5><\/div><\/div>\t\t\t\t<\/div>\n\t\t\t\t<\/div>\n\t\t\t\t<\/div>\n\t\t\t\t<\/div>\n\t\t","protected":false},"excerpt":{"rendered":"<p>ALIMENTAR TUS IDEAS La creatividad es arte, la imaginaci\u00f3nes pr\u00e1ctica y el dise\u00f1o es libertad. Se trata de hacer que lo que deseas ylo que imaginas se convierta en lo que puedes crear. Este es nuestro Moodboard, un regalo de nuestras mentes creativas depara ti. Urban Scopri di pi\uccab Royal Scopri di pi\uccab Nimbus Scopri [&hellip;]<\/p>\n","protected":false},"author":1,"featured_media":0,"parent":0,"menu_order":0,"comment_status":"closed","ping_status":"closed","template":"elementor_header_footer","meta":{"footnotes":""},"class_list":["post-49860","page","type-page","status-publish","hentry"],"_links":{"self":[{"href":"https:\/\/arketipo.com\/es\/wp-json\/wp\/v2\/pages\/49860","targetHints":{"allow":["GET"]}}],"collection":[{"href":"https:\/\/arketipo.com\/es\/wp-json\/wp\/v2\/pages"}],"about":[{"href":"https:\/\/arketipo.com\/es\/wp-json\/wp\/v2\/types\/page"}],"author":[{"embeddable":true,"href":"https:\/\/arketipo.com\/es\/wp-json\/wp\/v2\/users\/1"}],"replies":[{"embeddable":true,"href":"https:\/\/arketipo.com\/es\/wp-json\/wp\/v2\/comments?post=49860"}],"version-history":[{"count":2,"href":"https:\/\/arketipo.com\/es\/wp-json\/wp\/v2\/pages\/49860\/revisions"}],"predecessor-version":[{"id":49863,"href":"https:\/\/arketipo.com\/es\/wp-json\/wp\/v2\/pages\/49860\/revisions\/49863"}],"wp:attachment":[{"href":"https:\/\/arketipo.com\/es\/wp-json\/wp\/v2\/media?parent=49860"}],"curies":[{"name":"wp","href":"https:\/\/api.w.org\/{rel}","templated":true}]}}