{"id":57019,"date":"2025-10-16T14:27:30","date_gmt":"2025-10-16T12:27:30","guid":{"rendered":"https:\/\/arketipo.com\/registrazione\/"},"modified":"2025-10-20T17:06:47","modified_gmt":"2025-10-20T15:06:47","slug":"registrazione","status":"publish","type":"page","link":"https:\/\/arketipo.com\/es\/registrazione\/","title":{"rendered":"Inscripci\u00f3n"},"content":{"rendered":"\t\t<div data-elementor-type=\"wp-page\" data-elementor-id=\"57019\" class=\"elementor elementor-57019 elementor-56948\" data-elementor-post-type=\"page\">\n\t\t\t\t<div class=\"elementor-element elementor-element-62944fd e-flex e-con-boxed e-con e-parent\" data-id=\"62944fd\" data-element_type=\"container\">\n\t\t\t\t\t<div class=\"e-con-inner\">\n\t\t\t\t<div class=\"elementor-element elementor-element-0de8e66 elementor-widget elementor-widget-registrazione_element\" data-id=\"0de8e66\" data-element_type=\"widget\" data-widget_type=\"registrazione_element.default\">\n\t\t\t\t<div class=\"elementor-widget-container\">\n\t\t\t\t\t<div class=\"sezione-registrazione\"><h1 style=\"text-align: center\">REGISTRO DE USUARIO<\/h1><form method=\"post\" id=\"registrazione\"><input type=\"hidden\" name=\"action\" value=\"registrazione_utente\"><input type=\"hidden\" id=\"url\" value=\"https:\/\/arketipo.com\/wp-admin\/admin-ajax.php\"><div class=\"box-input\" style=\"margin-bottom: 20px\"><label for=\"professione\">Profesi\u00f3n:*<\/label><select name=\"professione\" id=\"professione\" required>\n                                <option value=\"\">Seleccione una profesi\u00f3n:<\/option>\n                                <option value=\"architetto\">Arquitecto:<\/option>\n                                <option value=\"stampa\">Press<\/option>\n                                <option value=\"cliente\">Cliente:<\/option>\n                            <\/select><\/div><div class=\"grid-registrazione\"><div class=\"box-input\"><label for=\"firstname\">Nombre:*<\/label><input type=\"text\" name=\"firstname\" required><\/div><div class=\"box-input\"><label for=\"surname\">Apellido:*<\/label><input type=\"text\" name=\"surname\" required><\/div><div class=\"box-input\"><label for=\"email\">Email:*<\/label><input type=\"email\" name=\"email\" id=\"email\" required><\/div><div class=\"box-input\"><label for=\"password\">Password:*<\/label><input type=\"password\" name=\"password\" id=\"passwd\" required><\/div><div class=\"box-input\"><label for=\"company\">Empresa:*<\/label><input type=\"text\" name=\"company\" required><\/div><div class=\"box-input\"><label for=\"vat_no\">NIF \/ CIF:<\/label><input type=\"text\" name=\"vat_no\"><\/div><div class=\"box-input\"><label for=\"zip\">C\u00f3digo postal:<\/label><input type=\"text\" name=\"zip\"><\/div><div class=\"box-input\"><label for=\"address\">Direcci\u00f3n:<\/label><input type=\"text\" name=\"address\"><\/div><div class=\"box-input\"><label for=\"city\">Ciudad:<\/label><input type=\"text\" name=\"city\"><\/div><div class=\"box-input\"><label for=\"country\">Country:<\/label><input type=\"text\" name=\"country\"><\/div><\/div><div class=\"box-input-privacy\"><input type=\"checkbox\" name=\"privacy\" required> <span>Consiento el tratamiento de mis datos personales de acuerdo con el Decreto Legislativo n.\u00ba 196 del 30 de junio de 2003 (Nuevo C\u00f3digo de Privacidad) y con el nuevo Reglamento de la UE GDPR 679\/2016 relativo al tratamiento y la protecci\u00f3n de los datos personales. Los datos enviados se utilizar\u00e1n \u00fanicamente durante el tiempo estrictamente necesario para los fines indicados. Para cualquier necesidad, por favor consulte el <a href=\"https:\/\/arketipo.com\/es\/privacy-policy\/\">Privacy Policy<\/a><\/span><\/div><div class=\"box-input\" style=\"margin-top: 20px\"><input class=\"btn-registrati\" type=\"submit\" value=\"Registrarse\"><\/div><div class=\"box-risposte\" style=\"margin-top: 20px\"><p><\/p><\/div><\/div><\/form><\/div>\t\t\t\t<\/div>\n\t\t\t\t<\/div>\n\t\t\t\t\t<\/div>\n\t\t\t\t<\/div>\n\t\t\t\t<\/div>\n\t\t","protected":false},"excerpt":{"rendered":"<p>USER REGISTRATION Profession:Select a professionArchitectPressCustomerName:Email:Company:VAT:ZIP:Surname:Address:City:Nazione:<\/p>\n","protected":false},"author":1,"featured_media":0,"parent":0,"menu_order":0,"comment_status":"closed","ping_status":"closed","template":"elementor_header_footer","meta":{"footnotes":""},"class_list":["post-57019","page","type-page","status-publish","hentry"],"_links":{"self":[{"href":"https:\/\/arketipo.com\/es\/wp-json\/wp\/v2\/pages\/57019","targetHints":{"allow":["GET"]}}],"collection":[{"href":"https:\/\/arketipo.com\/es\/wp-json\/wp\/v2\/pages"}],"about":[{"href":"https:\/\/arketipo.com\/es\/wp-json\/wp\/v2\/types\/page"}],"author":[{"embeddable":true,"href":"https:\/\/arketipo.com\/es\/wp-json\/wp\/v2\/users\/1"}],"replies":[{"embeddable":true,"href":"https:\/\/arketipo.com\/es\/wp-json\/wp\/v2\/comments?post=57019"}],"version-history":[{"count":1,"href":"https:\/\/arketipo.com\/es\/wp-json\/wp\/v2\/pages\/57019\/revisions"}],"predecessor-version":[{"id":57023,"href":"https:\/\/arketipo.com\/es\/wp-json\/wp\/v2\/pages\/57019\/revisions\/57023"}],"wp:attachment":[{"href":"https:\/\/arketipo.com\/es\/wp-json\/wp\/v2\/media?parent=57019"}],"curies":[{"name":"wp","href":"https:\/\/api.w.org\/{rel}","templated":true}]}}